{"id":282,"date":"2020-06-14T22:56:43","date_gmt":"2020-06-14T20:56:43","guid":{"rendered":"https:\/\/test.wezaj.pl\/?page_id=282"},"modified":"2025-02-26T09:06:02","modified_gmt":"2025-02-26T08:06:02","slug":"strona-glowna-pl","status":"publish","type":"page","link":"https:\/\/wezaj.pl\/en\/","title":{"rendered":"Strona g\u0142\u00f3wna EN"},"content":{"rendered":"<div class=\"wpb-content-wrapper\"><p>[vc_row el_class=&#8221;box-razem&#8221;][vc_column width=&#8221;1\/2&#8243;][vc_column_text css=&#8221;.vc_custom_1593688627171{padding-right: 100px !important;}&#8221; el_class=&#8221;box-text&#8221;]<\/p>\n<h1>About us<\/h1>\n<p>We opened WEZAJ Recreation Centre in July 2011. From the very beginning our goal was to make it a truly special place, ideal for a family holiday in the countryside away from the hustle and bustle of every day life. WEZAJ is a complex of comfortable year-round ranch-style houses designed to naturally fit into the surrounding landscape.[\/vc_column_text][\/vc_column][vc_column width=&#8221;1\/2&#8243; css=&#8221;.vc_custom_1591905921702{margin-left: -80px !important;padding-right: 0px !important;padding-left: 0px !important;}&#8221;][vc_column_text el_class=&#8221;box-together img-and-title&#8221;]<img loading=\"lazy\" decoding=\"async\" class=\"alignnone wp-image-58 size-full\" src=\"https:\/\/wezaj.pl\/wp-content\/uploads\/2020\/06\/Wezaj-domki-img.jpg\" alt=\"\" width=\"714\" height=\"535\" \/><\/p>\n<h2>Enjoy a break in the Notecka Forest<\/h2>\n<p>[\/vc_column_text][\/vc_column][\/vc_row][vc_row el_class=&#8221;box-razem&#8221;][vc_column width=&#8221;1\/2&#8243;][vc_column_text css=&#8221;.vc_custom_1592923885675{margin-top: -80px !important;border-top-width: 15px !important;border-right-width: 15px !important;border-bottom-width: 15px !important;border-left-width: 15px !important;border-left-color: #ffffff !important;border-left-style: solid !important;border-right-color: #ffffff !important;border-right-style: solid !important;border-top-color: #ffffff !important;border-top-style: solid !important;border-bottom-color: #ffffff !important;border-bottom-style: solid !important;}&#8221; el_class=&#8221;box-togheter&#8221;]<\/p>\n<p style=\"text-align: center;\"><img loading=\"lazy\" decoding=\"async\" id=\"videocover-img\" class=\"size-full wp-image-59 aligncenter\" src=\"https:\/\/wezaj.pl\/wp-content\/uploads\/2020\/06\/movie-pl.jpg\" alt=\"\" width=\"714\" height=\"535\" \/><\/p>\n<div class=\"movie\" style=\"text-align: center;\">\n<p><video id=\"moviebox\" controls=\"controls\" width=\"714\" height=\"400\"><source src=\"https:\/\/wezaj.pl\/wp-content\/uploads\/2020\/06\/10000000_1659552834198097_563955769506532341_n.mp4\" type=\"video\/mp4\" \/>&nbsp;<\/video><\/p>\n<\/div>\n<p>[\/vc_column_text][\/vc_column][vc_column width=&#8221;1\/2&#8243;][vc_column_text el_class=&#8221;box-text&#8221;]The resort is located on the edge of the Zatom Nowy village in the picturesque valley of the Warta within Sierakowski Landscape Park &#8211; the \u201cLand of 100 Lakes\u201d and mushroom-rich woods, right in the heart of Notecka Forest.<\/p>\n<p>The cabin suites are located in detached buildings and can accommodate up to 60 people in total. Each house has a separate entrance, a large terrace and identical equipment.[\/vc_column_text][\/vc_column][\/vc_row][vc_row][vc_column][vc_column_text]<\/p>\n<h2 class=\"section-title\" style=\"text-align: center;\"><span class=\"section-title-inner\">Accommodation<\/span><\/h2>\n<p>[\/vc_column_text][vc_images_carousel images=&#8221;289,290,291,242,250,287&#8243; slides_per_view=&#8221;3&#8243; hide_pagination_control=&#8221;yes&#8221; wrap=&#8221;yes&#8221; el_id=&#8221;domki-caousel&#8221;][vc_row_inner][vc_column_inner][vc_column_text]<\/p>\n<h2><span class=\"header-page-title\">Equipment<\/span><\/h2>\n<p>[\/vc_column_text][vc_raw_html el_class=&#8221;spec-element&#8221;]JTNDZGl2JTIwY2xhc3MlM0QlMjJyb3ctcGxhY2UlMjIlM0UlMEElM0NoMyUyMGNsYXNzJTNEJTIycGxhY2UtdGl0bGUlMjIlM0Vncm91bmQlMjZuYnNwJTNCZmxvb3IlM0ElM0MlMkZoMyUzRSUwQSUzQ3VsJTIwY2xhc3MlM0QlMjJ3LWljb25zLWxpc3QlMjB3LWljb25zLTElMjIlM0UlMEElM0NsaSUzRSU1Qmljb24tMSU1RCUyMFNwYWNpb3VzJTIwbGl2aW5nJTIwcm9vbSUyMCUzQ2JyJTNFJTIwd2l0aCUyMGZpcmVwbGFjZSUzQyUyRmxpJTNFJTBBJTNDbGklM0UlNUJpY29uLTIlNUQlMjBsYXJnZSUyMGNvbWZvcnRhYmxlJTIwJTNDYnIlM0UlMjBzb2ZhJTIwYmVkJTNDJTJGbGklM0UlMEElM0NsaSUzRSU1Qmljb24tMyU1RCUyMGRpbmluZyUyMHRhYmxlJTIwJTIwJTIwJTNDYnIlM0UlMjB3aXRoJTIwNCUyMGNoYWlycyUzQyUyRmxpJTNFJTBBJTNDbGklM0UlNUJpY29uLTQlNUQlMjByZWZyaWdlcmF0b3IlM0MlMkZsaSUzRSUwQSUzQ2xpJTNFJTVCaWNvbi01JTVEJTIwY29va2VyJTNDJTJGbGklM0UlMEElM0NsaSUzRSU1Qmljb24tNiU1RCUyMG1pY3Jvd2F2ZSUzQyUyRmxpJTNFJTBBJTNDbGklM0UlNUJpY29uLTclNUQlMjBrZXR0bGUlM0MlMkZsaSUzRSUwQSUzQ2xpJTNFJTVCaWNvbi04JTVEJTIwcG90cyUzQyUyRmxpJTNFJTBBJTNDbGklM0UlNUJpY29uLTklNUQlMjBwbGF0ZXMlMjAlM0NiciUzRSUyMGFuZCUyMGN1dGxlcnklM0MlMkZsaSUzRSUwQSUzQ2xpJTNFJTVCaWNvbi0xMCU1RCUyMGJhdGhyb29tJTIwJTNDYnIlM0UlMjB3aXRoJTIwc2hvd2VyJTNDJTJGbGklM0UlMEElM0NsaSUzRSU1Qmljb24tMTElNUQlMjB0b3dlbHMlM0MlMkZsaSUzRSUwQSUzQ2xpJTNFJTVCaWNvbi0xMiU1RCUyMGhhaXIlMjBkcnllciUzQyUyRmxpJTNFJTBBJTNDbGklM0UlNUJpY29uLTEzJTVEJTIwYmFieSUyMGJhdGglMjAlM0NiciUzRSUyMCUyOGF2YWlsYWJsZSUyMG9uJTIwcmVxdWVzdCUyOSUzQyUyRmxpJTNFJTBBJTNDbGklM0UlNUJpY29uLTE0JTVEJTIwTENEJTIwJTNDYnIlM0UlMjBUViUzQyUyRmxpJTNFJTBBJTNDbGklM0UlNUJpY29uLTE1JTVEJTIwbGFyZ2UlMjBtaXJyb3IlM0MlMkZsaSUzRSUwQSUzQ2xpJTNFJTVCaWNvbi0xNiU1RCUyMGlyb24lMjBhbmQlMjAlMjAlMjAlM0NiciUzRSUyMGlyb25pbmclMjBib2FyZCUzQyUyRmxpJTNFJTBBJTNDbGklM0UlNUJpY29uLTE3JTVEJTIwaGlnaCUyMGNoYWlyJTIwJTNDYnIlM0UlMjAlMjhvbiUyMHJlcXVlc3QlMjklM0MlMkZsaSUzRSUwQSUzQyUyRnVsJTNFJTBBJTNDJTJGZGl2JTNF[\/vc_raw_html][vc_raw_html el_class=&#8221;spec-element&#8221;]JTNDZGl2JTIwY2xhc3MlM0QlMjJyb3ctcGxhY2UlMjIlM0UlMEElM0NoMyUyMGNsYXNzJTNEJTIycGxhY2UtdGl0bGUlMjIlM0VmaXJzdCUyNm5ic3AlM0JmbG9vciUzQSUzQyUyRmgzJTNFJTBBJTNDdWwlMjBjbGFzcyUzRCUyMnctaWNvbnMtbGlzdCUyMHctaWNvbnMtMiUyMiUzRSUwQSUzQ2xpJTNFJTVCaWNvbi0xOCU1RCUyMHR3byUyMHNlcGFyYXRlJTIwYmVkcm9vbXMlMjAlM0NiciUzRSUyMCUyOGZvciUyMHVwJTIwdG8lMjA1JTIwcGVvcGxlJTI5JTNDJTJGbGklM0UlMEElM0NsaSUzRSU1Qmljb24tMTklNUQlMjB3YXJkcm9iZSUzQyUyRmxpJTNFJTBBJTNDbGklM0UlNUJpY29uLTIwJTVEJTIwY2FiaW5ldHMlMjAlMjAlM0NiciUzRSUyMGFuZCUyMGxhbXBzJTNDJTJGbGklM0UlMEElM0NsaSUzRSU1Qmljb24tMjElNUQlMjBiYWJ5JTIwY290JTIwJTNDYnIlM0UlMjAlMjhvbiUyMHJlcXVlc3QlMjklMjklM0MlMkZsaSUzRSUwQSUzQ2xpJTNFJTVCaWNvbi0yMiU1RCUyMGJlZGRpbmclMjAlM0MlMkZsaSUzRSUwQSUzQyUyRnVsJTNFJTBBJTNDJTJGZGl2JTNF[\/vc_raw_html][vc_raw_html css=&#8221;&#8221; el_class=&#8221;spec-element&#8221;]JTNDZGl2JTIwY2xhc3MlM0QlMjJyb3ctcGxhY2UlMjIlM0UlMEElM0NoMyUyMGNsYXNzJTNEJTIycGxhY2UtdGl0bGUlMjIlM0VBZGRpdGlvbmFsbHklM0ElM0MlMkZoMyUzRSUwQSUzQ3VsJTIwY2xhc3MlM0QlMjJ3LWljb25zLWxpc3QlMjB3LWljb25zLTMlMjIlM0UlMEElM0NsaSUzRSU1Qmljb24tMjMlNUQlMjBXaXJlbGVzcyUyMEludGVybmV0JTIwYWNjZXNzJTIwJTNDYnIlM0UlMjAlMjhmcmVlJTIwb2YlMjBjaGFyZ2UlMjklM0MlMkZsaSUzRSUwQSUzQ2xpJTNFJTVCaWNvbi0yNCU1RCUyMFNhdGVsbGl0ZSUyMFRWJTNDJTJGbGklM0UlMEElM0NsaSUzRSU1Qmljb24tMjUlNUQlMjBhJTIwdGVycmFjZSUyMCUzQ2JyJTNFJTIwb2YlMjAyNSUyNiUyMzEzMjE3JTNCJTNDJTJGbGklM0UlMEElM0NsaSUzRSU1Qmljb24tMjYlNUQlMjBhJTIwYmFyYmVjdWUlM0MlMkZsaSUzRSUwQSUzQ2xpJTNFJTVCaWNvbi0yNyU1RCUyMGElMjBsYXJnZSUyMHRhYmxlJTNDYnIlM0UlMjBiZW5jaCUyQyUyMDIlMjZuYnNwJTNCY2hhaXJzJTNDJTJGbGklM0UlMEElM0NsaSUzRSU1Qmljb24tMjglNUQlMjB3YXNoaW5nJTIwbWFjaGluZSUzQ2JyJTNFJTIwJTI4aW4lMjB0aGUlMjByZWNlcHRpb24lMjBidWlsZGluZyUyOSUzQyUyRmxpJTNFJTBBJTNDJTJGdWwlM0UlMEElM0MlMkZkaXYlM0U=[\/vc_raw_html][\/vc_column_inner][\/vc_row_inner][\/vc_column][\/vc_row][vc_row el_id=&#8221;row-atrakcje&#8221;][vc_column][vc_row_inner][vc_column_inner width=&#8221;1\/2&#8243;][\/vc_column_inner][vc_column_inner width=&#8221;1\/2&#8243; css=&#8221;.vc_custom_1591919242261{margin-bottom: 15px !important;}&#8221;][vc_column_text css=&#8221;.vc_custom_1592207416301{margin-bottom: 0px !important;}&#8221;]<\/p>\n<h2><span class=\"header-page-title\">Things to do<\/span><\/h2>\n<p>It is impossible to get bored at our centre. The whole family can enjoy numerous activities that we offer. The large open area encourages fun, active recreation or lazy relaxation.<\/p>\n<p>For our guests we offer:[\/vc_column_text][\/vc_column_inner][\/vc_row_inner][vc_tta_tour style=&#8221;modern&#8221; color=&#8221;white&#8221; tab_position=&#8221;right&#8221; autoplay=&#8221;5&#8243; active_section=&#8221;1&#8243; css_animation=&#8221;fadeIn&#8221; el_id=&#8221;box-atrakcje&#8221;][vc_tta_section title=&#8221;Beach volleyball&#8221; tab_id=&#8221;1591916281801-52f0f280-79c5&#8243;][vc_single_image image=&#8221;287&#8243; img_size=&#8221;full&#8221;][\/vc_tta_section][vc_tta_section title=&#8221;Table tennis&#8221; tab_id=&#8221;1591916281831-f6469a68-f6a4&#8243;][vc_single_image image=&#8221;287&#8243; img_size=&#8221;full&#8221;][\/vc_tta_section][vc_tta_section title=&#8221;Outdoor chess&#8221; tab_id=&#8221;1591916647188-20009842-1387&#8243;][vc_single_image image=&#8221;287&#8243; img_size=&#8221;full&#8221;][\/vc_tta_section][vc_tta_section title=&#8221;Two trampolines&#8221; tab_id=&#8221;1591916648214-5df728bd-7875&#8243;][vc_single_image image=&#8221;287&#8243; img_size=&#8221;full&#8221;][\/vc_tta_section][vc_tta_section title=&#8221;Tyrolean-style slide&#8221; tab_id=&#8221;1591916648802-2e2bd678-282f&#8221;][vc_single_image image=&#8221;287&#8243; img_size=&#8221;full&#8221;][\/vc_tta_section][vc_tta_section title=&#8221;&#8220;The Enchanted Garden&#8220; &#8211; a large playground for children&#8221; tab_id=&#8221;1591916649396-38c7959b-fe7f&#8221;][vc_single_image image=&#8221;287&#8243; img_size=&#8221;full&#8221;][\/vc_tta_section][vc_tta_section title=&#8221;&#8220;Little Explorer&#8220; &#8211; an outdoor game with prizes (seasonal)&#8221; tab_id=&#8221;1591916707821-bee37758-5dd1&#8243;][vc_single_image image=&#8221;287&#8243; img_size=&#8221;full&#8221;][\/vc_tta_section][vc_tta_section title=&#8221;Badminton rackets&#8221; tab_id=&#8221;1591916708454-e79b80b8-80b7&#8243;][vc_single_image image=&#8221;287&#8243; img_size=&#8221;full&#8221;][\/vc_tta_section][vc_tta_section title=&#8221;Boule&#8221; tab_id=&#8221;1591916709064-2dfb7cb1-dc83&#8243;][vc_single_image image=&#8221;287&#8243; img_size=&#8221;full&#8221;][\/vc_tta_section][vc_tta_section title=&#8221;Cosy place for a bonfire&#8221; tab_id=&#8221;1591917084055-80b912a6-e792&#8243;][vc_single_image image=&#8221;287&#8243; img_size=&#8221;full&#8221;][\/vc_tta_section][vc_tta_section title=&#8221;Barlin lake beach a 15-minute-walk away from the resort&#8221; tab_id=&#8221;1591917090464-70c73322-3430&#8243;][vc_single_image image=&#8221;287&#8243; img_size=&#8221;full&#8221;][\/vc_tta_section][vc_tta_section title=&#8221;Bicycle rental and wooden strollers&#8221; tab_id=&#8221;1591917120897-172c5f1d-85ce&#8221;][vc_single_image image=&#8221;287&#8243; img_size=&#8221;full&#8221;][\/vc_tta_section][\/vc_tta_tour][\/vc_column][\/vc_row][vc_row full_width=&#8221;stretch_row&#8221; css=&#8221;.vc_custom_1591920150741{padding-top: 35vh !important;padding-bottom: 35vh !important;background-image: url(https:\/\/wezaj.pl\/wp-content\/uploads\/2020\/06\/malownicza-kraina-bg-1.jpg?id=85) !important;background-position: center !important;background-repeat: no-repeat !important;background-size: cover !important;}&#8221;][vc_column][vc_column_text el_class=&#8221;spec-heading&#8221;]<\/p>\n<h2>the picturesque<br \/>\n\u201cLand of 100 Lakes\u201d<\/h2>\n<p>[\/vc_column_text][\/vc_column][\/vc_row]<\/p>\n<\/div>","protected":false},"excerpt":{"rendered":"<p>[vc_row el_class=&#8221;box-razem&#8221;][vc_column width=&#8221;1\/2&#8243;][vc_column_text css=&#8221;.vc_custom_1593688627171{padding-right: 100px !important;}&#8221; el_class=&#8221;box-text&#8221;] About us We opened WEZAJ Recreation Centre in July 2011. From the very beginning our goal was to make it a truly special place, ideal for a family holiday in the countryside away from the hustle and bustle of every day life. WEZAJ is a complex of comfortable [&hellip;]<\/p>\n","protected":false},"author":1,"featured_media":0,"parent":0,"menu_order":1,"comment_status":"closed","ping_status":"closed","template":"page-home.php","meta":{"_acf_changed":false,"footnotes":""},"class_list":["post-282","page","type-page","status-publish","hentry"],"acf":[],"yoast_head":"<!-- This site is optimized with the Yoast SEO plugin v27.3 - https:\/\/yoast.com\/product\/yoast-seo-wordpress\/ -->\n<title>Strona g\u0142\u00f3wna EN - O\u015brodek Wypoczynkowy WEZAJ<\/title>\n<meta name=\"robots\" content=\"index, follow, max-snippet:-1, max-image-preview:large, max-video-preview:-1\" \/>\n<link rel=\"canonical\" href=\"https:\/\/wezaj.pl\/en\/\" \/>\n<meta property=\"og:locale\" content=\"en_US\" \/>\n<meta property=\"og:type\" content=\"article\" \/>\n<meta property=\"og:title\" content=\"Strona g\u0142\u00f3wna EN - O\u015brodek Wypoczynkowy WEZAJ\" \/>\n<meta property=\"og:description\" content=\"[vc_row el_class=&#8221;box-razem&#8221;][vc_column width=&#8221;1\/2&#8243;][vc_column_text css=&#8221;.vc_custom_1593688627171{padding-right: 100px !important;}&#8221; el_class=&#8221;box-text&#8221;] About us We opened WEZAJ Recreation Centre in July 2011. From the very beginning our goal was to make it a truly special place, ideal for a family holiday in the countryside away from the hustle and bustle of every day life. WEZAJ is a complex of comfortable [&hellip;]\" \/>\n<meta property=\"og:url\" content=\"https:\/\/wezaj.pl\/en\/\" \/>\n<meta property=\"og:site_name\" content=\"O\u015brodek Wypoczynkowy WEZAJ\" \/>\n<meta property=\"article:modified_time\" content=\"2025-02-26T08:06:02+00:00\" \/>\n<meta property=\"og:image\" content=\"https:\/\/wezaj.pl\/wp-content\/uploads\/2020\/06\/Wezaj-domki-img.jpg\" \/>\n\t<meta property=\"og:image:width\" content=\"714\" \/>\n\t<meta property=\"og:image:height\" content=\"535\" \/>\n\t<meta property=\"og:image:type\" content=\"image\/jpeg\" \/>\n<meta name=\"twitter:card\" content=\"summary_large_image\" \/>\n<meta name=\"twitter:label1\" content=\"Est. reading time\" \/>\n\t<meta name=\"twitter:data1\" content=\"3 minutes\" \/>\n<script type=\"application\/ld+json\" class=\"yoast-schema-graph\">{\"@context\":\"https:\\\/\\\/schema.org\",\"@graph\":[{\"@type\":\"WebPage\",\"@id\":\"https:\\\/\\\/wezaj.pl\\\/en\\\/\",\"url\":\"https:\\\/\\\/wezaj.pl\\\/en\\\/\",\"name\":\"Strona g\u0142\u00f3wna EN - O\u015brodek Wypoczynkowy WEZAJ\",\"isPartOf\":{\"@id\":\"https:\\\/\\\/wezaj.pl\\\/#website\"},\"primaryImageOfPage\":{\"@id\":\"https:\\\/\\\/wezaj.pl\\\/en\\\/#primaryimage\"},\"image\":{\"@id\":\"https:\\\/\\\/wezaj.pl\\\/en\\\/#primaryimage\"},\"thumbnailUrl\":\"https:\\\/\\\/wezaj.pl\\\/wp-content\\\/uploads\\\/2020\\\/06\\\/Wezaj-domki-img.jpg\",\"datePublished\":\"2020-06-14T20:56:43+00:00\",\"dateModified\":\"2025-02-26T08:06:02+00:00\",\"breadcrumb\":{\"@id\":\"https:\\\/\\\/wezaj.pl\\\/en\\\/#breadcrumb\"},\"inLanguage\":\"en-US\",\"potentialAction\":[{\"@type\":\"ReadAction\",\"target\":[\"https:\\\/\\\/wezaj.pl\\\/en\\\/\"]}]},{\"@type\":\"ImageObject\",\"inLanguage\":\"en-US\",\"@id\":\"https:\\\/\\\/wezaj.pl\\\/en\\\/#primaryimage\",\"url\":\"https:\\\/\\\/wezaj.pl\\\/wp-content\\\/uploads\\\/2020\\\/06\\\/Wezaj-domki-img.jpg\",\"contentUrl\":\"https:\\\/\\\/wezaj.pl\\\/wp-content\\\/uploads\\\/2020\\\/06\\\/Wezaj-domki-img.jpg\"},{\"@type\":\"BreadcrumbList\",\"@id\":\"https:\\\/\\\/wezaj.pl\\\/en\\\/#breadcrumb\",\"itemListElement\":[{\"@type\":\"ListItem\",\"position\":1,\"name\":\"Strona g\u0142\u00f3wna\",\"item\":\"https:\\\/\\\/wezaj.pl\\\/en\\\/\"},{\"@type\":\"ListItem\",\"position\":2,\"name\":\"Strona g\u0142\u00f3wna EN\"}]},{\"@type\":\"WebSite\",\"@id\":\"https:\\\/\\\/wezaj.pl\\\/#website\",\"url\":\"https:\\\/\\\/wezaj.pl\\\/\",\"name\":\"O\u015brodek Wypoczynkowy WEZAJ\",\"description\":\"\",\"potentialAction\":[{\"@type\":\"SearchAction\",\"target\":{\"@type\":\"EntryPoint\",\"urlTemplate\":\"https:\\\/\\\/wezaj.pl\\\/?s={search_term_string}\"},\"query-input\":{\"@type\":\"PropertyValueSpecification\",\"valueRequired\":true,\"valueName\":\"search_term_string\"}}],\"inLanguage\":\"en-US\"}]}<\/script>\n<!-- \/ Yoast SEO plugin. -->","yoast_head_json":{"title":"Strona g\u0142\u00f3wna EN - O\u015brodek Wypoczynkowy WEZAJ","robots":{"index":"index","follow":"follow","max-snippet":"max-snippet:-1","max-image-preview":"max-image-preview:large","max-video-preview":"max-video-preview:-1"},"canonical":"https:\/\/wezaj.pl\/en\/","og_locale":"en_US","og_type":"article","og_title":"Strona g\u0142\u00f3wna EN - O\u015brodek Wypoczynkowy WEZAJ","og_description":"[vc_row el_class=&#8221;box-razem&#8221;][vc_column width=&#8221;1\/2&#8243;][vc_column_text css=&#8221;.vc_custom_1593688627171{padding-right: 100px !important;}&#8221; el_class=&#8221;box-text&#8221;] About us We opened WEZAJ Recreation Centre in July 2011. From the very beginning our goal was to make it a truly special place, ideal for a family holiday in the countryside away from the hustle and bustle of every day life. WEZAJ is a complex of comfortable [&hellip;]","og_url":"https:\/\/wezaj.pl\/en\/","og_site_name":"O\u015brodek Wypoczynkowy WEZAJ","article_modified_time":"2025-02-26T08:06:02+00:00","og_image":[{"width":714,"height":535,"url":"https:\/\/wezaj.pl\/wp-content\/uploads\/2020\/06\/Wezaj-domki-img.jpg","type":"image\/jpeg"}],"twitter_card":"summary_large_image","twitter_misc":{"Est. reading time":"3 minutes"},"schema":{"@context":"https:\/\/schema.org","@graph":[{"@type":"WebPage","@id":"https:\/\/wezaj.pl\/en\/","url":"https:\/\/wezaj.pl\/en\/","name":"Strona g\u0142\u00f3wna EN - O\u015brodek Wypoczynkowy WEZAJ","isPartOf":{"@id":"https:\/\/wezaj.pl\/#website"},"primaryImageOfPage":{"@id":"https:\/\/wezaj.pl\/en\/#primaryimage"},"image":{"@id":"https:\/\/wezaj.pl\/en\/#primaryimage"},"thumbnailUrl":"https:\/\/wezaj.pl\/wp-content\/uploads\/2020\/06\/Wezaj-domki-img.jpg","datePublished":"2020-06-14T20:56:43+00:00","dateModified":"2025-02-26T08:06:02+00:00","breadcrumb":{"@id":"https:\/\/wezaj.pl\/en\/#breadcrumb"},"inLanguage":"en-US","potentialAction":[{"@type":"ReadAction","target":["https:\/\/wezaj.pl\/en\/"]}]},{"@type":"ImageObject","inLanguage":"en-US","@id":"https:\/\/wezaj.pl\/en\/#primaryimage","url":"https:\/\/wezaj.pl\/wp-content\/uploads\/2020\/06\/Wezaj-domki-img.jpg","contentUrl":"https:\/\/wezaj.pl\/wp-content\/uploads\/2020\/06\/Wezaj-domki-img.jpg"},{"@type":"BreadcrumbList","@id":"https:\/\/wezaj.pl\/en\/#breadcrumb","itemListElement":[{"@type":"ListItem","position":1,"name":"Strona g\u0142\u00f3wna","item":"https:\/\/wezaj.pl\/en\/"},{"@type":"ListItem","position":2,"name":"Strona g\u0142\u00f3wna EN"}]},{"@type":"WebSite","@id":"https:\/\/wezaj.pl\/#website","url":"https:\/\/wezaj.pl\/","name":"O\u015brodek Wypoczynkowy WEZAJ","description":"","potentialAction":[{"@type":"SearchAction","target":{"@type":"EntryPoint","urlTemplate":"https:\/\/wezaj.pl\/?s={search_term_string}"},"query-input":{"@type":"PropertyValueSpecification","valueRequired":true,"valueName":"search_term_string"}}],"inLanguage":"en-US"}]}},"_links":{"self":[{"href":"https:\/\/wezaj.pl\/en\/wp-json\/wp\/v2\/pages\/282","targetHints":{"allow":["GET"]}}],"collection":[{"href":"https:\/\/wezaj.pl\/en\/wp-json\/wp\/v2\/pages"}],"about":[{"href":"https:\/\/wezaj.pl\/en\/wp-json\/wp\/v2\/types\/page"}],"author":[{"embeddable":true,"href":"https:\/\/wezaj.pl\/en\/wp-json\/wp\/v2\/users\/1"}],"replies":[{"embeddable":true,"href":"https:\/\/wezaj.pl\/en\/wp-json\/wp\/v2\/comments?post=282"}],"version-history":[{"count":1,"href":"https:\/\/wezaj.pl\/en\/wp-json\/wp\/v2\/pages\/282\/revisions"}],"predecessor-version":[{"id":1570,"href":"https:\/\/wezaj.pl\/en\/wp-json\/wp\/v2\/pages\/282\/revisions\/1570"}],"wp:attachment":[{"href":"https:\/\/wezaj.pl\/en\/wp-json\/wp\/v2\/media?parent=282"}],"curies":[{"name":"wp","href":"https:\/\/api.w.org\/{rel}","templated":true}]}}