{"id":251,"date":"2020-06-14T22:16:41","date_gmt":"2020-06-14T20:16:41","guid":{"rendered":"https:\/\/test.wezaj.pl\/?page_id=251"},"modified":"2025-02-26T09:04:55","modified_gmt":"2025-02-26T08:04:55","slug":"contact","status":"publish","type":"page","link":"https:\/\/wezaj.pl\/en\/contact\/","title":{"rendered":"Contact"},"content":{"rendered":"<div class=\"wpb-content-wrapper\"><p>[vc_row equal_height=&#8221;yes&#8221; css=&#8221;.vc_custom_1592161399979{background-color: #e3e3e3 !important;}&#8221;][vc_column width=&#8221;1\/2&#8243; css=&#8221;.vc_custom_1592161767550{padding-top: 0px !important;padding-right: 0px !important;padding-left: 0px !important;}&#8221;][vc_single_image image=&#8221;209&#8243; img_size=&#8221;full&#8221; css=&#8221;.vc_custom_1592161816158{margin-bottom: 0px !important;}&#8221;][\/vc_column][vc_column width=&#8221;1\/2&#8243; css=&#8221;.vc_custom_1592404731864{padding-right: 5% !important;padding-left: 5% !important;}&#8221;][vc_column_text css=&#8221;.vc_custom_1740557092290{padding-right: 5% !important;padding-left: 5% !important;}&#8221; el_class=&#8221;kontakt-line&#8221;]<\/p>\n<h2 style=\"text-align: center;\"><span class=\"header-page-title\">WEZAJ Recreation Center<\/span><\/h2>\n<span class='linia linia-80'><\/span>\n<p>Zatom Nowy 18B k\/ Sierakowa<br \/>\n64-400 Mi\u0119dzych\u00f3d, woj. wielkopolskie<\/p>\n<p>Phone no: +48 95 748 99 66<br \/>\nMobile:\u00a0 +48 695 694 040<br \/>\n<a href=\"mailto:rezerwacja@wezaj.pl\">rezerwacja@wezaj.pl<\/a><\/p>\n<p><strong>Account number:<\/strong><br \/>\nPL 63 1090 1388 0000 0001 6079 6858[\/vc_column_text][\/vc_column][\/vc_row][vc_row][vc_column][vc_column_text]<\/p>\n<div class=\"cnt\">\n<div class=\"mlr_36\">Due to different operating hours of river ferry which connects Zatom Nowy and Zatom Stary we recommend to take a 198 road via Sierak\u00f3w or Mi\u0119dzych\u00f3d.<\/div>\n<\/div>\n<p>[\/vc_column_text][\/vc_column][\/vc_row]<\/p>\n<\/div>","protected":false},"excerpt":{"rendered":"<p>[vc_row equal_height=&#8221;yes&#8221; css=&#8221;.vc_custom_1592161399979{background-color: #e3e3e3 !important;}&#8221;][vc_column width=&#8221;1\/2&#8243; css=&#8221;.vc_custom_1592161767550{padding-top: 0px !important;padding-right: 0px !important;padding-left: 0px !important;}&#8221;][vc_single_image image=&#8221;209&#8243; img_size=&#8221;full&#8221; css=&#8221;.vc_custom_1592161816158{margin-bottom: 0px !important;}&#8221;][\/vc_column][vc_column width=&#8221;1\/2&#8243; css=&#8221;.vc_custom_1592404731864{padding-right: 5% !important;padding-left: 5% !important;}&#8221;][vc_column_text css=&#8221;.vc_custom_1740557092290{padding-right: 5% !important;padding-left: 5% !important;}&#8221; el_class=&#8221;kontakt-line&#8221;] WEZAJ Recreation Center Zatom Nowy 18B k\/ Sierakowa 64-400 Mi\u0119dzych\u00f3d, woj. wielkopolskie Phone no: +48 95 748 99 66 Mobile:\u00a0 +48 695 694 040 rezerwacja@wezaj.pl [&hellip;]<\/p>\n","protected":false},"author":1,"featured_media":0,"parent":0,"menu_order":57,"comment_status":"closed","ping_status":"closed","template":"","meta":{"_acf_changed":false,"footnotes":""},"class_list":["post-251","page","type-page","status-publish","hentry"],"acf":[],"yoast_head":"<!-- This site is optimized with the Yoast SEO plugin v27.4 - https:\/\/yoast.com\/product\/yoast-seo-wordpress\/ -->\n<title>Contact - O\u015brodek Wypoczynkowy WEZAJ<\/title>\n<meta name=\"robots\" content=\"index, follow, max-snippet:-1, max-image-preview:large, max-video-preview:-1\" \/>\n<link rel=\"canonical\" href=\"https:\/\/wezaj.pl\/en\/contact\/\" \/>\n<meta property=\"og:locale\" content=\"en_US\" \/>\n<meta property=\"og:type\" content=\"article\" \/>\n<meta property=\"og:title\" content=\"Contact - O\u015brodek Wypoczynkowy WEZAJ\" \/>\n<meta property=\"og:description\" content=\"[vc_row equal_height=&#8221;yes&#8221; css=&#8221;.vc_custom_1592161399979{background-color: #e3e3e3 !important;}&#8221;][vc_column width=&#8221;1\/2&#8243; css=&#8221;.vc_custom_1592161767550{padding-top: 0px !important;padding-right: 0px !important;padding-left: 0px !important;}&#8221;][vc_single_image image=&#8221;209&#8243; img_size=&#8221;full&#8221; css=&#8221;.vc_custom_1592161816158{margin-bottom: 0px !important;}&#8221;][\/vc_column][vc_column width=&#8221;1\/2&#8243; css=&#8221;.vc_custom_1592404731864{padding-right: 5% !important;padding-left: 5% !important;}&#8221;][vc_column_text css=&#8221;.vc_custom_1740557092290{padding-right: 5% !important;padding-left: 5% !important;}&#8221; el_class=&#8221;kontakt-line&#8221;] WEZAJ Recreation Center Zatom Nowy 18B k\/ Sierakowa 64-400 Mi\u0119dzych\u00f3d, woj. wielkopolskie Phone no: +48 95 748 99 66 Mobile:\u00a0 +48 695 694 040 rezerwacja@wezaj.pl [&hellip;]\" \/>\n<meta property=\"og:url\" content=\"https:\/\/wezaj.pl\/en\/contact\/\" \/>\n<meta property=\"og:site_name\" content=\"O\u015brodek Wypoczynkowy WEZAJ\" \/>\n<meta property=\"article:modified_time\" content=\"2025-02-26T08:04:55+00:00\" \/>\n<meta name=\"twitter:card\" content=\"summary_large_image\" \/>\n<meta name=\"twitter:label1\" content=\"Est. reading time\" \/>\n\t<meta name=\"twitter:data1\" content=\"1 minute\" \/>\n<script type=\"application\/ld+json\" class=\"yoast-schema-graph\">{\"@context\":\"https:\\\/\\\/schema.org\",\"@graph\":[{\"@type\":\"WebPage\",\"@id\":\"https:\\\/\\\/wezaj.pl\\\/en\\\/contact\\\/\",\"url\":\"https:\\\/\\\/wezaj.pl\\\/en\\\/contact\\\/\",\"name\":\"Contact - O\u015brodek Wypoczynkowy WEZAJ\",\"isPartOf\":{\"@id\":\"https:\\\/\\\/wezaj.pl\\\/#website\"},\"datePublished\":\"2020-06-14T20:16:41+00:00\",\"dateModified\":\"2025-02-26T08:04:55+00:00\",\"breadcrumb\":{\"@id\":\"https:\\\/\\\/wezaj.pl\\\/en\\\/contact\\\/#breadcrumb\"},\"inLanguage\":\"en-US\",\"potentialAction\":[{\"@type\":\"ReadAction\",\"target\":[\"https:\\\/\\\/wezaj.pl\\\/en\\\/contact\\\/\"]}]},{\"@type\":\"BreadcrumbList\",\"@id\":\"https:\\\/\\\/wezaj.pl\\\/en\\\/contact\\\/#breadcrumb\",\"itemListElement\":[{\"@type\":\"ListItem\",\"position\":1,\"name\":\"Strona g\u0142\u00f3wna\",\"item\":\"https:\\\/\\\/wezaj.pl\\\/en\\\/\"},{\"@type\":\"ListItem\",\"position\":2,\"name\":\"Contact\"}]},{\"@type\":\"WebSite\",\"@id\":\"https:\\\/\\\/wezaj.pl\\\/#website\",\"url\":\"https:\\\/\\\/wezaj.pl\\\/\",\"name\":\"O\u015brodek Wypoczynkowy WEZAJ\",\"description\":\"\",\"potentialAction\":[{\"@type\":\"SearchAction\",\"target\":{\"@type\":\"EntryPoint\",\"urlTemplate\":\"https:\\\/\\\/wezaj.pl\\\/?s={search_term_string}\"},\"query-input\":{\"@type\":\"PropertyValueSpecification\",\"valueRequired\":true,\"valueName\":\"search_term_string\"}}],\"inLanguage\":\"en-US\"}]}<\/script>\n<!-- \/ Yoast SEO plugin. -->","yoast_head_json":{"title":"Contact - O\u015brodek Wypoczynkowy WEZAJ","robots":{"index":"index","follow":"follow","max-snippet":"max-snippet:-1","max-image-preview":"max-image-preview:large","max-video-preview":"max-video-preview:-1"},"canonical":"https:\/\/wezaj.pl\/en\/contact\/","og_locale":"en_US","og_type":"article","og_title":"Contact - O\u015brodek Wypoczynkowy WEZAJ","og_description":"[vc_row equal_height=&#8221;yes&#8221; css=&#8221;.vc_custom_1592161399979{background-color: #e3e3e3 !important;}&#8221;][vc_column width=&#8221;1\/2&#8243; css=&#8221;.vc_custom_1592161767550{padding-top: 0px !important;padding-right: 0px !important;padding-left: 0px !important;}&#8221;][vc_single_image image=&#8221;209&#8243; img_size=&#8221;full&#8221; css=&#8221;.vc_custom_1592161816158{margin-bottom: 0px !important;}&#8221;][\/vc_column][vc_column width=&#8221;1\/2&#8243; css=&#8221;.vc_custom_1592404731864{padding-right: 5% !important;padding-left: 5% !important;}&#8221;][vc_column_text css=&#8221;.vc_custom_1740557092290{padding-right: 5% !important;padding-left: 5% !important;}&#8221; el_class=&#8221;kontakt-line&#8221;] WEZAJ Recreation Center Zatom Nowy 18B k\/ Sierakowa 64-400 Mi\u0119dzych\u00f3d, woj. wielkopolskie Phone no: +48 95 748 99 66 Mobile:\u00a0 +48 695 694 040 rezerwacja@wezaj.pl [&hellip;]","og_url":"https:\/\/wezaj.pl\/en\/contact\/","og_site_name":"O\u015brodek Wypoczynkowy WEZAJ","article_modified_time":"2025-02-26T08:04:55+00:00","twitter_card":"summary_large_image","twitter_misc":{"Est. reading time":"1 minute"},"schema":{"@context":"https:\/\/schema.org","@graph":[{"@type":"WebPage","@id":"https:\/\/wezaj.pl\/en\/contact\/","url":"https:\/\/wezaj.pl\/en\/contact\/","name":"Contact - O\u015brodek Wypoczynkowy WEZAJ","isPartOf":{"@id":"https:\/\/wezaj.pl\/#website"},"datePublished":"2020-06-14T20:16:41+00:00","dateModified":"2025-02-26T08:04:55+00:00","breadcrumb":{"@id":"https:\/\/wezaj.pl\/en\/contact\/#breadcrumb"},"inLanguage":"en-US","potentialAction":[{"@type":"ReadAction","target":["https:\/\/wezaj.pl\/en\/contact\/"]}]},{"@type":"BreadcrumbList","@id":"https:\/\/wezaj.pl\/en\/contact\/#breadcrumb","itemListElement":[{"@type":"ListItem","position":1,"name":"Strona g\u0142\u00f3wna","item":"https:\/\/wezaj.pl\/en\/"},{"@type":"ListItem","position":2,"name":"Contact"}]},{"@type":"WebSite","@id":"https:\/\/wezaj.pl\/#website","url":"https:\/\/wezaj.pl\/","name":"O\u015brodek Wypoczynkowy WEZAJ","description":"","potentialAction":[{"@type":"SearchAction","target":{"@type":"EntryPoint","urlTemplate":"https:\/\/wezaj.pl\/?s={search_term_string}"},"query-input":{"@type":"PropertyValueSpecification","valueRequired":true,"valueName":"search_term_string"}}],"inLanguage":"en-US"}]}},"_links":{"self":[{"href":"https:\/\/wezaj.pl\/en\/wp-json\/wp\/v2\/pages\/251","targetHints":{"allow":["GET"]}}],"collection":[{"href":"https:\/\/wezaj.pl\/en\/wp-json\/wp\/v2\/pages"}],"about":[{"href":"https:\/\/wezaj.pl\/en\/wp-json\/wp\/v2\/types\/page"}],"author":[{"embeddable":true,"href":"https:\/\/wezaj.pl\/en\/wp-json\/wp\/v2\/users\/1"}],"replies":[{"embeddable":true,"href":"https:\/\/wezaj.pl\/en\/wp-json\/wp\/v2\/comments?post=251"}],"version-history":[{"count":1,"href":"https:\/\/wezaj.pl\/en\/wp-json\/wp\/v2\/pages\/251\/revisions"}],"predecessor-version":[{"id":1568,"href":"https:\/\/wezaj.pl\/en\/wp-json\/wp\/v2\/pages\/251\/revisions\/1568"}],"wp:attachment":[{"href":"https:\/\/wezaj.pl\/en\/wp-json\/wp\/v2\/media?parent=251"}],"curies":[{"name":"wp","href":"https:\/\/api.w.org\/{rel}","templated":true}]}}