{"id":466,"date":"2020-06-16T21:49:12","date_gmt":"2020-06-16T19:49:12","guid":{"rendered":"https:\/\/test.wezaj.pl\/?page_id=466"},"modified":"2020-06-16T21:56:14","modified_gmt":"2020-06-16T19:56:14","slug":"die-ferienanlage","status":"publish","type":"page","link":"https:\/\/wezaj.pl\/de\/die-ferienanlage\/","title":{"rendered":"Die Ferienanlage"},"content":{"rendered":"<div class=\"wpb-content-wrapper\"><p>[vc_row][vc_column width=&#8220;1\/6&#8243;][\/vc_column][vc_column width=&#8220;2\/3&#8243;][vc_column_text]<\/p>\n<h2 style=\"text-align: center;\"><span class=\"header-page-title\">Bei uns werden Sie sich nie langeweilen.<br \/>\nDie ganzen Familien k\u00f6nnen aus vielen Attraktionen nutzen, die wir f\u00fcr Sie vorbereiteten. Das gro\u00dfe Anlagegebiet ermuntert zum Spielen, aktiven Urlaub oder zur faulen Erholung.<\/span><\/h2>\n<p>[\/vc_column_text][\/vc_column][vc_column width=&#8220;1\/6&#8243;][\/vc_column][\/vc_row][vc_row el_id=&#8220;row-atrakcje&#8220;][vc_column][vc_row_inner][vc_column_inner width=&#8220;1\/2&#8243;][\/vc_column_inner][vc_column_inner width=&#8220;1\/2&#8243; css=&#8220;.vc_custom_1591919242261{margin-bottom: 15px !important;}&#8220;][vc_column_text css=&#8220;.vc_custom_1592335488928{margin-bottom: 0px !important;}&#8220;]<\/p>\n<h2><span class=\"header-page-title\">Attraktionen<\/span><\/h2>\n<p>Bei uns werden Sie sich nie langeweilen. Die ganzen Familien k\u00f6nnen aus vielen Attraktionen nutzen, die wir f\u00fcr Sie vorbereiteten. Das gro\u00dfe Anlagegebiet ermuntert zum Spielen, aktiven Urlaub oder zur faulen Erholung.<\/p>\n<p><b>Zur Verf\u00fcgung unserer G\u00e4sten lassen wir:<\/b>[\/vc_column_text][\/vc_column_inner][\/vc_row_inner][vc_tta_tour style=&#8220;modern&#8220; color=&#8220;white&#8220; tab_position=&#8220;right&#8220; autoplay=&#8220;5&#8243; active_section=&#8220;1&#8243; css_animation=&#8220;fadeIn&#8220; el_id=&#8220;box-atrakcje&#8220;][vc_tta_section title=&#8220;Volleyballfeld&#8220; tab_id=&#8220;1591916281801-52f0f280-79c5f089-1e5b&#8220;][vc_single_image image=&#8220;187&#8243; img_size=&#8220;full&#8220;][\/vc_tta_section][vc_tta_section title=&#8220;Tischtennis&#8220; tab_id=&#8220;1591916281831-f6469a68-f6a4f089-1e5b&#8220;][vc_single_image image=&#8220;187&#8243; img_size=&#8220;full&#8220;][\/vc_tta_section][vc_tta_section title=&#8220;Freilichtschach&#8220; tab_id=&#8220;1591916647188-20009842-1387f089-1e5b&#8220;][vc_single_image image=&#8220;187&#8243; img_size=&#8220;full&#8220;][\/vc_tta_section][vc_tta_section title=&#8220;zwei Trampoline&#8220; tab_id=&#8220;1591916648214-5df728bd-7875f089-1e5b&#8220;][vc_single_image image=&#8220;187&#8243; img_size=&#8220;full&#8220;][\/vc_tta_section][vc_tta_section title=&#8220;Rutsche, die der Tirolseilbahn \u00e4hnlich ist&#8220; tab_id=&#8220;1591916648802-2e2bd678-282ff089-1e5b&#8220;][vc_single_image image=&#8220;187&#8243; img_size=&#8220;full&#8220;][\/vc_tta_section][vc_tta_section title=&#8220;\u201eVerzauberter Garten\u201d \u2013 ein gro\u00dfer Spielplatz f\u00fcr die Kinder&#8220; tab_id=&#8220;1591916649396-38c7959b-fe7ff089-1e5b&#8220;][vc_single_image image=&#8220;187&#8243; img_size=&#8220;full&#8220;][\/vc_tta_section][vc_tta_section title=&#8220;Freilichtspiel \u201eKleiner Endecker\u201d mit Preis (nur in der Saison)&#8220; tab_id=&#8220;1591916707821-bee37758-5dd1f089-1e5b&#8220;][vc_single_image image=&#8220;187&#8243; img_size=&#8220;full&#8220;][\/vc_tta_section][vc_tta_section title=&#8220;Federballschl\u00e4ger&#8220; tab_id=&#8220;1591916708454-e79b80b8-80b7f089-1e5b&#8220;][vc_single_image image=&#8220;187&#8243; img_size=&#8220;full&#8220;][\/vc_tta_section][vc_tta_section title=&#8220;Boule-Spiel&#8220; tab_id=&#8220;1591916709064-2dfb7cb1-dc83f089-1e5b&#8220;][vc_single_image image=&#8220;187&#8243; img_size=&#8220;full&#8220;][\/vc_tta_section][vc_tta_section title=&#8220;Lagerfeuer mit bequemen Pl\u00e4tzen&#8220; tab_id=&#8220;1591917084055-80b912a6-e792f089-1e5b&#8220;][vc_single_image image=&#8220;187&#8243; img_size=&#8220;full&#8220;][\/vc_tta_section][vc_tta_section title=&#8220;Strand am Barlinsee, die 15 Minuten zu Fu\u00df von WEZAJ entfernt ist&#8220; tab_id=&#8220;1591917090464-70c73322-3430f089-1e5b&#8220;][vc_single_image image=&#8220;187&#8243; img_size=&#8220;full&#8220;][\/vc_tta_section][vc_tta_section title=&#8220;Fahrrad- Und Holzwagenverleih&#8220; tab_id=&#8220;1591917120897-172c5f1d-85cef089-1e5b&#8220;][vc_single_image image=&#8220;187&#8243; img_size=&#8220;full&#8220;][\/vc_tta_section][\/vc_tta_tour][\/vc_column][\/vc_row][vc_row][vc_column][vc_column_text]<\/p>\n<h2><span class=\"header-page-title\">In unserer Nachbarschaft ist:<\/span><\/h2>\n<p><strong>eine Pferdezucht<\/strong><br \/>\nwo man reiten lernen kann. Au\u00dferdem ist es m\u00f6glich mit einer Britschka fahren (im Sommer), gemeinsame Schlittenfahr veranstalten (im Winter)<\/p>\n<p><strong>Amphibienfahrzeug<\/strong><br \/>\nprzejazdy prawdziw\u0105 amfibi\u0105<\/p>\n<p><strong>Kajaks<\/strong><br \/>\nKajak am Fluss Warta fahren<\/p>\n<p><strong>Touristenpfade und Radtouren<\/strong><br \/>\nIn der Umgebung befinden sich zahlreiche Touristenpfade und Radtouren, die zu den interessanten Orten f\u00fchren.<\/p>\n<p><strong>Seen<\/strong><br \/>\nEin gutes Dutzend von Seen wartet auf Schwimm- oder Angelliebhaber.[\/vc_column_text][\/vc_column][\/vc_row]<\/p>\n<\/div>","protected":false},"excerpt":{"rendered":"<p>[vc_row][vc_column width=&#8220;1\/6&#8243;][\/vc_column][vc_column width=&#8220;2\/3&#8243;][vc_column_text] Bei uns werden Sie sich nie langeweilen. Die ganzen Familien k\u00f6nnen aus vielen Attraktionen nutzen, die wir f\u00fcr Sie vorbereiteten. Das gro\u00dfe Anlagegebiet ermuntert zum Spielen, aktiven Urlaub oder zur faulen Erholung. [\/vc_column_text][\/vc_column][vc_column width=&#8220;1\/6&#8243;][\/vc_column][\/vc_row][vc_row el_id=&#8220;row-atrakcje&#8220;][vc_column][vc_row_inner][vc_column_inner width=&#8220;1\/2&#8243;][\/vc_column_inner][vc_column_inner width=&#8220;1\/2&#8243; css=&#8220;.vc_custom_1591919242261{margin-bottom: 15px !important;}&#8220;][vc_column_text css=&#8220;.vc_custom_1592335488928{margin-bottom: 0px !important;}&#8220;] Attraktionen Bei uns werden Sie sich nie langeweilen. Die [&hellip;]<\/p>\n","protected":false},"author":1,"featured_media":0,"parent":0,"menu_order":54,"comment_status":"closed","ping_status":"closed","template":"","meta":{"_acf_changed":false,"footnotes":""},"class_list":["post-466","page","type-page","status-publish","hentry"],"acf":[],"yoast_head":"<!-- This site is optimized with the Yoast SEO plugin v27.3 - https:\/\/yoast.com\/product\/yoast-seo-wordpress\/ -->\n<title>Die Ferienanlage - O\u015brodek Wypoczynkowy WEZAJ<\/title>\n<meta name=\"robots\" content=\"index, follow, max-snippet:-1, max-image-preview:large, max-video-preview:-1\" \/>\n<link rel=\"canonical\" href=\"https:\/\/wezaj.pl\/de\/die-ferienanlage\/\" \/>\n<meta property=\"og:locale\" content=\"de_DE\" \/>\n<meta property=\"og:type\" content=\"article\" \/>\n<meta property=\"og:title\" content=\"Die Ferienanlage - O\u015brodek Wypoczynkowy WEZAJ\" \/>\n<meta property=\"og:description\" content=\"[vc_row][vc_column width=&#8220;1\/6&#8243;][\/vc_column][vc_column width=&#8220;2\/3&#8243;][vc_column_text] Bei uns werden Sie sich nie langeweilen. Die ganzen Familien k\u00f6nnen aus vielen Attraktionen nutzen, die wir f\u00fcr Sie vorbereiteten. Das gro\u00dfe Anlagegebiet ermuntert zum Spielen, aktiven Urlaub oder zur faulen Erholung. [\/vc_column_text][\/vc_column][vc_column width=&#8220;1\/6&#8243;][\/vc_column][\/vc_row][vc_row el_id=&#8220;row-atrakcje&#8220;][vc_column][vc_row_inner][vc_column_inner width=&#8220;1\/2&#8243;][\/vc_column_inner][vc_column_inner width=&#8220;1\/2&#8243; css=&#8220;.vc_custom_1591919242261{margin-bottom: 15px !important;}&#8220;][vc_column_text css=&#8220;.vc_custom_1592335488928{margin-bottom: 0px !important;}&#8220;] Attraktionen Bei uns werden Sie sich nie langeweilen. Die [&hellip;]\" \/>\n<meta property=\"og:url\" content=\"https:\/\/wezaj.pl\/de\/die-ferienanlage\/\" \/>\n<meta property=\"og:site_name\" content=\"O\u015brodek Wypoczynkowy WEZAJ\" \/>\n<meta property=\"article:modified_time\" content=\"2020-06-16T19:56:14+00:00\" \/>\n<meta name=\"twitter:card\" content=\"summary_large_image\" \/>\n<meta name=\"twitter:label1\" content=\"Gesch\u00e4tzte Lesezeit\" \/>\n\t<meta name=\"twitter:data1\" content=\"3\u00a0Minuten\" \/>\n<script type=\"application\/ld+json\" class=\"yoast-schema-graph\">{\"@context\":\"https:\\\/\\\/schema.org\",\"@graph\":[{\"@type\":\"WebPage\",\"@id\":\"https:\\\/\\\/wezaj.pl\\\/de\\\/die-ferienanlage\\\/\",\"url\":\"https:\\\/\\\/wezaj.pl\\\/de\\\/die-ferienanlage\\\/\",\"name\":\"Die Ferienanlage - O\u015brodek Wypoczynkowy WEZAJ\",\"isPartOf\":{\"@id\":\"https:\\\/\\\/wezaj.pl\\\/#website\"},\"datePublished\":\"2020-06-16T19:49:12+00:00\",\"dateModified\":\"2020-06-16T19:56:14+00:00\",\"breadcrumb\":{\"@id\":\"https:\\\/\\\/wezaj.pl\\\/de\\\/die-ferienanlage\\\/#breadcrumb\"},\"inLanguage\":\"de\",\"potentialAction\":[{\"@type\":\"ReadAction\",\"target\":[\"https:\\\/\\\/wezaj.pl\\\/de\\\/die-ferienanlage\\\/\"]}]},{\"@type\":\"BreadcrumbList\",\"@id\":\"https:\\\/\\\/wezaj.pl\\\/de\\\/die-ferienanlage\\\/#breadcrumb\",\"itemListElement\":[{\"@type\":\"ListItem\",\"position\":1,\"name\":\"Strona g\u0142\u00f3wna\",\"item\":\"https:\\\/\\\/wezaj.pl\\\/de\\\/strona-glowna-de\\\/\"},{\"@type\":\"ListItem\",\"position\":2,\"name\":\"Die Ferienanlage\"}]},{\"@type\":\"WebSite\",\"@id\":\"https:\\\/\\\/wezaj.pl\\\/#website\",\"url\":\"https:\\\/\\\/wezaj.pl\\\/\",\"name\":\"O\u015brodek Wypoczynkowy WEZAJ\",\"description\":\"\",\"potentialAction\":[{\"@type\":\"SearchAction\",\"target\":{\"@type\":\"EntryPoint\",\"urlTemplate\":\"https:\\\/\\\/wezaj.pl\\\/?s={search_term_string}\"},\"query-input\":{\"@type\":\"PropertyValueSpecification\",\"valueRequired\":true,\"valueName\":\"search_term_string\"}}],\"inLanguage\":\"de\"}]}<\/script>\n<!-- \/ Yoast SEO plugin. -->","yoast_head_json":{"title":"Die Ferienanlage - O\u015brodek Wypoczynkowy WEZAJ","robots":{"index":"index","follow":"follow","max-snippet":"max-snippet:-1","max-image-preview":"max-image-preview:large","max-video-preview":"max-video-preview:-1"},"canonical":"https:\/\/wezaj.pl\/de\/die-ferienanlage\/","og_locale":"de_DE","og_type":"article","og_title":"Die Ferienanlage - O\u015brodek Wypoczynkowy WEZAJ","og_description":"[vc_row][vc_column width=&#8220;1\/6&#8243;][\/vc_column][vc_column width=&#8220;2\/3&#8243;][vc_column_text] Bei uns werden Sie sich nie langeweilen. Die ganzen Familien k\u00f6nnen aus vielen Attraktionen nutzen, die wir f\u00fcr Sie vorbereiteten. Das gro\u00dfe Anlagegebiet ermuntert zum Spielen, aktiven Urlaub oder zur faulen Erholung. [\/vc_column_text][\/vc_column][vc_column width=&#8220;1\/6&#8243;][\/vc_column][\/vc_row][vc_row el_id=&#8220;row-atrakcje&#8220;][vc_column][vc_row_inner][vc_column_inner width=&#8220;1\/2&#8243;][\/vc_column_inner][vc_column_inner width=&#8220;1\/2&#8243; css=&#8220;.vc_custom_1591919242261{margin-bottom: 15px !important;}&#8220;][vc_column_text css=&#8220;.vc_custom_1592335488928{margin-bottom: 0px !important;}&#8220;] Attraktionen Bei uns werden Sie sich nie langeweilen. Die [&hellip;]","og_url":"https:\/\/wezaj.pl\/de\/die-ferienanlage\/","og_site_name":"O\u015brodek Wypoczynkowy WEZAJ","article_modified_time":"2020-06-16T19:56:14+00:00","twitter_card":"summary_large_image","twitter_misc":{"Gesch\u00e4tzte Lesezeit":"3\u00a0Minuten"},"schema":{"@context":"https:\/\/schema.org","@graph":[{"@type":"WebPage","@id":"https:\/\/wezaj.pl\/de\/die-ferienanlage\/","url":"https:\/\/wezaj.pl\/de\/die-ferienanlage\/","name":"Die Ferienanlage - O\u015brodek Wypoczynkowy WEZAJ","isPartOf":{"@id":"https:\/\/wezaj.pl\/#website"},"datePublished":"2020-06-16T19:49:12+00:00","dateModified":"2020-06-16T19:56:14+00:00","breadcrumb":{"@id":"https:\/\/wezaj.pl\/de\/die-ferienanlage\/#breadcrumb"},"inLanguage":"de","potentialAction":[{"@type":"ReadAction","target":["https:\/\/wezaj.pl\/de\/die-ferienanlage\/"]}]},{"@type":"BreadcrumbList","@id":"https:\/\/wezaj.pl\/de\/die-ferienanlage\/#breadcrumb","itemListElement":[{"@type":"ListItem","position":1,"name":"Strona g\u0142\u00f3wna","item":"https:\/\/wezaj.pl\/de\/strona-glowna-de\/"},{"@type":"ListItem","position":2,"name":"Die Ferienanlage"}]},{"@type":"WebSite","@id":"https:\/\/wezaj.pl\/#website","url":"https:\/\/wezaj.pl\/","name":"O\u015brodek Wypoczynkowy WEZAJ","description":"","potentialAction":[{"@type":"SearchAction","target":{"@type":"EntryPoint","urlTemplate":"https:\/\/wezaj.pl\/?s={search_term_string}"},"query-input":{"@type":"PropertyValueSpecification","valueRequired":true,"valueName":"search_term_string"}}],"inLanguage":"de"}]}},"_links":{"self":[{"href":"https:\/\/wezaj.pl\/de\/wp-json\/wp\/v2\/pages\/466","targetHints":{"allow":["GET"]}}],"collection":[{"href":"https:\/\/wezaj.pl\/de\/wp-json\/wp\/v2\/pages"}],"about":[{"href":"https:\/\/wezaj.pl\/de\/wp-json\/wp\/v2\/types\/page"}],"author":[{"embeddable":true,"href":"https:\/\/wezaj.pl\/de\/wp-json\/wp\/v2\/users\/1"}],"replies":[{"embeddable":true,"href":"https:\/\/wezaj.pl\/de\/wp-json\/wp\/v2\/comments?post=466"}],"version-history":[{"count":0,"href":"https:\/\/wezaj.pl\/de\/wp-json\/wp\/v2\/pages\/466\/revisions"}],"wp:attachment":[{"href":"https:\/\/wezaj.pl\/de\/wp-json\/wp\/v2\/media?parent=466"}],"curies":[{"name":"wp","href":"https:\/\/api.w.org\/{rel}","templated":true}]}}