{"id":399,"date":"2020-06-16T09:03:57","date_gmt":"2020-06-16T07:03:57","guid":{"rendered":"https:\/\/test.wezaj.pl\/?page_id=399"},"modified":"2020-06-18T10:36:01","modified_gmt":"2020-06-18T08:36:01","slug":"verzauberter-garten","status":"publish","type":"page","link":"https:\/\/wezaj.pl\/de\/verzauberter-garten\/","title":{"rendered":"Verzauberter Garten"},"content":{"rendered":"<div class=\"wpb-content-wrapper\"><p>[vc_row][vc_column][vc_column_text]<\/p>\n<h2 style=\"text-align: center;\"><span class=\"header-page-title\">Unsere Ferienanlage wurde mit R\u00fccksicht auf gelungene Familienerholung gegr\u00fcndet. Wir bem\u00fchten sich, einen Ort zu schaffen, wo sich wirklich wohl die ganzen Familien, und besonders diese mit kleineren Kindern f\u00fchlen werden.<\/span><\/h2>\n<p>[\/vc_column_text][\/vc_column][\/vc_row][vc_row][vc_column width=&#8220;1\/4&#8243;][\/vc_column][vc_column width=&#8220;1\/2&#8243;][vc_column_text]Das war der Grund, um den \u201eVerzauberten Garten\u201d zu bil den. Das ist der einzige Spielplatz\u00a0f\u00fcr die Kinder in der Umgebung. Der ganze \u201everzauberte Garten\u201c ist mit weichem Sand bestreut.\u00a0Er bergt viele Attraktionen in sich.[\/vc_column_text][\/vc_column][vc_column width=&#8220;1\/4&#8243;][\/vc_column][\/vc_row][vc_row][vc_column][vc_images_carousel images=&#8220;375,378,381&#8243; img_size=&#8220;full&#8220; autoplay=&#8220;yes&#8220;][\/vc_column][\/vc_row][vc_row][vc_column][vc_column_text]<\/p>\n<h2><span class=\"header-page-title\"> Im \u201everzauberten Garten\u201d k\u00f6nnen die Kinder aus folgenden Attraktionen nutzen:<\/span><\/h2>\n<p>[\/vc_column_text][vc_row_inner][vc_column_inner width=&#8220;1\/12&#8243;][vc_column_text]<span class='zo-icon icon-zo-1'><\/span>[\/vc_column_text][\/vc_column_inner][vc_column_inner width=&#8220;11\/12&#8243;][vc_column_text css=&#8220;.vc_custom_1592469362504{padding-top: 10px !important;}&#8220;]<strong>Zwei gro\u00dfen Und sicheren Trampoline<\/strong><br \/>\njede ist bis 150kg[\/vc_column_text][\/vc_column_inner][\/vc_row_inner][vc_row_inner][vc_column_inner width=&#8220;1\/12&#8243;][vc_column_text]<span class='zo-icon icon-zo-2'><\/span>[\/vc_column_text][\/vc_column_inner][vc_column_inner width=&#8220;11\/12&#8243;][vc_column_text]<strong>gro\u00dfer Sandkasten<\/strong><br \/>\nmit B\u00e4umen und Str\u00e4ucher, die den angenehmen Schatten am dr\u00fcckend hei\u00dfen Tag geben[\/vc_column_text][\/vc_column_inner][\/vc_row_inner][vc_row_inner][vc_column_inner width=&#8220;1\/12&#8243;][vc_column_text]<span class='zo-icon icon-zo-3'><\/span>[\/vc_column_text][\/vc_column_inner][vc_column_inner width=&#8220;11\/12&#8243;][vc_column_text]<strong>Viele Spielzeuge<\/strong><br \/>\nvon Little Tikes, d.h. Rutschen, H\u00e4uschen, Schl\u00f6sser usw.[\/vc_column_text][\/vc_column_inner][\/vc_row_inner][vc_row_inner][vc_column_inner width=&#8220;1\/12&#8243;][vc_column_text]<span class='zo-icon icon-zo-4'><\/span>[\/vc_column_text][\/vc_column_inner][vc_column_inner width=&#8220;11\/12&#8243;][vc_column_text]<strong>Schaukel<\/strong><br \/>\nund Wippe u.v.a.[\/vc_column_text][\/vc_column_inner][\/vc_row_inner][\/vc_column][\/vc_row][vc_row][vc_column][vc_images_carousel images=&#8220;363,366,369&#8243; slides_per_view=&#8220;3&#8243; el_id=&#8220;domki-caousel&#8220;][\/vc_column][\/vc_row]<\/p>\n<\/div>","protected":false},"excerpt":{"rendered":"<p>[vc_row][vc_column][vc_column_text] Unsere Ferienanlage wurde mit R\u00fccksicht auf gelungene Familienerholung gegr\u00fcndet. Wir bem\u00fchten sich, einen Ort zu schaffen, wo sich wirklich wohl die ganzen Familien, und besonders diese mit kleineren Kindern f\u00fchlen werden. [\/vc_column_text][\/vc_column][\/vc_row][vc_row][vc_column width=&#8220;1\/4&#8243;][\/vc_column][vc_column width=&#8220;1\/2&#8243;][vc_column_text]Das war der Grund, um den \u201eVerzauberten Garten\u201d zu bil den. Das ist der einzige Spielplatz\u00a0f\u00fcr die Kinder in der Umgebung. [&hellip;]<\/p>\n","protected":false},"author":1,"featured_media":0,"parent":0,"menu_order":8,"comment_status":"closed","ping_status":"closed","template":"","meta":{"_acf_changed":false,"footnotes":""},"class_list":["post-399","page","type-page","status-publish","hentry"],"acf":[],"yoast_head":"<!-- This site is optimized with the Yoast SEO plugin v27.4 - https:\/\/yoast.com\/product\/yoast-seo-wordpress\/ -->\n<title>Verzauberter Garten - O\u015brodek Wypoczynkowy WEZAJ<\/title>\n<meta name=\"robots\" content=\"index, follow, max-snippet:-1, max-image-preview:large, max-video-preview:-1\" \/>\n<link rel=\"canonical\" href=\"https:\/\/wezaj.pl\/de\/verzauberter-garten\/\" \/>\n<meta property=\"og:locale\" content=\"de_DE\" \/>\n<meta property=\"og:type\" content=\"article\" \/>\n<meta property=\"og:title\" content=\"Verzauberter Garten - O\u015brodek Wypoczynkowy WEZAJ\" \/>\n<meta property=\"og:description\" content=\"[vc_row][vc_column][vc_column_text] Unsere Ferienanlage wurde mit R\u00fccksicht auf gelungene Familienerholung gegr\u00fcndet. Wir bem\u00fchten sich, einen Ort zu schaffen, wo sich wirklich wohl die ganzen Familien, und besonders diese mit kleineren Kindern f\u00fchlen werden. [\/vc_column_text][\/vc_column][\/vc_row][vc_row][vc_column width=&#8220;1\/4&#8243;][\/vc_column][vc_column width=&#8220;1\/2&#8243;][vc_column_text]Das war der Grund, um den \u201eVerzauberten Garten\u201d zu bil den. Das ist der einzige Spielplatz\u00a0f\u00fcr die Kinder in der Umgebung. [&hellip;]\" \/>\n<meta property=\"og:url\" content=\"https:\/\/wezaj.pl\/de\/verzauberter-garten\/\" \/>\n<meta property=\"og:site_name\" content=\"O\u015brodek Wypoczynkowy WEZAJ\" \/>\n<meta property=\"article:modified_time\" content=\"2020-06-18T08:36:01+00:00\" \/>\n<meta name=\"twitter:card\" content=\"summary_large_image\" \/>\n<meta name=\"twitter:label1\" content=\"Gesch\u00e4tzte Lesezeit\" \/>\n\t<meta name=\"twitter:data1\" content=\"2\u00a0Minuten\" \/>\n<script type=\"application\/ld+json\" class=\"yoast-schema-graph\">{\"@context\":\"https:\\\/\\\/schema.org\",\"@graph\":[{\"@type\":\"WebPage\",\"@id\":\"https:\\\/\\\/wezaj.pl\\\/de\\\/verzauberter-garten\\\/\",\"url\":\"https:\\\/\\\/wezaj.pl\\\/de\\\/verzauberter-garten\\\/\",\"name\":\"Verzauberter Garten - O\u015brodek Wypoczynkowy WEZAJ\",\"isPartOf\":{\"@id\":\"https:\\\/\\\/wezaj.pl\\\/#website\"},\"datePublished\":\"2020-06-16T07:03:57+00:00\",\"dateModified\":\"2020-06-18T08:36:01+00:00\",\"breadcrumb\":{\"@id\":\"https:\\\/\\\/wezaj.pl\\\/de\\\/verzauberter-garten\\\/#breadcrumb\"},\"inLanguage\":\"de\",\"potentialAction\":[{\"@type\":\"ReadAction\",\"target\":[\"https:\\\/\\\/wezaj.pl\\\/de\\\/verzauberter-garten\\\/\"]}]},{\"@type\":\"BreadcrumbList\",\"@id\":\"https:\\\/\\\/wezaj.pl\\\/de\\\/verzauberter-garten\\\/#breadcrumb\",\"itemListElement\":[{\"@type\":\"ListItem\",\"position\":1,\"name\":\"Strona g\u0142\u00f3wna\",\"item\":\"https:\\\/\\\/wezaj.pl\\\/de\\\/strona-glowna-de\\\/\"},{\"@type\":\"ListItem\",\"position\":2,\"name\":\"Verzauberter Garten\"}]},{\"@type\":\"WebSite\",\"@id\":\"https:\\\/\\\/wezaj.pl\\\/#website\",\"url\":\"https:\\\/\\\/wezaj.pl\\\/\",\"name\":\"O\u015brodek Wypoczynkowy WEZAJ\",\"description\":\"\",\"potentialAction\":[{\"@type\":\"SearchAction\",\"target\":{\"@type\":\"EntryPoint\",\"urlTemplate\":\"https:\\\/\\\/wezaj.pl\\\/?s={search_term_string}\"},\"query-input\":{\"@type\":\"PropertyValueSpecification\",\"valueRequired\":true,\"valueName\":\"search_term_string\"}}],\"inLanguage\":\"de\"}]}<\/script>\n<!-- \/ Yoast SEO plugin. -->","yoast_head_json":{"title":"Verzauberter Garten - O\u015brodek Wypoczynkowy WEZAJ","robots":{"index":"index","follow":"follow","max-snippet":"max-snippet:-1","max-image-preview":"max-image-preview:large","max-video-preview":"max-video-preview:-1"},"canonical":"https:\/\/wezaj.pl\/de\/verzauberter-garten\/","og_locale":"de_DE","og_type":"article","og_title":"Verzauberter Garten - O\u015brodek Wypoczynkowy WEZAJ","og_description":"[vc_row][vc_column][vc_column_text] Unsere Ferienanlage wurde mit R\u00fccksicht auf gelungene Familienerholung gegr\u00fcndet. Wir bem\u00fchten sich, einen Ort zu schaffen, wo sich wirklich wohl die ganzen Familien, und besonders diese mit kleineren Kindern f\u00fchlen werden. [\/vc_column_text][\/vc_column][\/vc_row][vc_row][vc_column width=&#8220;1\/4&#8243;][\/vc_column][vc_column width=&#8220;1\/2&#8243;][vc_column_text]Das war der Grund, um den \u201eVerzauberten Garten\u201d zu bil den. Das ist der einzige Spielplatz\u00a0f\u00fcr die Kinder in der Umgebung. [&hellip;]","og_url":"https:\/\/wezaj.pl\/de\/verzauberter-garten\/","og_site_name":"O\u015brodek Wypoczynkowy WEZAJ","article_modified_time":"2020-06-18T08:36:01+00:00","twitter_card":"summary_large_image","twitter_misc":{"Gesch\u00e4tzte Lesezeit":"2\u00a0Minuten"},"schema":{"@context":"https:\/\/schema.org","@graph":[{"@type":"WebPage","@id":"https:\/\/wezaj.pl\/de\/verzauberter-garten\/","url":"https:\/\/wezaj.pl\/de\/verzauberter-garten\/","name":"Verzauberter Garten - O\u015brodek Wypoczynkowy WEZAJ","isPartOf":{"@id":"https:\/\/wezaj.pl\/#website"},"datePublished":"2020-06-16T07:03:57+00:00","dateModified":"2020-06-18T08:36:01+00:00","breadcrumb":{"@id":"https:\/\/wezaj.pl\/de\/verzauberter-garten\/#breadcrumb"},"inLanguage":"de","potentialAction":[{"@type":"ReadAction","target":["https:\/\/wezaj.pl\/de\/verzauberter-garten\/"]}]},{"@type":"BreadcrumbList","@id":"https:\/\/wezaj.pl\/de\/verzauberter-garten\/#breadcrumb","itemListElement":[{"@type":"ListItem","position":1,"name":"Strona g\u0142\u00f3wna","item":"https:\/\/wezaj.pl\/de\/strona-glowna-de\/"},{"@type":"ListItem","position":2,"name":"Verzauberter Garten"}]},{"@type":"WebSite","@id":"https:\/\/wezaj.pl\/#website","url":"https:\/\/wezaj.pl\/","name":"O\u015brodek Wypoczynkowy WEZAJ","description":"","potentialAction":[{"@type":"SearchAction","target":{"@type":"EntryPoint","urlTemplate":"https:\/\/wezaj.pl\/?s={search_term_string}"},"query-input":{"@type":"PropertyValueSpecification","valueRequired":true,"valueName":"search_term_string"}}],"inLanguage":"de"}]}},"_links":{"self":[{"href":"https:\/\/wezaj.pl\/de\/wp-json\/wp\/v2\/pages\/399","targetHints":{"allow":["GET"]}}],"collection":[{"href":"https:\/\/wezaj.pl\/de\/wp-json\/wp\/v2\/pages"}],"about":[{"href":"https:\/\/wezaj.pl\/de\/wp-json\/wp\/v2\/types\/page"}],"author":[{"embeddable":true,"href":"https:\/\/wezaj.pl\/de\/wp-json\/wp\/v2\/users\/1"}],"replies":[{"embeddable":true,"href":"https:\/\/wezaj.pl\/de\/wp-json\/wp\/v2\/comments?post=399"}],"version-history":[{"count":0,"href":"https:\/\/wezaj.pl\/de\/wp-json\/wp\/v2\/pages\/399\/revisions"}],"wp:attachment":[{"href":"https:\/\/wezaj.pl\/de\/wp-json\/wp\/v2\/media?parent=399"}],"curies":[{"name":"wp","href":"https:\/\/api.w.org\/{rel}","templated":true}]}}