{"id":314,"date":"2020-06-15T09:29:25","date_gmt":"2020-06-15T07:29:25","guid":{"rendered":"https:\/\/test.wezaj.pl\/?page_id=314"},"modified":"2020-06-15T09:29:25","modified_gmt":"2020-06-15T07:29:25","slug":"aufenthaltordnung","status":"publish","type":"page","link":"https:\/\/wezaj.pl\/de\/aufenthaltordnung\/","title":{"rendered":"Aufenthaltordnung"},"content":{"rendered":"<p>&nbsp;<\/p>\n<h2 style=\"text-align: center;\"><span class=\"header-page-title\">O\u015brodek Wypoczynkowy WEZAJ<\/span><\/h2>\n<p>&nbsp;<\/p>\n<p>Herzlich Willkommen in der Ferienanlage WEZAJ \u2013 in dem ungew\u00f6hnlichen Ort in dem malerischen Urwald \u2013 \u201ePuszcza Notecka\u201c. Wir bitten Ihnen sehr um das Kennenlernen mit dem Inhalt von der vorliegenden Ordnung und um die Beachtung der Aufenthaltsregeln.<\/p>\n<ol>\n<li>Tag und Nacht dauert ab 14 Uhr am Ankunftstag bis 11 Uhr am Abfahrtstag.<\/li>\n<li>Unsere G\u00e4ste sind am Ankunftstag auf Grund von dem g\u00fcltigen Personalausweis und der Reservierungskarte angemeldet. Bei der Anmeldung sind die G\u00e4ste zur Bezahlung f\u00fcr den ganzen Aufenthalt verpflichtet.<\/li>\n<li>Die Entrichtung der Bezahlung f\u00fcr den Aufenthalt ist mit Einverst\u00e4ndnis der Aufenthaltsordnung gleichbedeutend.<\/li>\n<li>Bei der Anmeldung zieht man Kaution in H\u00f6he von 50,- PLN f\u00fcr jede Aufenthaltstag ein, aber nicht weniger als 200,- PLN. Die Kaution zahlt man in bar an der Rezeption und wird am letzten Aufenthaltstag zur\u00fcckgezahlt, wenn man keine bedeutende Besch\u00e4digungen und\/ oder Mangel in der Apartmentausstattung feststellt.<\/li>\n<li>Bei der Anmeldung bekommt der Gast die Apartmentschl\u00fcssel, die er am Abfahrtstag an der Rezeption oder dem Bevollm\u00e4chtigten zur\u00fcckgeben muss. Im Fall der Schl\u00fcsselzerst\u00f6rung oder Schl\u00fcsselverlust wird die Bezahlung in der H\u00f6he von 50,- PLN eingezogen (die Kosten f\u00fcr Schlosswechsel).<\/li>\n<li>Im Fall der Aufenthaltsverk\u00fcrzung von den G\u00e4sten unterliegt die Bezahlung f\u00fcr ungenutzte \u00dcbernachtungen keine R\u00fcckerstattung.<\/li>\n<li>Ab 22 Uhr bis 6 Uhr am n\u00e4chsten Tag ist in der Ferienanlage Nachtruhe, die man beachtet muss.<\/li>\n<li>Es ist verboten, ohne vorherige Eigent\u00fcmererlaubnis, die zus\u00e4tzlichen Personen (nicht angemeldeten) zu \u00fcbernachten.<\/li>\n<li>In jedem Apartment gibt es die M\u00f6glichkeit zus\u00e4tzlich 2 Personen zu einquartieren. Der Preis daf\u00fcr ist 30,- PLN f\u00fcr Nacht.<\/li>\n<li>Der Aufenthalt der Kinder und der Jugendlichen unter 18 Jahre alt ist nur unter Obhut der Erwachsenen erlaubt. Die Kinder, die im Raum der Ferienanlage spielen, sollen die ganze Zeit unter Obhut der Erwachsenen stellen. Im Ungl\u00fccksfall des Kindes, das ohne Obhut der Erwachsene gestellt wurde, sind nur die Eltern und die Betreuer verantwortlich.<\/li>\n<li>In der Ferienanlage sind die Haustiere akzeptiert. F\u00fcr den Tieraufenthalt bezahlt man zus\u00e4tzlich 10,- PLN f\u00fcr eine Nacht. Erlaubt ist nur der Aufenthalt von zwei Tieren. Der Tierbesitzer ist f\u00fcr das Aufr\u00e4umen des Tierabfalls und den Besitz von Impfausweis verpflichtet.<\/li>\n<li>Go\u015b\u0107 zobowi\u0105zuje si\u0119 do u\u017cywDer Gast verpflichtet sich bestimmungsgem\u00e4\u00df im Raum der Ferienanlage f\u00fcr die Raum- und Ausstattungsbenutzung und f\u00fcr die Sicherheitsbewahrung im juristischen Verst\u00e4ndnis des Arbeitsschutzes und Feuerschutzes.<\/li>\n<li>In der Ferienanlage, im Apartment gilt das absolute Verbot des Rauchens.<\/li>\n<li>Die Lagefeuer ist nur in den angewiesenen Pl\u00e4tzen nach der vorherigen Zustimmung der WEZAJ-Mitarbeiter erlaubt.<\/li>\n<li>In der Herbstsaison ist es m\u00f6glich, den Pilztrockner zu leihen, den man nur auf der Terrasse nutzen soll. Es ist verboten, den Pilztrockner im Apartment zu verwenden. Die Pilztrocknerbenutzung ist kostenpflichtig, der Preis h\u00e4ngt vom Stromz\u00e4hlerstand ab.<\/li>\n<li>Im Raum der Ferienanlage ist es verboten, rauschende Partys ohne das Wissen und der Zustimmung der Eigent\u00fcmer zu organisieren, und auch zu verunreinigen, und Ruhe und Ordnung zu st\u00f6ren.<\/li>\n<li>Die Eigent\u00fcmer behalten sich das Recht zu der sofortigen Abmeldung der Personen vor, die \u00fcberm\u00e4\u00dfig Alkohol trinken, die sich aggressiv benehmen und unter Rauschmitteleinfluss stehen.<\/li>\n<li>W W\u00e4hrend des Aufenthalts k\u00fcmmern die G\u00e4ste sich selbst um die Ordnung, deshalb bitten wir Sie um Reinhaltung im Apartment und im Raum der Ferienanlage.<\/li>\n<li>Der Gast hat Pflicht, das Personal oder die Eigent\u00fcmer \u00fcber die entstandenen Schaden und Besch\u00e4digung zu informieren. F\u00fcr die Sachbesch\u00e4digung vom Gast haben die Eigent\u00fcmer Recht zu Zahlungseinzug.<\/li>\n<li>Die Eigent\u00fcmer von WEZAJ tragen keine Verantwortung f\u00fcr pers\u00f6nliches Gut der G\u00e4sten.<\/li>\n<li>Das Parken und das PKW-Halten ist nur auf dem Parkplatz m\u00f6glich. WEZAJ besitzt den kostenlosen und unbewachten PKW-Parkplatz.<\/li>\n<li>Internet WI-FI ist im Raum der Ferienanlage zug\u00e4nglich und kostenlos.<\/li>\n<li>Die Eigent\u00fcmer von WEZAJ tragen keine Verantwortung f\u00fcr den Aufenthalt der G\u00e4sten au\u00dfer Ferienanlage WEZAJ.<\/li>\n<li>Im Raum von der Ferienanlage darf Man auf keinen Fall zelten.<\/li>\n<li>Die G\u00e4ste, die die Regeln der Ferienanlageordnung verletzen, k\u00f6nnen zum sofortigen Verlassen der Ferienanlage ohne die R\u00fcckerstattung der Kosten verpflichtet sein.<\/li>\n<li>Die Ferienanlageordnung tretet mit dem 31.08. 2012 in Kraft.<\/li>\n<\/ol>\n<p>Wir w\u00fcnschen Ihnen eine gelungene Erholung.<\/p>\n","protected":false},"excerpt":{"rendered":"<p>&nbsp; O\u015brodek Wypoczynkowy WEZAJ &nbsp; Herzlich Willkommen in der Ferienanlage WEZAJ \u2013 in dem ungew\u00f6hnlichen Ort in dem malerischen Urwald \u2013 \u201ePuszcza Notecka\u201c. Wir bitten Ihnen sehr um das Kennenlernen mit dem Inhalt von der vorliegenden Ordnung und um die Beachtung der Aufenthaltsregeln. Tag und Nacht dauert ab 14 Uhr am Ankunftstag bis 11 Uhr [&hellip;]<\/p>\n","protected":false},"author":1,"featured_media":0,"parent":0,"menu_order":11,"comment_status":"closed","ping_status":"closed","template":"","meta":{"_acf_changed":false,"footnotes":""},"class_list":["post-314","page","type-page","status-publish","hentry"],"acf":[],"yoast_head":"<!-- This site is optimized with the Yoast SEO plugin v27.4 - https:\/\/yoast.com\/product\/yoast-seo-wordpress\/ -->\n<title>Aufenthaltordnung - O\u015brodek Wypoczynkowy WEZAJ<\/title>\n<meta name=\"robots\" content=\"index, follow, max-snippet:-1, max-image-preview:large, max-video-preview:-1\" \/>\n<link rel=\"canonical\" href=\"https:\/\/wezaj.pl\/de\/aufenthaltordnung\/\" \/>\n<meta property=\"og:locale\" content=\"de_DE\" \/>\n<meta property=\"og:type\" content=\"article\" \/>\n<meta property=\"og:title\" content=\"Aufenthaltordnung - O\u015brodek Wypoczynkowy WEZAJ\" \/>\n<meta property=\"og:description\" content=\"&nbsp; O\u015brodek Wypoczynkowy WEZAJ &nbsp; Herzlich Willkommen in der Ferienanlage WEZAJ \u2013 in dem ungew\u00f6hnlichen Ort in dem malerischen Urwald \u2013 \u201ePuszcza Notecka\u201c. Wir bitten Ihnen sehr um das Kennenlernen mit dem Inhalt von der vorliegenden Ordnung und um die Beachtung der Aufenthaltsregeln. Tag und Nacht dauert ab 14 Uhr am Ankunftstag bis 11 Uhr [&hellip;]\" \/>\n<meta property=\"og:url\" content=\"https:\/\/wezaj.pl\/de\/aufenthaltordnung\/\" \/>\n<meta property=\"og:site_name\" content=\"O\u015brodek Wypoczynkowy WEZAJ\" \/>\n<meta name=\"twitter:card\" content=\"summary_large_image\" \/>\n<meta name=\"twitter:label1\" content=\"Gesch\u00e4tzte Lesezeit\" \/>\n\t<meta name=\"twitter:data1\" content=\"4\u00a0Minuten\" \/>\n<script type=\"application\/ld+json\" class=\"yoast-schema-graph\">{\"@context\":\"https:\\\/\\\/schema.org\",\"@graph\":[{\"@type\":\"WebPage\",\"@id\":\"https:\\\/\\\/wezaj.pl\\\/de\\\/aufenthaltordnung\\\/\",\"url\":\"https:\\\/\\\/wezaj.pl\\\/de\\\/aufenthaltordnung\\\/\",\"name\":\"Aufenthaltordnung - O\u015brodek Wypoczynkowy WEZAJ\",\"isPartOf\":{\"@id\":\"https:\\\/\\\/wezaj.pl\\\/#website\"},\"datePublished\":\"2020-06-15T07:29:25+00:00\",\"breadcrumb\":{\"@id\":\"https:\\\/\\\/wezaj.pl\\\/de\\\/aufenthaltordnung\\\/#breadcrumb\"},\"inLanguage\":\"de\",\"potentialAction\":[{\"@type\":\"ReadAction\",\"target\":[\"https:\\\/\\\/wezaj.pl\\\/de\\\/aufenthaltordnung\\\/\"]}]},{\"@type\":\"BreadcrumbList\",\"@id\":\"https:\\\/\\\/wezaj.pl\\\/de\\\/aufenthaltordnung\\\/#breadcrumb\",\"itemListElement\":[{\"@type\":\"ListItem\",\"position\":1,\"name\":\"Strona g\u0142\u00f3wna\",\"item\":\"https:\\\/\\\/wezaj.pl\\\/de\\\/strona-glowna-de\\\/\"},{\"@type\":\"ListItem\",\"position\":2,\"name\":\"Aufenthaltordnung\"}]},{\"@type\":\"WebSite\",\"@id\":\"https:\\\/\\\/wezaj.pl\\\/#website\",\"url\":\"https:\\\/\\\/wezaj.pl\\\/\",\"name\":\"O\u015brodek Wypoczynkowy WEZAJ\",\"description\":\"\",\"potentialAction\":[{\"@type\":\"SearchAction\",\"target\":{\"@type\":\"EntryPoint\",\"urlTemplate\":\"https:\\\/\\\/wezaj.pl\\\/?s={search_term_string}\"},\"query-input\":{\"@type\":\"PropertyValueSpecification\",\"valueRequired\":true,\"valueName\":\"search_term_string\"}}],\"inLanguage\":\"de\"}]}<\/script>\n<!-- \/ Yoast SEO plugin. -->","yoast_head_json":{"title":"Aufenthaltordnung - O\u015brodek Wypoczynkowy WEZAJ","robots":{"index":"index","follow":"follow","max-snippet":"max-snippet:-1","max-image-preview":"max-image-preview:large","max-video-preview":"max-video-preview:-1"},"canonical":"https:\/\/wezaj.pl\/de\/aufenthaltordnung\/","og_locale":"de_DE","og_type":"article","og_title":"Aufenthaltordnung - O\u015brodek Wypoczynkowy WEZAJ","og_description":"&nbsp; O\u015brodek Wypoczynkowy WEZAJ &nbsp; Herzlich Willkommen in der Ferienanlage WEZAJ \u2013 in dem ungew\u00f6hnlichen Ort in dem malerischen Urwald \u2013 \u201ePuszcza Notecka\u201c. Wir bitten Ihnen sehr um das Kennenlernen mit dem Inhalt von der vorliegenden Ordnung und um die Beachtung der Aufenthaltsregeln. Tag und Nacht dauert ab 14 Uhr am Ankunftstag bis 11 Uhr [&hellip;]","og_url":"https:\/\/wezaj.pl\/de\/aufenthaltordnung\/","og_site_name":"O\u015brodek Wypoczynkowy WEZAJ","twitter_card":"summary_large_image","twitter_misc":{"Gesch\u00e4tzte Lesezeit":"4\u00a0Minuten"},"schema":{"@context":"https:\/\/schema.org","@graph":[{"@type":"WebPage","@id":"https:\/\/wezaj.pl\/de\/aufenthaltordnung\/","url":"https:\/\/wezaj.pl\/de\/aufenthaltordnung\/","name":"Aufenthaltordnung - O\u015brodek Wypoczynkowy WEZAJ","isPartOf":{"@id":"https:\/\/wezaj.pl\/#website"},"datePublished":"2020-06-15T07:29:25+00:00","breadcrumb":{"@id":"https:\/\/wezaj.pl\/de\/aufenthaltordnung\/#breadcrumb"},"inLanguage":"de","potentialAction":[{"@type":"ReadAction","target":["https:\/\/wezaj.pl\/de\/aufenthaltordnung\/"]}]},{"@type":"BreadcrumbList","@id":"https:\/\/wezaj.pl\/de\/aufenthaltordnung\/#breadcrumb","itemListElement":[{"@type":"ListItem","position":1,"name":"Strona g\u0142\u00f3wna","item":"https:\/\/wezaj.pl\/de\/strona-glowna-de\/"},{"@type":"ListItem","position":2,"name":"Aufenthaltordnung"}]},{"@type":"WebSite","@id":"https:\/\/wezaj.pl\/#website","url":"https:\/\/wezaj.pl\/","name":"O\u015brodek Wypoczynkowy WEZAJ","description":"","potentialAction":[{"@type":"SearchAction","target":{"@type":"EntryPoint","urlTemplate":"https:\/\/wezaj.pl\/?s={search_term_string}"},"query-input":{"@type":"PropertyValueSpecification","valueRequired":true,"valueName":"search_term_string"}}],"inLanguage":"de"}]}},"_links":{"self":[{"href":"https:\/\/wezaj.pl\/de\/wp-json\/wp\/v2\/pages\/314","targetHints":{"allow":["GET"]}}],"collection":[{"href":"https:\/\/wezaj.pl\/de\/wp-json\/wp\/v2\/pages"}],"about":[{"href":"https:\/\/wezaj.pl\/de\/wp-json\/wp\/v2\/types\/page"}],"author":[{"embeddable":true,"href":"https:\/\/wezaj.pl\/de\/wp-json\/wp\/v2\/users\/1"}],"replies":[{"embeddable":true,"href":"https:\/\/wezaj.pl\/de\/wp-json\/wp\/v2\/comments?post=314"}],"version-history":[{"count":0,"href":"https:\/\/wezaj.pl\/de\/wp-json\/wp\/v2\/pages\/314\/revisions"}],"wp:attachment":[{"href":"https:\/\/wezaj.pl\/de\/wp-json\/wp\/v2\/media?parent=314"}],"curies":[{"name":"wp","href":"https:\/\/api.w.org\/{rel}","templated":true}]}}