{"id":181,"date":"2020-06-14T20:14:45","date_gmt":"2020-06-14T18:14:45","guid":{"rendered":"https:\/\/test.wezaj.pl\/?page_id=181"},"modified":"2020-08-03T14:44:33","modified_gmt":"2020-08-03T12:44:33","slug":"strona-glowna-de","status":"publish","type":"page","link":"https:\/\/wezaj.pl\/de\/","title":{"rendered":"Strona g\u0142\u00f3wna DE"},"content":{"rendered":"<div class=\"wpb-content-wrapper\"><p>[vc_row el_class=&#8220;box-razem&#8220;][vc_column width=&#8220;1\/2&#8243;][vc_column_text el_class=&#8220;box-text&#8220; css=&#8220;.vc_custom_1592208559395{padding-right: 100px !important;}&#8220;]<\/p>\n<h1>\u00dcber Uns<\/h1>\n<p>Wir \u00f6ffneten die Ferienanlage WEZAJ im Juli 2011. Von Anfang an wollten wir, damit dieser Ort besonders, ideal f\u00fcr Familienerholung, im Gr\u00fcnen weitab vom Stadtl\u00e4rm war. WEZAJ ist ein Komplex von komfortablen, ganzj\u00e4hrigen Ferienh\u00e4usern, die so gestaltet wurden, damit sie nat\u00fcrlich in die Landschaftumgebung eingepasst wurden.[\/vc_column_text][\/vc_column][vc_column width=&#8220;1\/2&#8243; css=&#8220;.vc_custom_1591905921702{margin-left: -80px !important;padding-right: 0px !important;padding-left: 0px !important;}&#8220;][vc_column_text el_class=&#8220;box-together img-and-title&#8220;]<img loading=\"lazy\" decoding=\"async\" class=\"alignnone wp-image-58 size-full\" src=\"https:\/\/wezaj.pl\/wp-content\/uploads\/2020\/06\/Wezaj-domki-img.jpg\" alt=\"\" width=\"714\" height=\"535\" \/><\/p>\n<h2>Gelungene Erholung im Urwald von Notec<\/h2>\n<p>[\/vc_column_text][\/vc_column][\/vc_row][vc_row el_class=&#8220;box-razem&#8220;][vc_column width=&#8220;1\/2&#8243;][vc_column_text el_class=&#8220;box-togheter&#8220; css=&#8220;.vc_custom_1592923867495{margin-top: -80px !important;border-top-width: 15px !important;border-right-width: 15px !important;border-bottom-width: 15px !important;border-left-width: 15px !important;border-left-color: #ffffff !important;border-left-style: solid !important;border-right-color: #ffffff !important;border-right-style: solid !important;border-top-color: #ffffff !important;border-top-style: solid !important;border-bottom-color: #ffffff !important;border-bottom-style: solid !important;}&#8220;]<\/p>\n<p style=\"text-align: center;\"><img loading=\"lazy\" decoding=\"async\" id=\"videocover-img\" class=\"size-full wp-image-59 aligncenter\" src=\"https:\/\/wezaj.pl\/wp-content\/uploads\/2020\/06\/movie-pl.jpg\" alt=\"\" width=\"714\" height=\"535\" \/><\/p>\n<div class=\"movie\" style=\"text-align: center;\">\n<p><video id=\"moviebox\" controls=\"controls\" width=\"714\" height=\"400\"><source src=\"https:\/\/wezaj.pl\/wp-content\/uploads\/2020\/06\/10000000_1659552834198097_563955769506532341_n.mp4\" type=\"video\/mp4\" \/>&nbsp;<\/video><\/p>\n<\/div>\n<p>[\/vc_column_text][\/vc_column][vc_column width=&#8220;1\/2&#8243;][vc_column_text el_class=&#8220;box-text&#8220;]Die Ferienanlage befindet sich in Zatom Nowy \u2013 am Landrand, im malerischen Wartatal, an der Grenze des Naturparks von Sierak\u00f3w, des Landes der 100 Seen und der pilzreichen W\u00e4ldern, im Herz der Urwaldes \u201ePuszcza Notecka\u201c.<\/p>\n<p>Die Ferienh\u00e4user haben Apartmentcharakter und platzieren sich in den leer stehenden Geb\u00e4uden, die gesamt die Pl\u00e4tze f\u00fcr 60 Personen haben. Jedes Apartment hat einen separaten Eingang und eine gro\u00dfe Terrasse, und ist identisch m\u00f6bliert.[\/vc_column_text][\/vc_column][\/vc_row][vc_row][vc_column][vc_column_text]<\/p>\n<h2 class=\"section-title\" style=\"text-align: center;\"><span class=\"section-title-inner\">Unterkunft<\/span><\/h2>\n<p>[\/vc_column_text][vc_images_carousel images=&#8220;189,190,191,809,820,187&#8243; slides_per_view=&#8220;3&#8243; hide_pagination_control=&#8220;yes&#8220; wrap=&#8220;yes&#8220; el_id=&#8220;domki-caousel&#8220;][vc_row_inner][vc_column_inner][vc_column_text]<\/p>\n<h1 id=\"tw-target-text\" class=\"tw-data-text tw-text-large XcVN5d tw-ta\" dir=\"ltr\" data-placeholder=\"T\u0142umaczenie\"><span lang=\"de\">Ausr\u00fcstung<\/span><\/h1>\n<p>[\/vc_column_text][vc_raw_html el_class=&#8220;spec-element&#8220;]JTNDZGl2JTIwY2xhc3MlM0QlMjJyb3ctcGxhY2UlMjIlM0UlMEElM0NoMyUyMGNsYXNzJTNEJTIycGxhY2UtdGl0bGUlMjIlM0VFcmRnZXNjaG9zcyUzQSUzQyUyRmgzJTNFJTBBJTNDdWwlMjBjbGFzcyUzRCUyMnctaWNvbnMtbGlzdCUyMHctaWNvbnMtMSUyMiUzRSUwQSUzQ2xpJTNFJTVCaWNvbi0xJTVEJTIwZWluJTIwZ3JvJUMzJTlGciVDMyVBNHVtaWdlcyUyMFdvaG56aW1tZXIlMjAlM0NiciUzRSUyMG1pdCUyMEthbWluZSUzQyUyRmxpJTNFJTBBJTNDbGklM0UlNUJpY29uLTIlNUQlMjBlaW4lMjBncm8lQzMlOUZlcyUyQyUyMGJlcXVlbWVzJTIwJTNDYnIlM0UlMjBVbmQlMjBhdXN6aWVoYmFyZXMlMjBTb2ZhJTNDJTJGbGklM0UlMEElM0NsaSUzRSU1Qmljb24tMyU1RCUyMGVpbiUyMEVzc3Rpc2NoJTIwJTIwJTIwJTNDYnIlM0UlMjBtaXQlMjA0JTIwU3QlQzMlQkNobGVuJTNDJTJGbGklM0UlMEElM0NsaSUzRSU1Qmljb24tNCU1RCUyMGVpbiUyMEslQzMlQkNobHNjaHJhbmslM0MlMkZsaSUzRSUwQSUzQ2xpJTNFJTVCaWNvbi01JTVEJTIwZWluJTIwRWxla3Ryb2hlcmQlM0MlMkZsaSUzRSUwQSUzQ2xpJTNFJTVCaWNvbi02JTVEJTIwZWluZSUyME1pa3Jvd2VsbGUlM0MlMkZsaSUzRSUwQSUzQ2xpJTNFJTVCaWNvbi03JTVEJTIwZWluJTIwZWxla3RyaXNjaGVyJTIwV2Fzc2Vya29jaGVyJTNDJTJGbGklM0UlMEElM0NsaSUzRSU1Qmljb24tOCU1RCUyMFQlQzMlQjZwZmUlM0MlMkZsaSUzRSUwQSUzQ2xpJTNFJTVCaWNvbi05JTVEJTIwVGVsbGVyJTIwJTNDYnIlM0UlMjB1bmQlMjBCZXN0ZWNrJTNDJTJGbGklM0UlMEElM0NsaSUzRSU1Qmljb24tMTAlNUQlMjBlaW4lMjBCYWQlMjAlM0NiciUzRSUyMG1pdCUyMER1c2NoZSUzQyUyRmxpJTNFJTBBJTNDbGklM0UlNUJpY29uLTExJTVEJTIwQmFkdCVDMyVCQ2NoZXIlM0MlMkZsaSUzRSUwQSUzQ2xpJTNFJTVCaWNvbi0xMiU1RCUyMEhhYXJ0cm9ja25lciUzQyUyRmxpJTNFJTBBJTNDbGklM0UlNUJpY29uLTEzJTVEJTIwZWluZSUyMEJhZGV3YW5uZSUyMGYlQzMlQkNlciUyMEJhYnklMjAlM0NiciUzRSUyMCUyOGF1ZiUyMFd1bnNjaCUyOSUzQyUyRmxpJTNFJTBBJTNDbGklM0UlNUJpY29uLTE0JTVEJTIwTENEJTIwRmVybnNlaGVyJTNDJTJGbGklM0UlMEElM0NsaSUzRSU1Qmljb24tMTUlNUQlMjBlaW4lMjBncm8lQzMlOUZlciUyMFNwaWVnZWwlM0MlMkZsaSUzRSUwQSUzQ2xpJTNFJTVCaWNvbi0xNiU1RCUyMGVpbiUyMEIlQzMlQkNnZWxlaXNlbiUyMCUzQ2JyJTNFJTIwdW5kJTIwZWluJTIwQiVDMyVCQ2dlbGJyZXR0JTNDJTJGbGklM0UlMEElM0NsaSUzRSU1Qmljb24tMTclNUQlMjBlaW4lMjBLaW5kZXJzdHVobCUyMCUzQ2JyJTNFJTIwJTI4YXVmJTIwV3Vuc2NoJTI5JTNDJTJGbGklM0UlMEElM0MlMkZ1bCUzRSUwQSUzQyUyRmRpdiUzRQ==[\/vc_raw_html][vc_raw_html el_class=&#8220;spec-element&#8220;]JTNDZGl2JTIwY2xhc3MlM0QlMjJyb3ctcGxhY2UlMjIlM0UlMEElM0NoMyUyMGNsYXNzJTNEJTIycGxhY2UtdGl0bGUlMjIlM0UlMjBlcnN0ZW4lMjBTdG9jayUzQyUyRmgzJTNFJTBBJTNDdWwlMjBjbGFzcyUzRCUyMnctaWNvbnMtbGlzdCUyMHctaWNvbnMtMiUyMiUzRSUwQSUzQ2xpJTNFJTVCaWNvbi0xOCU1RCUyMHp3ZWklMjBnZXRyZW5udGVuJTIwU2NobGFmemltbWVyJTIwJTNDYnIlM0UlMjAlMjhoaWVyJTIwayVDMyVCNm5uZW4lMjBtYXguJTIwNSUyMFBlcnNvbmVuJTIwc2NobGElMjBmZW4lMjklM0MlMkZsaSUzRSUwQSUzQ2xpJTNFJTVCaWNvbi0xOSU1RCUyMEtsZWlkZXJzY2hyJUMzJUE0bmtlJTNDJTJGbGklM0UlMEElM0NsaSUzRSU1Qmljb24tMjAlNUQlMjBlaW4lMjBOYWNodHNjaHIlQzMlQTRua2NoZW4lMjAlM0NiciUzRSUyMFVuZCUyMGVpbmUlMjBOYWNodGxhbXBlJTNDJTJGbGklM0UlMEElM0NsaSUzRSU1Qmljb24tMjElNUQlMjBlaW4lMjBCYWJ5YmV0dGNoZW4lMjAlM0NiciUzRSUyMCUyOGF1ZiUyMFd1bnNjaCUyOSUzQyUyRmxpJTNFJTBBJTNDbGklM0UlNUJpY29uLTIyJTVEJTIwQmV0dHpldWclMjAlM0MlMkZsaSUzRSUwQSUzQyUyRnVsJTNFJTBBJTNDJTJGZGl2JTNF[\/vc_raw_html][vc_raw_html el_class=&#8220;spec-element&#8220;]JTNDZGl2JTIwY2xhc3MlM0QlMjJyb3ctcGxhY2UlMjIlM0UlMEElM0NoMyUyMGNsYXNzJTNEJTIycGxhY2UtdGl0bGUlMjIlM0V6dXMlQzMlQTR0emxpY2glMjAlM0MlMkZoMyUzRSUwQSUzQ3VsJTIwY2xhc3MlM0QlMjJ3LWljb25zLWxpc3QlMjB3LWljb25zLTMlMjIlM0UlMEElM0NsaSUzRSU1Qmljb24tMjMlNUQlMjBXTEFOJTJGJTIwJTNDYnIlM0UlMjBrb3N0ZW5sb3NlciUyMEludGVybmV0enVnYW5nJTNDJTJGbGklM0UlMEElM0NsaSUzRSU1Qmljb24tMjQlNUQlMjBTYXRlbGxpdGVuZmVybnNlaGVuJTNDJTJGbGklM0UlMEElM0NsaSUzRSU1Qmljb24tMjUlNUQlMjBlaW5lJTIwMjUlMjYlMjMxMzIxNyUzQiUyMFRlcmFzc2UlM0MlMkZsaSUzRSUwQSUzQ2xpJTNFJTVCaWNvbi0yNiU1RCUyMGVpbiUyMEdyaWxsJTNDJTJGbGklM0UlMEElM0NsaSUzRSU1Qmljb24tMjclNUQlMjBlaW4lMjBncm8lQzMlOUZlciUyMFRpc2NoJTNDYnIlM0UlMjBlaW5lJTIwQmFuayUyQyUyMDIlMjZuYnNwJTNCU3QlQzMlQkNobGUlM0MlMkZsaSUzRSUwQSUzQ2xpJTNFJTVCaWNvbi0yOCU1RCUyMGVpbmUlMjBXYXNjaG1hc2NoaW5lJTNDYnIlM0UlMjAlMjhhbiUyMGRlciUyMFJlemVwdGlvbiUyOSUzQyUyRmxpJTNFJTBBJTNDbGklM0UlNUJpY29uLTI5JTVEJTIwZWluJTIwVHJvY2tuZXIlMjAlM0NiciUzRSUyMGYlQzMlQkNyJTIwUGlsemUlM0MlMkZsaSUzRSUwQSUzQyUyRnVsJTNFJTBBJTNDJTJGZGl2JTNF[\/vc_raw_html][\/vc_column_inner][\/vc_row_inner][\/vc_column][\/vc_row][vc_row el_id=&#8220;row-atrakcje&#8220;][vc_column][vc_row_inner][vc_column_inner width=&#8220;1\/2&#8243;][\/vc_column_inner][vc_column_inner width=&#8220;1\/2&#8243; css=&#8220;.vc_custom_1591919242261{margin-bottom: 15px !important;}&#8220;][vc_column_text css=&#8220;.vc_custom_1592208496410{margin-bottom: 0px !important;}&#8220;]<\/p>\n<h2><span class=\"header-page-title\">Attraktionen<\/span><\/h2>\n<p>Bei uns werden Sie sich nie langeweilen. Die ganzen Familien k\u00f6nnen aus vielen Attraktionen nutzen, die wir f\u00fcr Sie vorbereiteten. Das gro\u00dfe Anlagegebiet ermuntert zum Spielen, aktiven Urlaub oder zur faulen Erholung.<\/p>\n<p>Zur Verf\u00fcgung unserer G\u00e4sten lassen wir:[\/vc_column_text][\/vc_column_inner][\/vc_row_inner][vc_tta_tour style=&#8220;modern&#8220; color=&#8220;white&#8220; tab_position=&#8220;right&#8220; autoplay=&#8220;5&#8243; active_section=&#8220;1&#8243; css_animation=&#8220;fadeIn&#8220; el_id=&#8220;box-atrakcje&#8220;][vc_tta_section title=&#8220;Volleyballfeld&#8220; tab_id=&#8220;1591916281801-52f0f280-79c5&#8243;][vc_single_image image=&#8220;187&#8243; img_size=&#8220;full&#8220;][\/vc_tta_section][vc_tta_section title=&#8220;Tischtennis&#8220; tab_id=&#8220;1591916281831-f6469a68-f6a4&#8243;][vc_single_image image=&#8220;187&#8243; img_size=&#8220;full&#8220;][\/vc_tta_section][vc_tta_section title=&#8220;Freilichtschach&#8220; tab_id=&#8220;1591916647188-20009842-1387&#8243;][vc_single_image image=&#8220;187&#8243; img_size=&#8220;full&#8220;][\/vc_tta_section][vc_tta_section title=&#8220;zwei Trampoline&#8220; tab_id=&#8220;1591916648214-5df728bd-7875&#8243;][vc_single_image image=&#8220;187&#8243; img_size=&#8220;full&#8220;][\/vc_tta_section][vc_tta_section title=&#8220;Rutsche, die der Tirolseilbahn \u00e4hnlich ist&#8220; tab_id=&#8220;1591916648802-2e2bd678-282f&#8220;][vc_single_image image=&#8220;187&#8243; img_size=&#8220;full&#8220;][\/vc_tta_section][vc_tta_section title=&#8220;\u201eVerzauberter Garten\u201d \u2013 ein gro\u00dfer Spielplatz f\u00fcr die Kinder&#8220; tab_id=&#8220;1591916649396-38c7959b-fe7f&#8220;][vc_single_image image=&#8220;187&#8243; img_size=&#8220;full&#8220;][\/vc_tta_section][vc_tta_section title=&#8220;Freilichtspiel \u201eKleiner Endecker\u201d mit Preis (nur in der Saison)&#8220; tab_id=&#8220;1591916707821-bee37758-5dd1&#8243;][vc_single_image image=&#8220;187&#8243; img_size=&#8220;full&#8220;][\/vc_tta_section][vc_tta_section title=&#8220;Federballschl\u00e4ger&#8220; tab_id=&#8220;1591916708454-e79b80b8-80b7&#8243;][vc_single_image image=&#8220;187&#8243; img_size=&#8220;full&#8220;][\/vc_tta_section][vc_tta_section title=&#8220;Boule-Spiel&#8220; tab_id=&#8220;1591916709064-2dfb7cb1-dc83&#8243;][vc_single_image image=&#8220;187&#8243; img_size=&#8220;full&#8220;][\/vc_tta_section][vc_tta_section title=&#8220;Lagerfeuer mit bequemen Pl\u00e4tzen&#8220; tab_id=&#8220;1591917084055-80b912a6-e792&#8243;][vc_single_image image=&#8220;187&#8243; img_size=&#8220;full&#8220;][\/vc_tta_section][vc_tta_section title=&#8220;Strand am Barlinsee, die 15 Minuten zu Fu\u00df von WEZAJ entfernt ist&#8220; tab_id=&#8220;1591917090464-70c73322-3430&#8243;][vc_single_image image=&#8220;187&#8243; img_size=&#8220;full&#8220;][\/vc_tta_section][vc_tta_section title=&#8220;Fahrrad- Und Holzwagenverleih&#8220; tab_id=&#8220;1591917120897-172c5f1d-85ce&#8220;][vc_single_image image=&#8220;187&#8243; img_size=&#8220;full&#8220;][\/vc_tta_section][\/vc_tta_tour][\/vc_column][\/vc_row][vc_row full_width=&#8220;stretch_row&#8220; css=&#8220;.vc_custom_1591920150741{padding-top: 35vh !important;padding-bottom: 35vh !important;background-image: url(https:\/\/wezaj.pl\/wp-content\/uploads\/2020\/06\/malownicza-kraina-bg-1.jpg?id=85) !important;background-position: center !important;background-repeat: no-repeat !important;background-size: cover !important;}&#8220;][vc_column][vc_column_text el_class=&#8220;spec-heading&#8220;]<\/p>\n<h2>des Landes der 100 Seen<\/h2>\n<p>[\/vc_column_text][\/vc_column][\/vc_row]<\/p>\n<\/div>","protected":false},"excerpt":{"rendered":"<p>[vc_row el_class=&#8220;box-razem&#8220;][vc_column width=&#8220;1\/2&#8243;][vc_column_text el_class=&#8220;box-text&#8220; css=&#8220;.vc_custom_1592208559395{padding-right: 100px !important;}&#8220;] \u00dcber Uns Wir \u00f6ffneten die Ferienanlage WEZAJ im Juli 2011. Von Anfang an wollten wir, damit dieser Ort besonders, ideal f\u00fcr Familienerholung, im Gr\u00fcnen weitab vom Stadtl\u00e4rm war. WEZAJ ist ein Komplex von komfortablen, ganzj\u00e4hrigen Ferienh\u00e4usern, die so gestaltet wurden, damit sie nat\u00fcrlich in die Landschaftumgebung eingepasst wurden.[\/vc_column_text][\/vc_column][vc_column [&hellip;]<\/p>\n","protected":false},"author":1,"featured_media":0,"parent":0,"menu_order":1,"comment_status":"closed","ping_status":"closed","template":"page-home.php","meta":{"_acf_changed":false,"footnotes":""},"class_list":["post-181","page","type-page","status-publish","hentry"],"acf":[],"yoast_head":"<!-- This site is optimized with the Yoast SEO plugin v27.4 - https:\/\/yoast.com\/product\/yoast-seo-wordpress\/ -->\n<title>Strona g\u0142\u00f3wna DE - O\u015brodek Wypoczynkowy WEZAJ<\/title>\n<meta name=\"robots\" content=\"index, follow, max-snippet:-1, max-image-preview:large, max-video-preview:-1\" \/>\n<link rel=\"canonical\" href=\"https:\/\/wezaj.pl\/de\/strona-glowna-de\/\" \/>\n<meta property=\"og:locale\" content=\"de_DE\" \/>\n<meta property=\"og:type\" content=\"article\" \/>\n<meta property=\"og:title\" content=\"Strona g\u0142\u00f3wna DE - O\u015brodek Wypoczynkowy WEZAJ\" \/>\n<meta property=\"og:description\" content=\"[vc_row el_class=&#8220;box-razem&#8220;][vc_column width=&#8220;1\/2&#8243;][vc_column_text el_class=&#8220;box-text&#8220; css=&#8220;.vc_custom_1592208559395{padding-right: 100px !important;}&#8220;] \u00dcber Uns Wir \u00f6ffneten die Ferienanlage WEZAJ im Juli 2011. Von Anfang an wollten wir, damit dieser Ort besonders, ideal f\u00fcr Familienerholung, im Gr\u00fcnen weitab vom Stadtl\u00e4rm war. WEZAJ ist ein Komplex von komfortablen, ganzj\u00e4hrigen Ferienh\u00e4usern, die so gestaltet wurden, damit sie nat\u00fcrlich in die Landschaftumgebung eingepasst wurden.[\/vc_column_text][\/vc_column][vc_column [&hellip;]\" \/>\n<meta property=\"og:url\" content=\"https:\/\/wezaj.pl\/de\/strona-glowna-de\/\" \/>\n<meta property=\"og:site_name\" content=\"O\u015brodek Wypoczynkowy WEZAJ\" \/>\n<meta property=\"article:modified_time\" content=\"2020-08-03T12:44:33+00:00\" \/>\n<meta property=\"og:image\" content=\"https:\/\/wezaj.pl\/wp-content\/uploads\/2020\/06\/Wezaj-domki-img.jpg\" \/>\n<meta name=\"twitter:card\" content=\"summary_large_image\" \/>\n<meta name=\"twitter:label1\" content=\"Gesch\u00e4tzte Lesezeit\" \/>\n\t<meta name=\"twitter:data1\" content=\"5\u00a0Minuten\" \/>\n<script type=\"application\/ld+json\" class=\"yoast-schema-graph\">{\"@context\":\"https:\\\/\\\/schema.org\",\"@graph\":[{\"@type\":\"WebPage\",\"@id\":\"https:\\\/\\\/wezaj.pl\\\/de\\\/strona-glowna-de\\\/\",\"url\":\"https:\\\/\\\/wezaj.pl\\\/de\\\/strona-glowna-de\\\/\",\"name\":\"Strona g\u0142\u00f3wna DE - O\u015brodek Wypoczynkowy WEZAJ\",\"isPartOf\":{\"@id\":\"https:\\\/\\\/wezaj.pl\\\/#website\"},\"primaryImageOfPage\":{\"@id\":\"https:\\\/\\\/wezaj.pl\\\/de\\\/strona-glowna-de\\\/#primaryimage\"},\"image\":{\"@id\":\"https:\\\/\\\/wezaj.pl\\\/de\\\/strona-glowna-de\\\/#primaryimage\"},\"thumbnailUrl\":\"https:\\\/\\\/wezaj.pl\\\/wp-content\\\/uploads\\\/2020\\\/06\\\/Wezaj-domki-img.jpg\",\"datePublished\":\"2020-06-14T18:14:45+00:00\",\"dateModified\":\"2020-08-03T12:44:33+00:00\",\"breadcrumb\":{\"@id\":\"https:\\\/\\\/wezaj.pl\\\/de\\\/strona-glowna-de\\\/#breadcrumb\"},\"inLanguage\":\"de\",\"potentialAction\":[{\"@type\":\"ReadAction\",\"target\":[\"https:\\\/\\\/wezaj.pl\\\/de\\\/strona-glowna-de\\\/\"]}]},{\"@type\":\"ImageObject\",\"inLanguage\":\"de\",\"@id\":\"https:\\\/\\\/wezaj.pl\\\/de\\\/strona-glowna-de\\\/#primaryimage\",\"url\":\"https:\\\/\\\/wezaj.pl\\\/wp-content\\\/uploads\\\/2020\\\/06\\\/Wezaj-domki-img.jpg\",\"contentUrl\":\"https:\\\/\\\/wezaj.pl\\\/wp-content\\\/uploads\\\/2020\\\/06\\\/Wezaj-domki-img.jpg\"},{\"@type\":\"BreadcrumbList\",\"@id\":\"https:\\\/\\\/wezaj.pl\\\/de\\\/strona-glowna-de\\\/#breadcrumb\",\"itemListElement\":[{\"@type\":\"ListItem\",\"position\":1,\"name\":\"Strona g\u0142\u00f3wna\",\"item\":\"https:\\\/\\\/wezaj.pl\\\/de\\\/strona-glowna-de\\\/\"},{\"@type\":\"ListItem\",\"position\":2,\"name\":\"Strona g\u0142\u00f3wna DE\"}]},{\"@type\":\"WebSite\",\"@id\":\"https:\\\/\\\/wezaj.pl\\\/#website\",\"url\":\"https:\\\/\\\/wezaj.pl\\\/\",\"name\":\"O\u015brodek Wypoczynkowy WEZAJ\",\"description\":\"\",\"potentialAction\":[{\"@type\":\"SearchAction\",\"target\":{\"@type\":\"EntryPoint\",\"urlTemplate\":\"https:\\\/\\\/wezaj.pl\\\/?s={search_term_string}\"},\"query-input\":{\"@type\":\"PropertyValueSpecification\",\"valueRequired\":true,\"valueName\":\"search_term_string\"}}],\"inLanguage\":\"de\"}]}<\/script>\n<!-- \/ Yoast SEO plugin. -->","yoast_head_json":{"title":"Strona g\u0142\u00f3wna DE - O\u015brodek Wypoczynkowy WEZAJ","robots":{"index":"index","follow":"follow","max-snippet":"max-snippet:-1","max-image-preview":"max-image-preview:large","max-video-preview":"max-video-preview:-1"},"canonical":"https:\/\/wezaj.pl\/de\/strona-glowna-de\/","og_locale":"de_DE","og_type":"article","og_title":"Strona g\u0142\u00f3wna DE - O\u015brodek Wypoczynkowy WEZAJ","og_description":"[vc_row el_class=&#8220;box-razem&#8220;][vc_column width=&#8220;1\/2&#8243;][vc_column_text el_class=&#8220;box-text&#8220; css=&#8220;.vc_custom_1592208559395{padding-right: 100px !important;}&#8220;] \u00dcber Uns Wir \u00f6ffneten die Ferienanlage WEZAJ im Juli 2011. Von Anfang an wollten wir, damit dieser Ort besonders, ideal f\u00fcr Familienerholung, im Gr\u00fcnen weitab vom Stadtl\u00e4rm war. WEZAJ ist ein Komplex von komfortablen, ganzj\u00e4hrigen Ferienh\u00e4usern, die so gestaltet wurden, damit sie nat\u00fcrlich in die Landschaftumgebung eingepasst wurden.[\/vc_column_text][\/vc_column][vc_column [&hellip;]","og_url":"https:\/\/wezaj.pl\/de\/strona-glowna-de\/","og_site_name":"O\u015brodek Wypoczynkowy WEZAJ","article_modified_time":"2020-08-03T12:44:33+00:00","og_image":[{"url":"https:\/\/wezaj.pl\/wp-content\/uploads\/2020\/06\/Wezaj-domki-img.jpg","type":"","width":"","height":""}],"twitter_card":"summary_large_image","twitter_misc":{"Gesch\u00e4tzte Lesezeit":"5\u00a0Minuten"},"schema":{"@context":"https:\/\/schema.org","@graph":[{"@type":"WebPage","@id":"https:\/\/wezaj.pl\/de\/strona-glowna-de\/","url":"https:\/\/wezaj.pl\/de\/strona-glowna-de\/","name":"Strona g\u0142\u00f3wna DE - O\u015brodek Wypoczynkowy WEZAJ","isPartOf":{"@id":"https:\/\/wezaj.pl\/#website"},"primaryImageOfPage":{"@id":"https:\/\/wezaj.pl\/de\/strona-glowna-de\/#primaryimage"},"image":{"@id":"https:\/\/wezaj.pl\/de\/strona-glowna-de\/#primaryimage"},"thumbnailUrl":"https:\/\/wezaj.pl\/wp-content\/uploads\/2020\/06\/Wezaj-domki-img.jpg","datePublished":"2020-06-14T18:14:45+00:00","dateModified":"2020-08-03T12:44:33+00:00","breadcrumb":{"@id":"https:\/\/wezaj.pl\/de\/strona-glowna-de\/#breadcrumb"},"inLanguage":"de","potentialAction":[{"@type":"ReadAction","target":["https:\/\/wezaj.pl\/de\/strona-glowna-de\/"]}]},{"@type":"ImageObject","inLanguage":"de","@id":"https:\/\/wezaj.pl\/de\/strona-glowna-de\/#primaryimage","url":"https:\/\/wezaj.pl\/wp-content\/uploads\/2020\/06\/Wezaj-domki-img.jpg","contentUrl":"https:\/\/wezaj.pl\/wp-content\/uploads\/2020\/06\/Wezaj-domki-img.jpg"},{"@type":"BreadcrumbList","@id":"https:\/\/wezaj.pl\/de\/strona-glowna-de\/#breadcrumb","itemListElement":[{"@type":"ListItem","position":1,"name":"Strona g\u0142\u00f3wna","item":"https:\/\/wezaj.pl\/de\/strona-glowna-de\/"},{"@type":"ListItem","position":2,"name":"Strona g\u0142\u00f3wna DE"}]},{"@type":"WebSite","@id":"https:\/\/wezaj.pl\/#website","url":"https:\/\/wezaj.pl\/","name":"O\u015brodek Wypoczynkowy WEZAJ","description":"","potentialAction":[{"@type":"SearchAction","target":{"@type":"EntryPoint","urlTemplate":"https:\/\/wezaj.pl\/?s={search_term_string}"},"query-input":{"@type":"PropertyValueSpecification","valueRequired":true,"valueName":"search_term_string"}}],"inLanguage":"de"}]}},"_links":{"self":[{"href":"https:\/\/wezaj.pl\/de\/wp-json\/wp\/v2\/pages\/181","targetHints":{"allow":["GET"]}}],"collection":[{"href":"https:\/\/wezaj.pl\/de\/wp-json\/wp\/v2\/pages"}],"about":[{"href":"https:\/\/wezaj.pl\/de\/wp-json\/wp\/v2\/types\/page"}],"author":[{"embeddable":true,"href":"https:\/\/wezaj.pl\/de\/wp-json\/wp\/v2\/users\/1"}],"replies":[{"embeddable":true,"href":"https:\/\/wezaj.pl\/de\/wp-json\/wp\/v2\/comments?post=181"}],"version-history":[{"count":0,"href":"https:\/\/wezaj.pl\/de\/wp-json\/wp\/v2\/pages\/181\/revisions"}],"wp:attachment":[{"href":"https:\/\/wezaj.pl\/de\/wp-json\/wp\/v2\/media?parent=181"}],"curies":[{"name":"wp","href":"https:\/\/api.w.org\/{rel}","templated":true}]}}