{"id":179,"date":"2020-06-14T20:13:51","date_gmt":"2020-06-14T18:13:51","guid":{"rendered":"https:\/\/test.wezaj.pl\/?page_id=179"},"modified":"2025-09-16T12:41:26","modified_gmt":"2025-09-16T10:41:26","slug":"preise","status":"publish","type":"page","link":"https:\/\/wezaj.pl\/de\/preise\/","title":{"rendered":"Preise 2025"},"content":{"rendered":"<div class=\"wpb-content-wrapper\"><p>[vc_row disable_element=&#8220;yes&#8220; css=&#8220;.vc_custom_1749725182836{margin-bottom: 30px !important;}&#8220;][vc_column width=&#8220;1\/12&#8243;][\/vc_column][vc_column width=&#8220;10\/12&#8243; el_class=&#8220;cennik&#8220; css=&#8220;.vc_custom_1592341074754{background-color: #e3e3e3 !important;}&#8220;][vc_column_text css=&#8220;&#8220;]<\/p>\n<h2><span class=\"header-page-title\">SAISON &#8211; Winter und fr\u00fcher Fr\u00fchling<\/span><\/h2>\n<p><span class='linia linia-80'><\/span>Preis f\u00fcr Appartment (4 Personen\/ Nacht)<\/p>\n<table style=\"border-collapse: collapse; width: 100%;\">\n<tbody>\n<tr>\n<td class=\"col-1\" style=\"width: 33.3333%;\"><span class='icon_calendar'><\/span> <strong>2. JANUAR &#8211; 31. M\u00c4RZ 2025<br \/>\n<\/strong><\/td>\n<td class=\"col-2\" style=\"width: 33.1541%;\">\n<p>BIS 3 TAGE<\/p>\n<p>MEHR ALS 3 TAGE<\/td>\n<td class=\"col-3\" style=\"width: 33.3333%;\">\n<p>320 PLN<\/p>\n<p>280 PLN<\/td>\n<\/tr>\n<\/tbody>\n<\/table>\n<p>[\/vc_column_text][\/vc_column][vc_column width=&#8220;1\/12&#8243;][\/vc_column][\/vc_row][vc_row disable_element=&#8220;yes&#8220; css=&#8220;.vc_custom_1749725193579{margin-bottom: 30px !important;}&#8220;][vc_column width=&#8220;1\/12&#8243;][\/vc_column][vc_column width=&#8220;10\/12&#8243; el_class=&#8220;cennik&#8220; css=&#8220;.vc_custom_1592341074754{background-color: #e3e3e3 !important;}&#8220;][vc_column_text css=&#8220;&#8220;]<\/p>\n<h2><span class=\"header-page-title\">SAISON &#8211; Fr\u00fchling<\/span><\/h2>\n<p><span class='linia linia-80'><\/span>Preis f\u00fcr Appartment (4 Personen\/ Nacht)<\/p>\n<table style=\"border-collapse: collapse; width: 100%;\">\n<tbody>\n<tr>\n<td class=\"col-1\" style=\"width: 33.3333%;\"><span class='icon_calendar'><\/span> <strong>1. APRIL &#8211; 29. APRIL 2025*<\/strong><\/td>\n<td class=\"col-2\" style=\"width: 33.1541%;\">\n<p>BIS 3 TAGE<\/p>\n<p>MEHR ALS 3 TAGE<\/td>\n<td class=\"col-3\" style=\"width: 33.5125%;\">\n<p>320 PLN<\/p>\n<p>280 PLN<\/td>\n<\/tr>\n<tr>\n<td class=\"col-1\" style=\"width: 33.3333%;\">\n<p><span class='icon_calendar'><\/span> <strong>5.MAI &#8211; 29. MAI 2025*<\/strong><\/p>\n<p>*ausgenommen sind das saison Ostern und das saison MaiWochenend<\/td>\n<td class=\"col-2\" style=\"width: 33.1541%;\">\n<p>BIS 3 TAGE<\/p>\n<p>MEHR ALS 3 TAGE<\/td>\n<td class=\"col-3\" style=\"width: 33.5125%;\">\n<p>350 PLN<\/p>\n<p>320 PLN<\/td>\n<\/tr>\n<\/tbody>\n<\/table>\n<p>[\/vc_column_text][\/vc_column][vc_column width=&#8220;1\/12&#8243;][\/vc_column][\/vc_row][vc_row disable_element=&#8220;yes&#8220; css=&#8220;.vc_custom_1749725202624{margin-bottom: 30px !important;}&#8220;][vc_column width=&#8220;1\/12&#8243;][\/vc_column][vc_column width=&#8220;10\/12&#8243; el_class=&#8220;cennik&#8220; css=&#8220;.vc_custom_1592341074754{background-color: #e3e3e3 !important;}&#8220;][vc_column_text css=&#8220;&#8220;]<\/p>\n<h2><span class=\"header-page-title\">SAISON &#8211; Ostern<\/span><\/h2>\n<p><span class='linia linia-80'><\/span>das Angebot nur im Paket. Preis f\u00fcr Appartment (5 Personen\/ Nacht)<\/p>\n<table style=\"border-collapse: collapse; width: 100%;\">\n<tbody>\n<tr>\n<td class=\"col-1\" style=\"width: 183px;\"><span class='icon_calendar'><\/span> <strong>18. APRIL &#8211; 21. APRIL 2025<\/strong><br \/>\n(das Angebot nur im Paket f\u00fcr 3 N\u00e4chte)<\/td>\n<td class=\"col-2\" style=\"width: 182px;\">3 N\u00c4CHTE<\/td>\n<td class=\"col-3\" style=\"width: 183px;\">1200 PLN<\/td>\n<\/tr>\n<\/tbody>\n<\/table>\n<p>[\/vc_column_text][\/vc_column][vc_column width=&#8220;1\/12&#8243;][\/vc_column][\/vc_row][vc_row disable_element=&#8220;yes&#8220; css=&#8220;.vc_custom_1749725214001{margin-bottom: 30px !important;}&#8220;][vc_column width=&#8220;1\/12&#8243;][\/vc_column][vc_column width=&#8220;10\/12&#8243; el_class=&#8220;cennik&#8220; css=&#8220;.vc_custom_1592341074754{background-color: #e3e3e3 !important;}&#8220;][vc_column_text css=&#8220;&#8220;]<\/p>\n<h2><span class=\"header-page-title\">SAISON &#8211; Maiwochenende<\/span><\/h2>\n<p><span class='linia linia-80'><\/span>das Angebot nur im Paket. Preis f\u00fcr Appartment (4 Personen\/ Nacht)<\/p>\n<table style=\"border-collapse: collapse; width: 100%;\">\n<tbody>\n<tr>\n<td class=\"col-1\" style=\"width: 183px;\"><span class='icon_calendar'><\/span> <strong>1. APRIL &#8211; 5. MAI 2025<\/strong><br \/>\n(das Angebot nur im Paket f\u00fcr 3 N\u00e4chte)<\/td>\n<td class=\"col-2\" style=\"width: 182px;\">4 N\u00c4CHTE<\/td>\n<td class=\"col-3\" style=\"width: 183px;\">1600 PLN<\/td>\n<\/tr>\n<\/tbody>\n<\/table>\n<p>[\/vc_column_text][\/vc_column][vc_column width=&#8220;1\/12&#8243;][\/vc_column][\/vc_row][vc_row disable_element=&#8220;yes&#8220; css=&#8220;.vc_custom_1758019276498{margin-bottom: 30px !important;}&#8220;][vc_column width=&#8220;1\/12&#8243;][\/vc_column][vc_column width=&#8220;10\/12&#8243; el_class=&#8220;cennik&#8220; css=&#8220;.vc_custom_1592341074754{background-color: #e3e3e3 !important;}&#8220;][vc_column_text css=&#8220;&#8220;]<\/p>\n<h2><span class=\"header-page-title\">SAISON &#8211; Fronleichnam Wochenende<\/span><\/h2>\n<p><span class='linia linia-80'><\/span>Preis f\u00fcr Appartment<\/p>\n<table style=\"border-collapse: collapse; width: 100%;\">\n<tbody>\n<tr>\n<td class=\"col-1\" style=\"width: 183px;\"><span class='icon_calendar'><\/span> <strong>18. JUNI &#8211; 22. JUNI 2025<\/strong><\/td>\n<td class=\"col-2\" style=\"width: 182px;\">1 NACHT<\/td>\n<td class=\"col-3\" style=\"width: 183px;\">350 PLN<\/td>\n<\/tr>\n<\/tbody>\n<\/table>\n<p>[\/vc_column_text][\/vc_column][vc_column width=&#8220;1\/12&#8243;][\/vc_column][\/vc_row][vc_row disable_element=&#8220;yes&#8220; css=&#8220;.vc_custom_1705660549748{margin-bottom: 30px !important;}&#8220;][vc_column width=&#8220;1\/12&#8243;][\/vc_column][vc_column width=&#8220;10\/12&#8243; el_class=&#8220;cennik&#8220; css=&#8220;.vc_custom_1592341074754{background-color: #e3e3e3 !important;}&#8220;][vc_column_text]<\/p>\n<h2><span class=\"header-page-title\">SAISON &#8211; Fr\u00fche Ferien<\/span><\/h2>\n<p><span class='linia linia-80'><\/span>Preis f\u00fcr Appartment (4 Personen\/ Nacht)<\/p>\n<table style=\"border-collapse: collapse; width: 100%;\">\n<tbody>\n<tr>\n<td class=\"col-1\" style=\"width: 183px;\"><span class='icon_calendar'><\/span> <strong>6. JUNI &#8211; 4. JULI 2021<\/strong><\/td>\n<td class=\"col-2\" style=\"width: 182px;\">\n<p>BIS 3 TAGE<\/p>\n<p>MEHR ALS 3 TAGE<\/td>\n<td class=\"col-3\" style=\"width: 183px;\">\n<p>300 PLN<\/p>\n<p>280 PLN<\/td>\n<\/tr>\n<\/tbody>\n<\/table>\n<p>[\/vc_column_text][\/vc_column][vc_column width=&#8220;1\/12&#8243;][\/vc_column][\/vc_row][vc_row disable_element=&#8220;yes&#8220; css=&#8220;.vc_custom_1758018683411{margin-bottom: 30px !important;}&#8220;][vc_column width=&#8220;1\/12&#8243;][\/vc_column][vc_column width=&#8220;10\/12&#8243; el_class=&#8220;cennik&#8220; css=&#8220;.vc_custom_1592341074754{background-color: #e3e3e3 !important;}&#8220;][vc_column_text css=&#8220;&#8220;]<\/p>\n<h2><span class=\"header-page-title\">SAISON &#8211; Unvergessliche Sommerferien<\/span><\/h2>\n<p><span class='linia linia-80'><\/span>Preis f\u00fcr Appartment (4 Personen\/ Nacht)<\/p>\n<table style=\"border-collapse: collapse; width: 100%;\">\n<tbody>\n<tr>\n<td class=\"col-1\" style=\"width: 183px;\"><span class='icon_calendar'><\/span> 1<strong>. JULI &#8211; 31 AUGUST 2025<\/strong><\/td>\n<td class=\"col-2\" style=\"width: 182px;\">\n<p>BIS 3 TAGE<\/p>\n<p>MEHR ALS 3 TAGE<\/td>\n<td class=\"col-3\" style=\"width: 183px;\">\n<p>400 PLN<\/p>\n<p>380 PLN<\/td>\n<\/tr>\n<\/tbody>\n<\/table>\n<p>[\/vc_column_text][\/vc_column][vc_column width=&#8220;1\/12&#8243;][\/vc_column][\/vc_row][vc_row disable_element=&#8220;yes&#8220; css=&#8220;.vc_custom_1749725231027{margin-bottom: 30px !important;}&#8220;][vc_column width=&#8220;1\/12&#8243;][\/vc_column][vc_column width=&#8220;10\/12&#8243; el_class=&#8220;cennik&#8220; css=&#8220;.vc_custom_1592341074754{background-color: #e3e3e3 !important;}&#8220;][vc_column_text css=&#8220;&#8220;]<\/p>\n<h2><span class=\"header-page-title\">SAISON &#8211; Triathlon<\/span><\/h2>\n<p><span class='linia linia-80'><\/span>das Angebot nur im Paket. Preis f\u00fcr Appartment (4 Personen\/ 2 Nacht)<\/p>\n<table style=\"border-collapse: collapse; width: 100%;\">\n<tbody>\n<tr>\n<td class=\"col-1\" style=\"width: 183px;\"><span class='icon_calendar'><\/span> <strong>29 MAY.-01. JUNI 2025<\/strong><br \/>\n(das Angebot nur im Paket f\u00fcr 2 N\u00e4chte)<\/td>\n<td class=\"col-2\" style=\"width: 182px;\">2 N\u00c4CHTE<\/td>\n<td class=\"col-3\" style=\"width: 183px;\">800 PLN<\/td>\n<\/tr>\n<\/tbody>\n<\/table>\n<p>[\/vc_column_text][\/vc_column][vc_column width=&#8220;1\/12&#8243;][\/vc_column][\/vc_row][vc_row css=&#8220;.vc_custom_1740571283052{margin-bottom: 30px !important;}&#8220;][vc_column width=&#8220;1\/12&#8243;][\/vc_column][vc_column width=&#8220;10\/12&#8243; el_class=&#8220;cennik&#8220; css=&#8220;.vc_custom_1592341074754{background-color: #e3e3e3 !important;}&#8220;][vc_column_text css=&#8220;&#8220;]<\/p>\n<h2><span class=\"header-page-title\">SAISON &#8211; Auf Fische und Pilzesammeln<\/span><\/h2>\n<p><span class='linia linia-80'><\/span>Preis f\u00fcr Appartment (4 Personen\/ Nacht)<\/p>\n<table style=\"border-collapse: collapse; width: 100%;\">\n<tbody>\n<tr>\n<td class=\"col-1\" style=\"width: 183px;\"><span class='icon_calendar'><\/span> <strong>1. SEPTEMBER &#8211; 30. OKTOBER 2025<\/strong><\/td>\n<td class=\"col-2\" style=\"width: 182px;\">\n<p>BIS 3 TAGE<\/p>\n<p>MEHR ALS 3 TAGE<\/td>\n<td class=\"col-3\" style=\"width: 183px;\">\n<p>400 PLN<\/p>\n<p>380 PLN<\/td>\n<\/tr>\n<\/tbody>\n<\/table>\n<p>[\/vc_column_text][\/vc_column][vc_column width=&#8220;1\/12&#8243;][\/vc_column][\/vc_row][vc_row css=&#8220;.vc_custom_1592342116717{margin-bottom: 30px !important;}&#8220;][vc_column width=&#8220;1\/12&#8243;][\/vc_column][vc_column width=&#8220;10\/12&#8243; el_class=&#8220;cennik&#8220; css=&#8220;.vc_custom_1592341074754{background-color: #e3e3e3 !important;}&#8220;][vc_column_text css=&#8220;&#8220;]<\/p>\n<h2><span class=\"header-page-title\">SAISON &#8211; Sp\u00e4ter Herbst<\/span><\/h2>\n<p><span class='linia linia-80'><\/span>Preis f\u00fcr Appartment (4 Personen\/ Nacht)<\/p>\n<table style=\"border-collapse: collapse; width: 100%;\">\n<tbody>\n<tr>\n<td class=\"col-1\" style=\"width: 183px;\"><span class='icon_calendar'><\/span> <strong>31. OKTOBER &#8211; 23 DEZEMBER 2025<\/strong><\/td>\n<td class=\"col-2\" style=\"width: 182px;\">\n<p>BIS 3 TAGE<\/p>\n<p>MEHR ALS 3 TAGE<\/td>\n<td class=\"col-3\" style=\"width: 183px;\">\n<p>320 PLN<\/p>\n<p>280 PLN<\/td>\n<\/tr>\n<\/tbody>\n<\/table>\n<p>[\/vc_column_text][\/vc_column][vc_column width=&#8220;1\/12&#8243;][\/vc_column][\/vc_row][vc_row css=&#8220;.vc_custom_1592342116717{margin-bottom: 30px !important;}&#8220;][vc_column width=&#8220;1\/12&#8243;][\/vc_column][vc_column width=&#8220;10\/12&#8243; el_class=&#8220;cennik&#8220; css=&#8220;.vc_custom_1592341074754{background-color: #e3e3e3 !important;}&#8220;][vc_column_text css=&#8220;&#8220;]<\/p>\n<h2><span class=\"header-page-title\">SAISON &#8211; Weihnachten<\/span><\/h2>\n<p><span class='linia linia-80'><\/span>Preis f\u00fcr Appartment (4 Personen\/ Nacht)<\/p>\n<table style=\"border-collapse: collapse; width: 100%;\">\n<tbody>\n<tr>\n<td class=\"col-1\" style=\"width: 183px;\"><span class='icon_calendar'><\/span> <strong>23. DEZEMBER &#8211; 28. DEZEMBER 2025<\/strong><\/td>\n<td class=\"col-2\" style=\"width: 182px;\">\n<p>BIS 3 TAGE<\/p>\n<p>MEHR ALS 3 TAGE<\/td>\n<td class=\"col-3\" style=\"width: 183px;\">\n<p>420 PLN<\/p>\n<p>380 PLN<\/td>\n<\/tr>\n<\/tbody>\n<\/table>\n<p>[\/vc_column_text][\/vc_column][vc_column width=&#8220;1\/12&#8243;][\/vc_column][\/vc_row][vc_row css=&#8220;.vc_custom_1592342116717{margin-bottom: 30px !important;}&#8220;][vc_column width=&#8220;1\/12&#8243;][\/vc_column][vc_column width=&#8220;10\/12&#8243; el_class=&#8220;cennik&#8220; css=&#8220;.vc_custom_1592341074754{background-color: #e3e3e3 !important;}&#8220;][vc_column_text css=&#8220;&#8220;]<\/p>\n<h2><span class=\"header-page-title\">SAISON &#8211; Silvester<\/span><\/h2>\n<p><span class='linia linia-80'><\/span>Das Angebot nur im Paket. Preis f\u00fcr Appartment (4 Personen\/ Nacht)<\/p>\n<table style=\"border-collapse: collapse; width: 100%;\">\n<tbody>\n<tr>\n<td class=\"col-1\" style=\"width: 183px;\"><span class='icon_calendar'><\/span> <strong>31. DEZEMBER 2025 &#8211; 4. JANUAR 2026<br \/>\n<\/strong>(das Angebot nur im Paket f\u00fcr 4 N\u00e4chte)<\/td>\n<td class=\"col-2\" style=\"width: 182px;\">4 N\u00c4CHTE<\/td>\n<td class=\"col-3\" style=\"width: 183px;\">1600 PLN<\/td>\n<\/tr>\n<\/tbody>\n<\/table>\n<p>[\/vc_column_text][\/vc_column][vc_column width=&#8220;1\/12&#8243;][\/vc_column][\/vc_row][vc_row][vc_column width=&#8220;1\/12&#8243;][\/vc_column][vc_column width=&#8220;10\/12&#8243;][vc_column_text css=&#8220;&#8220;]<\/p>\n<ul style=\"list-style: square; margin-left: 20px;\">\n<li style=\"list-style-type: none;\">\n<ul style=\"list-style: square; margin-left: 20px;\">\n<li>Die maximale Anzahl der Bewohner der H\u00fctte (Erwachsene und Kinder von 0 bis 18 Jahren) darf 5 Personen nicht \u00fcberschreiten<\/li>\n<li>Alle Preise betreffen den Aufenthalt bis 4 Personen im Appartment Und beinhalten MwSt (8%)<\/li>\n<li>Anzahlung in H\u00f6he von 35% des Gesamtpreises des Aufenthalts (nicht weniger als der Gegenwert einer \u00dcbernachtung f\u00fcr ein Ferienhaus zum angegebenen Termin)<\/li>\n<li>Stromverbrauch \u2013 0,86 PLN f\u00fcr jede angefangene kWh \u00fcber 3 kWh pro Person pro Tag (laut Z\u00e4hlerstand)<\/li>\n<li>Tiere 20 PLN\/ Tag<\/li>\n<\/ul>\n<\/li>\n<\/ul>\n<p>[\/vc_column_text][\/vc_column][vc_column width=&#8220;1\/12&#8243;][\/vc_column][\/vc_row]<\/p>\n<\/div>","protected":false},"excerpt":{"rendered":"<p>[vc_row disable_element=&#8220;yes&#8220; css=&#8220;.vc_custom_1749725182836{margin-bottom: 30px !important;}&#8220;][vc_column width=&#8220;1\/12&#8243;][\/vc_column][vc_column width=&#8220;10\/12&#8243; el_class=&#8220;cennik&#8220; css=&#8220;.vc_custom_1592341074754{background-color: #e3e3e3 !important;}&#8220;][vc_column_text css=&#8220;&#8220;] SAISON &#8211; Winter und fr\u00fcher Fr\u00fchling Preis f\u00fcr Appartment (4 Personen\/ Nacht) 2. JANUAR &#8211; 31. M\u00c4RZ 2025 BIS 3 TAGE MEHR ALS 3 TAGE 320 PLN 280 PLN [\/vc_column_text][\/vc_column][vc_column width=&#8220;1\/12&#8243;][\/vc_column][\/vc_row][vc_row disable_element=&#8220;yes&#8220; css=&#8220;.vc_custom_1749725193579{margin-bottom: 30px !important;}&#8220;][vc_column width=&#8220;1\/12&#8243;][\/vc_column][vc_column width=&#8220;10\/12&#8243; el_class=&#8220;cennik&#8220; css=&#8220;.vc_custom_1592341074754{background-color: #e3e3e3 !important;}&#8220;][vc_column_text css=&#8220;&#8220;] SAISON [&hellip;]<\/p>\n","protected":false},"author":1,"featured_media":0,"parent":0,"menu_order":29,"comment_status":"closed","ping_status":"closed","template":"","meta":{"_acf_changed":false,"footnotes":""},"class_list":["post-179","page","type-page","status-publish","hentry"],"acf":[],"yoast_head":"<!-- This site is optimized with the Yoast SEO plugin v27.4 - https:\/\/yoast.com\/product\/yoast-seo-wordpress\/ -->\n<title>Preise 2025 - O\u015brodek Wypoczynkowy WEZAJ<\/title>\n<meta name=\"robots\" content=\"index, follow, max-snippet:-1, max-image-preview:large, max-video-preview:-1\" \/>\n<link rel=\"canonical\" href=\"https:\/\/wezaj.pl\/de\/preise\/\" \/>\n<meta property=\"og:locale\" content=\"de_DE\" \/>\n<meta property=\"og:type\" content=\"article\" \/>\n<meta property=\"og:title\" content=\"Preise 2025 - O\u015brodek Wypoczynkowy WEZAJ\" \/>\n<meta property=\"og:description\" content=\"[vc_row disable_element=&#8220;yes&#8220; css=&#8220;.vc_custom_1749725182836{margin-bottom: 30px !important;}&#8220;][vc_column width=&#8220;1\/12&#8243;][\/vc_column][vc_column width=&#8220;10\/12&#8243; el_class=&#8220;cennik&#8220; css=&#8220;.vc_custom_1592341074754{background-color: #e3e3e3 !important;}&#8220;][vc_column_text css=&#8220;&#8220;] SAISON &#8211; Winter und fr\u00fcher Fr\u00fchling Preis f\u00fcr Appartment (4 Personen\/ Nacht) 2. JANUAR &#8211; 31. M\u00c4RZ 2025 BIS 3 TAGE MEHR ALS 3 TAGE 320 PLN 280 PLN [\/vc_column_text][\/vc_column][vc_column width=&#8220;1\/12&#8243;][\/vc_column][\/vc_row][vc_row disable_element=&#8220;yes&#8220; css=&#8220;.vc_custom_1749725193579{margin-bottom: 30px !important;}&#8220;][vc_column width=&#8220;1\/12&#8243;][\/vc_column][vc_column width=&#8220;10\/12&#8243; el_class=&#8220;cennik&#8220; css=&#8220;.vc_custom_1592341074754{background-color: #e3e3e3 !important;}&#8220;][vc_column_text css=&#8220;&#8220;] SAISON [&hellip;]\" \/>\n<meta property=\"og:url\" content=\"https:\/\/wezaj.pl\/de\/preise\/\" \/>\n<meta property=\"og:site_name\" content=\"O\u015brodek Wypoczynkowy WEZAJ\" \/>\n<meta property=\"article:modified_time\" content=\"2025-09-16T10:41:26+00:00\" \/>\n<meta name=\"twitter:card\" content=\"summary_large_image\" \/>\n<meta name=\"twitter:label1\" content=\"Gesch\u00e4tzte Lesezeit\" \/>\n\t<meta name=\"twitter:data1\" content=\"4\u00a0Minuten\" \/>\n<script type=\"application\/ld+json\" class=\"yoast-schema-graph\">{\"@context\":\"https:\\\/\\\/schema.org\",\"@graph\":[{\"@type\":\"WebPage\",\"@id\":\"https:\\\/\\\/wezaj.pl\\\/de\\\/preise\\\/\",\"url\":\"https:\\\/\\\/wezaj.pl\\\/de\\\/preise\\\/\",\"name\":\"Preise 2025 - O\u015brodek Wypoczynkowy WEZAJ\",\"isPartOf\":{\"@id\":\"https:\\\/\\\/wezaj.pl\\\/#website\"},\"datePublished\":\"2020-06-14T18:13:51+00:00\",\"dateModified\":\"2025-09-16T10:41:26+00:00\",\"breadcrumb\":{\"@id\":\"https:\\\/\\\/wezaj.pl\\\/de\\\/preise\\\/#breadcrumb\"},\"inLanguage\":\"de\",\"potentialAction\":[{\"@type\":\"ReadAction\",\"target\":[\"https:\\\/\\\/wezaj.pl\\\/de\\\/preise\\\/\"]}]},{\"@type\":\"BreadcrumbList\",\"@id\":\"https:\\\/\\\/wezaj.pl\\\/de\\\/preise\\\/#breadcrumb\",\"itemListElement\":[{\"@type\":\"ListItem\",\"position\":1,\"name\":\"Strona g\u0142\u00f3wna\",\"item\":\"https:\\\/\\\/wezaj.pl\\\/de\\\/strona-glowna-de\\\/\"},{\"@type\":\"ListItem\",\"position\":2,\"name\":\"Preise 2025\"}]},{\"@type\":\"WebSite\",\"@id\":\"https:\\\/\\\/wezaj.pl\\\/#website\",\"url\":\"https:\\\/\\\/wezaj.pl\\\/\",\"name\":\"O\u015brodek Wypoczynkowy WEZAJ\",\"description\":\"\",\"potentialAction\":[{\"@type\":\"SearchAction\",\"target\":{\"@type\":\"EntryPoint\",\"urlTemplate\":\"https:\\\/\\\/wezaj.pl\\\/?s={search_term_string}\"},\"query-input\":{\"@type\":\"PropertyValueSpecification\",\"valueRequired\":true,\"valueName\":\"search_term_string\"}}],\"inLanguage\":\"de\"}]}<\/script>\n<!-- \/ Yoast SEO plugin. -->","yoast_head_json":{"title":"Preise 2025 - O\u015brodek Wypoczynkowy WEZAJ","robots":{"index":"index","follow":"follow","max-snippet":"max-snippet:-1","max-image-preview":"max-image-preview:large","max-video-preview":"max-video-preview:-1"},"canonical":"https:\/\/wezaj.pl\/de\/preise\/","og_locale":"de_DE","og_type":"article","og_title":"Preise 2025 - O\u015brodek Wypoczynkowy WEZAJ","og_description":"[vc_row disable_element=&#8220;yes&#8220; css=&#8220;.vc_custom_1749725182836{margin-bottom: 30px !important;}&#8220;][vc_column width=&#8220;1\/12&#8243;][\/vc_column][vc_column width=&#8220;10\/12&#8243; el_class=&#8220;cennik&#8220; css=&#8220;.vc_custom_1592341074754{background-color: #e3e3e3 !important;}&#8220;][vc_column_text css=&#8220;&#8220;] SAISON &#8211; Winter und fr\u00fcher Fr\u00fchling Preis f\u00fcr Appartment (4 Personen\/ Nacht) 2. JANUAR &#8211; 31. M\u00c4RZ 2025 BIS 3 TAGE MEHR ALS 3 TAGE 320 PLN 280 PLN [\/vc_column_text][\/vc_column][vc_column width=&#8220;1\/12&#8243;][\/vc_column][\/vc_row][vc_row disable_element=&#8220;yes&#8220; css=&#8220;.vc_custom_1749725193579{margin-bottom: 30px !important;}&#8220;][vc_column width=&#8220;1\/12&#8243;][\/vc_column][vc_column width=&#8220;10\/12&#8243; el_class=&#8220;cennik&#8220; css=&#8220;.vc_custom_1592341074754{background-color: #e3e3e3 !important;}&#8220;][vc_column_text css=&#8220;&#8220;] SAISON [&hellip;]","og_url":"https:\/\/wezaj.pl\/de\/preise\/","og_site_name":"O\u015brodek Wypoczynkowy WEZAJ","article_modified_time":"2025-09-16T10:41:26+00:00","twitter_card":"summary_large_image","twitter_misc":{"Gesch\u00e4tzte Lesezeit":"4\u00a0Minuten"},"schema":{"@context":"https:\/\/schema.org","@graph":[{"@type":"WebPage","@id":"https:\/\/wezaj.pl\/de\/preise\/","url":"https:\/\/wezaj.pl\/de\/preise\/","name":"Preise 2025 - O\u015brodek Wypoczynkowy WEZAJ","isPartOf":{"@id":"https:\/\/wezaj.pl\/#website"},"datePublished":"2020-06-14T18:13:51+00:00","dateModified":"2025-09-16T10:41:26+00:00","breadcrumb":{"@id":"https:\/\/wezaj.pl\/de\/preise\/#breadcrumb"},"inLanguage":"de","potentialAction":[{"@type":"ReadAction","target":["https:\/\/wezaj.pl\/de\/preise\/"]}]},{"@type":"BreadcrumbList","@id":"https:\/\/wezaj.pl\/de\/preise\/#breadcrumb","itemListElement":[{"@type":"ListItem","position":1,"name":"Strona g\u0142\u00f3wna","item":"https:\/\/wezaj.pl\/de\/strona-glowna-de\/"},{"@type":"ListItem","position":2,"name":"Preise 2025"}]},{"@type":"WebSite","@id":"https:\/\/wezaj.pl\/#website","url":"https:\/\/wezaj.pl\/","name":"O\u015brodek Wypoczynkowy WEZAJ","description":"","potentialAction":[{"@type":"SearchAction","target":{"@type":"EntryPoint","urlTemplate":"https:\/\/wezaj.pl\/?s={search_term_string}"},"query-input":{"@type":"PropertyValueSpecification","valueRequired":true,"valueName":"search_term_string"}}],"inLanguage":"de"}]}},"_links":{"self":[{"href":"https:\/\/wezaj.pl\/de\/wp-json\/wp\/v2\/pages\/179","targetHints":{"allow":["GET"]}}],"collection":[{"href":"https:\/\/wezaj.pl\/de\/wp-json\/wp\/v2\/pages"}],"about":[{"href":"https:\/\/wezaj.pl\/de\/wp-json\/wp\/v2\/types\/page"}],"author":[{"embeddable":true,"href":"https:\/\/wezaj.pl\/de\/wp-json\/wp\/v2\/users\/1"}],"replies":[{"embeddable":true,"href":"https:\/\/wezaj.pl\/de\/wp-json\/wp\/v2\/comments?post=179"}],"version-history":[{"count":8,"href":"https:\/\/wezaj.pl\/de\/wp-json\/wp\/v2\/pages\/179\/revisions"}],"predecessor-version":[{"id":1651,"href":"https:\/\/wezaj.pl\/de\/wp-json\/wp\/v2\/pages\/179\/revisions\/1651"}],"wp:attachment":[{"href":"https:\/\/wezaj.pl\/de\/wp-json\/wp\/v2\/media?parent=179"}],"curies":[{"name":"wp","href":"https:\/\/api.w.org\/{rel}","templated":true}]}}