{"id":172,"date":"2020-06-14T20:09:33","date_gmt":"2020-06-14T18:09:33","guid":{"rendered":"https:\/\/test.wezaj.pl\/?page_id=172"},"modified":"2020-06-16T15:04:34","modified_gmt":"2020-06-16T13:04:34","slug":"attraktionen","status":"publish","type":"page","link":"https:\/\/wezaj.pl\/de\/attraktionen\/","title":{"rendered":"Attraktionen"},"content":{"rendered":"<div class=\"wpb-content-wrapper\"><p>[vc_row][vc_column width=&#8220;1\/6&#8243;][\/vc_column][vc_column width=&#8220;2\/3&#8243;][vc_column_text]<\/p>\n<h2 style=\"text-align: center;\"><span class=\"header-page-title\">Nasz o\u015brodek jak r\u00f3wnie\u017c okolica zapewnia naszym go\u015bciom wiele atrakcji\u00a0<\/span><\/h2>\n<p>[\/vc_column_text][\/vc_column][vc_column width=&#8220;1\/6&#8243;][\/vc_column][\/vc_row][vc_row equal_height=&#8220;yes&#8220; css=&#8220;.vc_custom_1592257449064{background-color: #e3e3e3 !important;}&#8220;][vc_column width=&#8220;1\/2&#8243; css=&#8220;.vc_custom_1592256698697{padding-top: 0px !important;padding-right: 0px !important;padding-bottom: 0px !important;padding-left: 0px !important;}&#8220;][vc_single_image image=&#8220;210&#8243; img_size=&#8220;full&#8220; css=&#8220;.vc_custom_1592256671368{margin-bottom: 0px !important;}&#8220;][\/vc_column][vc_column width=&#8220;1\/2&#8243;][vc_column_text css=&#8220;.vc_custom_1592312671573{padding-right: 10% !important;padding-left: 15% !important;}&#8220;]<\/p>\n<h2 style=\"text-align: center;\"><span class=\"heading-bottom-line\">die Ferienanlage<br \/>\n<\/span><\/h2>\n<p>Bei uns werden Sie sich nie langeweilen.<br \/>\nDie ganzen Familien k\u00f6nnen aus vielen Attraktionen nutzen, die wir f\u00fcr Sie vorbereiteten. Das gro\u00dfe Anlagegebiet ermuntert zum Spielen, aktiven Urlaub oder zur faulen Erholung. Die Ferienh\u00e4user haben Apartmentcharakter und platzieren sich in den leer stehenden Geb\u00e4uden, die gesamt die Pl\u00e4tze f\u00fcr 60 Personen haben. Jedes Apartment hat einen separaten Eingang und eine gro\u00dfe Terrasse, und ist identisch m\u00f6bliert.<\/p>\n<p><span class=\"read-more-green\"><a href=\"\/?page_id=157\">Poznaj atrakcje w naszym o\u015brodku<\/a><\/span>[\/vc_column_text][\/vc_column][\/vc_row][vc_row equal_height=&#8220;yes&#8220; css=&#8220;.vc_custom_1592257449064{background-color: #e3e3e3 !important;}&#8220;][vc_column width=&#8220;1\/2&#8243;][vc_column_text css=&#8220;.vc_custom_1592312552903{padding-right: 10% !important;padding-left: 15% !important;}&#8220;]<\/p>\n<h2 style=\"text-align: center;\"><span class=\"heading-bottom-line\">Verzauberter Garten<\/span><\/h2>\n<p>Unsere Ferienanlage wurde mit R\u00fccksicht auf gelungene Familienerholung gegr\u00fcndet. Wir bem\u00fchten sich, einen Ort zu schaffen, wo sich wirklich wohl die ganzen Familien, und besonders diese mit kleineren Kindern f\u00fchlen werden.<\/p>\n<p>Das war der Grund, um den \u201eVerzauberten Garten\u201d zu bil den. Das ist der einzige Spielplatz\u00a0f\u00fcr die Kinder in der Umgebung. Der ganze \u201everzauberte Garten\u201c ist mit weichem Sand bestreut.\u00a0Er bergt viele Attraktionen in sich<\/p>\n<p><span class=\"read-more-green\"><a href=\"\/?page_id=349\">Dowiedz si\u0119 wi\u0119cej<\/a><\/span>[\/vc_column_text][\/vc_column][vc_column width=&#8220;1\/2&#8243; css=&#8220;.vc_custom_1592258147727{padding-top: 0px !important;padding-right: 0px !important;padding-bottom: 0px !important;padding-left: 0px !important;}&#8220;][vc_single_image image=&#8220;192&#8243; img_size=&#8220;full&#8220; css=&#8220;.vc_custom_1592257964613{margin-bottom: 0px !important;}&#8220;][\/vc_column][\/vc_row][vc_row equal_height=&#8220;yes&#8220; css=&#8220;.vc_custom_1592257449064{background-color: #e3e3e3 !important;}&#8220;][vc_column width=&#8220;1\/2&#8243; css=&#8220;.vc_custom_1592256698697{padding-top: 0px !important;padding-right: 0px !important;padding-bottom: 0px !important;padding-left: 0px !important;}&#8220;][vc_single_image image=&#8220;353&#8243; img_size=&#8220;full&#8220; css=&#8220;.vc_custom_1592258023626{margin-bottom: 0px !important;}&#8220;][\/vc_column][vc_column width=&#8220;1\/2&#8243;][vc_column_text css=&#8220;.vc_custom_1592312448753{padding-right: 10% !important;padding-left: 15% !important;}&#8220;]<\/p>\n<h2 style=\"text-align: center;\"><span class=\"heading-bottom-line\">Umgebung<\/span><\/h2>\n<p>WEZAJ ist wirklich ein wunderbarer Platz, wo man die Spazierg\u00e4nge oder die Radtouren anfangen kann.<br \/>\nDie Ferienanlage WEZAJ liegt am Landrand \u2013 Zatom Nowy, im malerischen Wartatal, an der Grenze des Naturparks von Sierak\u00f3w, des Landes der 100 Seen und der pilzreichen W\u00e4ldern, im Herz der Urwaldes \u201ePuszcza Notecka\u201c.<\/p>\n<p><span class=\"read-more-green\"><a href=\"\/?page_id=175\">Poznaj niezwyk\u0142e atrakcje w naszej okolicy<\/a><\/span>[\/vc_column_text][\/vc_column][\/vc_row]<\/p>\n<\/div>","protected":false},"excerpt":{"rendered":"<p>[vc_row][vc_column width=&#8220;1\/6&#8243;][\/vc_column][vc_column width=&#8220;2\/3&#8243;][vc_column_text] Nasz o\u015brodek jak r\u00f3wnie\u017c okolica zapewnia naszym go\u015bciom wiele atrakcji\u00a0 [\/vc_column_text][\/vc_column][vc_column width=&#8220;1\/6&#8243;][\/vc_column][\/vc_row][vc_row equal_height=&#8220;yes&#8220; css=&#8220;.vc_custom_1592257449064{background-color: #e3e3e3 !important;}&#8220;][vc_column width=&#8220;1\/2&#8243; css=&#8220;.vc_custom_1592256698697{padding-top: 0px !important;padding-right: 0px !important;padding-bottom: 0px !important;padding-left: 0px !important;}&#8220;][vc_single_image image=&#8220;210&#8243; img_size=&#8220;full&#8220; css=&#8220;.vc_custom_1592256671368{margin-bottom: 0px !important;}&#8220;][\/vc_column][vc_column width=&#8220;1\/2&#8243;][vc_column_text css=&#8220;.vc_custom_1592312671573{padding-right: 10% !important;padding-left: 15% !important;}&#8220;] die Ferienanlage Bei uns werden Sie sich nie langeweilen. Die ganzen Familien k\u00f6nnen aus vielen [&hellip;]<\/p>\n","protected":false},"author":1,"featured_media":0,"parent":0,"menu_order":28,"comment_status":"closed","ping_status":"closed","template":"","meta":{"_acf_changed":false,"footnotes":""},"class_list":["post-172","page","type-page","status-publish","hentry"],"acf":[],"yoast_head":"<!-- This site is optimized with the Yoast SEO plugin v27.4 - https:\/\/yoast.com\/product\/yoast-seo-wordpress\/ -->\n<title>Attraktionen - O\u015brodek Wypoczynkowy WEZAJ<\/title>\n<meta name=\"robots\" content=\"index, follow, max-snippet:-1, max-image-preview:large, max-video-preview:-1\" \/>\n<link rel=\"canonical\" href=\"https:\/\/wezaj.pl\/de\/attraktionen\/\" \/>\n<meta property=\"og:locale\" content=\"de_DE\" \/>\n<meta property=\"og:type\" content=\"article\" \/>\n<meta property=\"og:title\" content=\"Attraktionen - O\u015brodek Wypoczynkowy WEZAJ\" \/>\n<meta property=\"og:description\" content=\"[vc_row][vc_column width=&#8220;1\/6&#8243;][\/vc_column][vc_column width=&#8220;2\/3&#8243;][vc_column_text] Nasz o\u015brodek jak r\u00f3wnie\u017c okolica zapewnia naszym go\u015bciom wiele atrakcji\u00a0 [\/vc_column_text][\/vc_column][vc_column width=&#8220;1\/6&#8243;][\/vc_column][\/vc_row][vc_row equal_height=&#8220;yes&#8220; css=&#8220;.vc_custom_1592257449064{background-color: #e3e3e3 !important;}&#8220;][vc_column width=&#8220;1\/2&#8243; css=&#8220;.vc_custom_1592256698697{padding-top: 0px !important;padding-right: 0px !important;padding-bottom: 0px !important;padding-left: 0px !important;}&#8220;][vc_single_image image=&#8220;210&#8243; img_size=&#8220;full&#8220; css=&#8220;.vc_custom_1592256671368{margin-bottom: 0px !important;}&#8220;][\/vc_column][vc_column width=&#8220;1\/2&#8243;][vc_column_text css=&#8220;.vc_custom_1592312671573{padding-right: 10% !important;padding-left: 15% !important;}&#8220;] die Ferienanlage Bei uns werden Sie sich nie langeweilen. Die ganzen Familien k\u00f6nnen aus vielen [&hellip;]\" \/>\n<meta property=\"og:url\" content=\"https:\/\/wezaj.pl\/de\/attraktionen\/\" \/>\n<meta property=\"og:site_name\" content=\"O\u015brodek Wypoczynkowy WEZAJ\" \/>\n<meta property=\"article:modified_time\" content=\"2020-06-16T13:04:34+00:00\" \/>\n<meta name=\"twitter:card\" content=\"summary_large_image\" \/>\n<meta name=\"twitter:label1\" content=\"Gesch\u00e4tzte Lesezeit\" \/>\n\t<meta name=\"twitter:data1\" content=\"2\u00a0Minuten\" \/>\n<script type=\"application\/ld+json\" class=\"yoast-schema-graph\">{\"@context\":\"https:\\\/\\\/schema.org\",\"@graph\":[{\"@type\":\"WebPage\",\"@id\":\"https:\\\/\\\/wezaj.pl\\\/de\\\/attraktionen\\\/\",\"url\":\"https:\\\/\\\/wezaj.pl\\\/de\\\/attraktionen\\\/\",\"name\":\"Attraktionen - O\u015brodek Wypoczynkowy WEZAJ\",\"isPartOf\":{\"@id\":\"https:\\\/\\\/wezaj.pl\\\/#website\"},\"datePublished\":\"2020-06-14T18:09:33+00:00\",\"dateModified\":\"2020-06-16T13:04:34+00:00\",\"breadcrumb\":{\"@id\":\"https:\\\/\\\/wezaj.pl\\\/de\\\/attraktionen\\\/#breadcrumb\"},\"inLanguage\":\"de\",\"potentialAction\":[{\"@type\":\"ReadAction\",\"target\":[\"https:\\\/\\\/wezaj.pl\\\/de\\\/attraktionen\\\/\"]}]},{\"@type\":\"BreadcrumbList\",\"@id\":\"https:\\\/\\\/wezaj.pl\\\/de\\\/attraktionen\\\/#breadcrumb\",\"itemListElement\":[{\"@type\":\"ListItem\",\"position\":1,\"name\":\"Strona g\u0142\u00f3wna\",\"item\":\"https:\\\/\\\/wezaj.pl\\\/de\\\/strona-glowna-de\\\/\"},{\"@type\":\"ListItem\",\"position\":2,\"name\":\"Attraktionen\"}]},{\"@type\":\"WebSite\",\"@id\":\"https:\\\/\\\/wezaj.pl\\\/#website\",\"url\":\"https:\\\/\\\/wezaj.pl\\\/\",\"name\":\"O\u015brodek Wypoczynkowy WEZAJ\",\"description\":\"\",\"potentialAction\":[{\"@type\":\"SearchAction\",\"target\":{\"@type\":\"EntryPoint\",\"urlTemplate\":\"https:\\\/\\\/wezaj.pl\\\/?s={search_term_string}\"},\"query-input\":{\"@type\":\"PropertyValueSpecification\",\"valueRequired\":true,\"valueName\":\"search_term_string\"}}],\"inLanguage\":\"de\"}]}<\/script>\n<!-- \/ Yoast SEO plugin. -->","yoast_head_json":{"title":"Attraktionen - O\u015brodek Wypoczynkowy WEZAJ","robots":{"index":"index","follow":"follow","max-snippet":"max-snippet:-1","max-image-preview":"max-image-preview:large","max-video-preview":"max-video-preview:-1"},"canonical":"https:\/\/wezaj.pl\/de\/attraktionen\/","og_locale":"de_DE","og_type":"article","og_title":"Attraktionen - O\u015brodek Wypoczynkowy WEZAJ","og_description":"[vc_row][vc_column width=&#8220;1\/6&#8243;][\/vc_column][vc_column width=&#8220;2\/3&#8243;][vc_column_text] Nasz o\u015brodek jak r\u00f3wnie\u017c okolica zapewnia naszym go\u015bciom wiele atrakcji\u00a0 [\/vc_column_text][\/vc_column][vc_column width=&#8220;1\/6&#8243;][\/vc_column][\/vc_row][vc_row equal_height=&#8220;yes&#8220; css=&#8220;.vc_custom_1592257449064{background-color: #e3e3e3 !important;}&#8220;][vc_column width=&#8220;1\/2&#8243; css=&#8220;.vc_custom_1592256698697{padding-top: 0px !important;padding-right: 0px !important;padding-bottom: 0px !important;padding-left: 0px !important;}&#8220;][vc_single_image image=&#8220;210&#8243; img_size=&#8220;full&#8220; css=&#8220;.vc_custom_1592256671368{margin-bottom: 0px !important;}&#8220;][\/vc_column][vc_column width=&#8220;1\/2&#8243;][vc_column_text css=&#8220;.vc_custom_1592312671573{padding-right: 10% !important;padding-left: 15% !important;}&#8220;] die Ferienanlage Bei uns werden Sie sich nie langeweilen. Die ganzen Familien k\u00f6nnen aus vielen [&hellip;]","og_url":"https:\/\/wezaj.pl\/de\/attraktionen\/","og_site_name":"O\u015brodek Wypoczynkowy WEZAJ","article_modified_time":"2020-06-16T13:04:34+00:00","twitter_card":"summary_large_image","twitter_misc":{"Gesch\u00e4tzte Lesezeit":"2\u00a0Minuten"},"schema":{"@context":"https:\/\/schema.org","@graph":[{"@type":"WebPage","@id":"https:\/\/wezaj.pl\/de\/attraktionen\/","url":"https:\/\/wezaj.pl\/de\/attraktionen\/","name":"Attraktionen - O\u015brodek Wypoczynkowy WEZAJ","isPartOf":{"@id":"https:\/\/wezaj.pl\/#website"},"datePublished":"2020-06-14T18:09:33+00:00","dateModified":"2020-06-16T13:04:34+00:00","breadcrumb":{"@id":"https:\/\/wezaj.pl\/de\/attraktionen\/#breadcrumb"},"inLanguage":"de","potentialAction":[{"@type":"ReadAction","target":["https:\/\/wezaj.pl\/de\/attraktionen\/"]}]},{"@type":"BreadcrumbList","@id":"https:\/\/wezaj.pl\/de\/attraktionen\/#breadcrumb","itemListElement":[{"@type":"ListItem","position":1,"name":"Strona g\u0142\u00f3wna","item":"https:\/\/wezaj.pl\/de\/strona-glowna-de\/"},{"@type":"ListItem","position":2,"name":"Attraktionen"}]},{"@type":"WebSite","@id":"https:\/\/wezaj.pl\/#website","url":"https:\/\/wezaj.pl\/","name":"O\u015brodek Wypoczynkowy WEZAJ","description":"","potentialAction":[{"@type":"SearchAction","target":{"@type":"EntryPoint","urlTemplate":"https:\/\/wezaj.pl\/?s={search_term_string}"},"query-input":{"@type":"PropertyValueSpecification","valueRequired":true,"valueName":"search_term_string"}}],"inLanguage":"de"}]}},"_links":{"self":[{"href":"https:\/\/wezaj.pl\/de\/wp-json\/wp\/v2\/pages\/172","targetHints":{"allow":["GET"]}}],"collection":[{"href":"https:\/\/wezaj.pl\/de\/wp-json\/wp\/v2\/pages"}],"about":[{"href":"https:\/\/wezaj.pl\/de\/wp-json\/wp\/v2\/types\/page"}],"author":[{"embeddable":true,"href":"https:\/\/wezaj.pl\/de\/wp-json\/wp\/v2\/users\/1"}],"replies":[{"embeddable":true,"href":"https:\/\/wezaj.pl\/de\/wp-json\/wp\/v2\/comments?post=172"}],"version-history":[{"count":0,"href":"https:\/\/wezaj.pl\/de\/wp-json\/wp\/v2\/pages\/172\/revisions"}],"wp:attachment":[{"href":"https:\/\/wezaj.pl\/de\/wp-json\/wp\/v2\/media?parent=172"}],"curies":[{"name":"wp","href":"https:\/\/api.w.org\/{rel}","templated":true}]}}