{"id":166,"date":"2020-06-14T20:07:01","date_gmt":"2020-06-14T18:07:01","guid":{"rendered":"https:\/\/test.wezaj.pl\/?page_id=166"},"modified":"2025-02-26T09:05:30","modified_gmt":"2025-02-26T08:05:30","slug":"kontakt","status":"publish","type":"page","link":"https:\/\/wezaj.pl\/de\/kontakt\/","title":{"rendered":"Kontakt"},"content":{"rendered":"<div class=\"wpb-content-wrapper\"><p>[vc_row equal_height=&#8220;yes&#8220; css=&#8220;.vc_custom_1592161399979{background-color: #e3e3e3 !important;}&#8220;][vc_column width=&#8220;1\/2&#8243; css=&#8220;.vc_custom_1592161767550{padding-top: 0px !important;padding-right: 0px !important;padding-left: 0px !important;}&#8220;][vc_single_image image=&#8220;210&#8243; img_size=&#8220;full&#8220; css=&#8220;.vc_custom_1592161816158{margin-bottom: 0px !important;}&#8220;][\/vc_column][vc_column width=&#8220;1\/2&#8243;][vc_column_text css=&#8220;.vc_custom_1740557126142{padding-right: 5% !important;padding-left: 5% !important;}&#8220; el_class=&#8220;kontakt-line&#8220;]<\/p>\n<h2 style=\"text-align: center;\"><span class=\"header-page-title\">O\u015brodek Wypoczynkowy WEZAJ<\/span><\/h2>\n<span class='linia linia-80'><\/span>\n<p>Zatom Nowy 18B k\/ Sierakowa<br \/>\n64-400 Mi\u0119dzych\u00f3d, woj. wielkopolskie<\/p>\n<p>tel. +48 95 748 99 66<br \/>\nkom. +48 695 694 040<br \/>\n<a href=\"mailto:rezerwacja@wezaj.pl\">rezerwacja@wezaj.pl<\/a><\/p>\n<p><strong>Numer konta:<\/strong><br \/>\nPL 63 1090 1388 0000 0001 6079 6858[\/vc_column_text][\/vc_column][\/vc_row][vc_row][vc_column][vc_column_text]<\/p>\n<div class=\"cnt\">\n<div class=\"mlr_36\">Auf Grund von verschiedenen Arbeitszeiten der F\u00e4hre, die zwischen Zatom Stary und Zatom Nowy f\u00e4hrt, raten wir unseren G\u00e4sten die Zufahrt in die Ferienanlage WEZAJ mit dem Weg Nr. 198 von der Seite der Stadt Sierak\u00f3w oder der Stadt Mi\u0119dzych\u00f3d.<\/div>\n<\/div>\n<p>[\/vc_column_text][\/vc_column][\/vc_row]<\/p>\n<\/div>","protected":false},"excerpt":{"rendered":"<p>[vc_row equal_height=&#8220;yes&#8220; css=&#8220;.vc_custom_1592161399979{background-color: #e3e3e3 !important;}&#8220;][vc_column width=&#8220;1\/2&#8243; css=&#8220;.vc_custom_1592161767550{padding-top: 0px !important;padding-right: 0px !important;padding-left: 0px !important;}&#8220;][vc_single_image image=&#8220;210&#8243; img_size=&#8220;full&#8220; css=&#8220;.vc_custom_1592161816158{margin-bottom: 0px !important;}&#8220;][\/vc_column][vc_column width=&#8220;1\/2&#8243;][vc_column_text css=&#8220;.vc_custom_1740557126142{padding-right: 5% !important;padding-left: 5% !important;}&#8220; el_class=&#8220;kontakt-line&#8220;] O\u015brodek Wypoczynkowy WEZAJ Zatom Nowy 18B k\/ Sierakowa 64-400 Mi\u0119dzych\u00f3d, woj. wielkopolskie tel. +48 95 748 99 66 kom. +48 695 694 040 rezerwacja@wezaj.pl Numer konta: PL 63 1090 1388 [&hellip;]<\/p>\n","protected":false},"author":1,"featured_media":0,"parent":0,"menu_order":57,"comment_status":"closed","ping_status":"closed","template":"","meta":{"_acf_changed":false,"footnotes":""},"class_list":["post-166","page","type-page","status-publish","hentry"],"acf":[],"yoast_head":"<!-- This site is optimized with the Yoast SEO plugin v27.4 - https:\/\/yoast.com\/product\/yoast-seo-wordpress\/ -->\n<title>Kontakt - O\u015brodek Wypoczynkowy WEZAJ<\/title>\n<meta name=\"robots\" content=\"index, follow, max-snippet:-1, max-image-preview:large, max-video-preview:-1\" \/>\n<link rel=\"canonical\" href=\"https:\/\/wezaj.pl\/de\/kontakt\/\" \/>\n<meta property=\"og:locale\" content=\"de_DE\" \/>\n<meta property=\"og:type\" content=\"article\" \/>\n<meta property=\"og:title\" content=\"Kontakt - O\u015brodek Wypoczynkowy WEZAJ\" \/>\n<meta property=\"og:description\" content=\"[vc_row equal_height=&#8220;yes&#8220; css=&#8220;.vc_custom_1592161399979{background-color: #e3e3e3 !important;}&#8220;][vc_column width=&#8220;1\/2&#8243; css=&#8220;.vc_custom_1592161767550{padding-top: 0px !important;padding-right: 0px !important;padding-left: 0px !important;}&#8220;][vc_single_image image=&#8220;210&#8243; img_size=&#8220;full&#8220; css=&#8220;.vc_custom_1592161816158{margin-bottom: 0px !important;}&#8220;][\/vc_column][vc_column width=&#8220;1\/2&#8243;][vc_column_text css=&#8220;.vc_custom_1740557126142{padding-right: 5% !important;padding-left: 5% !important;}&#8220; el_class=&#8220;kontakt-line&#8220;] O\u015brodek Wypoczynkowy WEZAJ Zatom Nowy 18B k\/ Sierakowa 64-400 Mi\u0119dzych\u00f3d, woj. wielkopolskie tel. +48 95 748 99 66 kom. +48 695 694 040 rezerwacja@wezaj.pl Numer konta: PL 63 1090 1388 [&hellip;]\" \/>\n<meta property=\"og:url\" content=\"https:\/\/wezaj.pl\/de\/kontakt\/\" \/>\n<meta property=\"og:site_name\" content=\"O\u015brodek Wypoczynkowy WEZAJ\" \/>\n<meta property=\"article:modified_time\" content=\"2025-02-26T08:05:30+00:00\" \/>\n<meta name=\"twitter:card\" content=\"summary_large_image\" \/>\n<meta name=\"twitter:label1\" content=\"Gesch\u00e4tzte Lesezeit\" \/>\n\t<meta name=\"twitter:data1\" content=\"1\u00a0Minute\" \/>\n<script type=\"application\/ld+json\" class=\"yoast-schema-graph\">{\"@context\":\"https:\\\/\\\/schema.org\",\"@graph\":[{\"@type\":\"WebPage\",\"@id\":\"https:\\\/\\\/wezaj.pl\\\/de\\\/kontakt\\\/\",\"url\":\"https:\\\/\\\/wezaj.pl\\\/de\\\/kontakt\\\/\",\"name\":\"Kontakt - O\u015brodek Wypoczynkowy WEZAJ\",\"isPartOf\":{\"@id\":\"https:\\\/\\\/wezaj.pl\\\/#website\"},\"datePublished\":\"2020-06-14T18:07:01+00:00\",\"dateModified\":\"2025-02-26T08:05:30+00:00\",\"breadcrumb\":{\"@id\":\"https:\\\/\\\/wezaj.pl\\\/de\\\/kontakt\\\/#breadcrumb\"},\"inLanguage\":\"de\",\"potentialAction\":[{\"@type\":\"ReadAction\",\"target\":[\"https:\\\/\\\/wezaj.pl\\\/de\\\/kontakt\\\/\"]}]},{\"@type\":\"BreadcrumbList\",\"@id\":\"https:\\\/\\\/wezaj.pl\\\/de\\\/kontakt\\\/#breadcrumb\",\"itemListElement\":[{\"@type\":\"ListItem\",\"position\":1,\"name\":\"Strona g\u0142\u00f3wna\",\"item\":\"https:\\\/\\\/wezaj.pl\\\/de\\\/strona-glowna-de\\\/\"},{\"@type\":\"ListItem\",\"position\":2,\"name\":\"Kontakt\"}]},{\"@type\":\"WebSite\",\"@id\":\"https:\\\/\\\/wezaj.pl\\\/#website\",\"url\":\"https:\\\/\\\/wezaj.pl\\\/\",\"name\":\"O\u015brodek Wypoczynkowy WEZAJ\",\"description\":\"\",\"potentialAction\":[{\"@type\":\"SearchAction\",\"target\":{\"@type\":\"EntryPoint\",\"urlTemplate\":\"https:\\\/\\\/wezaj.pl\\\/?s={search_term_string}\"},\"query-input\":{\"@type\":\"PropertyValueSpecification\",\"valueRequired\":true,\"valueName\":\"search_term_string\"}}],\"inLanguage\":\"de\"}]}<\/script>\n<!-- \/ Yoast SEO plugin. -->","yoast_head_json":{"title":"Kontakt - O\u015brodek Wypoczynkowy WEZAJ","robots":{"index":"index","follow":"follow","max-snippet":"max-snippet:-1","max-image-preview":"max-image-preview:large","max-video-preview":"max-video-preview:-1"},"canonical":"https:\/\/wezaj.pl\/de\/kontakt\/","og_locale":"de_DE","og_type":"article","og_title":"Kontakt - O\u015brodek Wypoczynkowy WEZAJ","og_description":"[vc_row equal_height=&#8220;yes&#8220; css=&#8220;.vc_custom_1592161399979{background-color: #e3e3e3 !important;}&#8220;][vc_column width=&#8220;1\/2&#8243; css=&#8220;.vc_custom_1592161767550{padding-top: 0px !important;padding-right: 0px !important;padding-left: 0px !important;}&#8220;][vc_single_image image=&#8220;210&#8243; img_size=&#8220;full&#8220; css=&#8220;.vc_custom_1592161816158{margin-bottom: 0px !important;}&#8220;][\/vc_column][vc_column width=&#8220;1\/2&#8243;][vc_column_text css=&#8220;.vc_custom_1740557126142{padding-right: 5% !important;padding-left: 5% !important;}&#8220; el_class=&#8220;kontakt-line&#8220;] O\u015brodek Wypoczynkowy WEZAJ Zatom Nowy 18B k\/ Sierakowa 64-400 Mi\u0119dzych\u00f3d, woj. wielkopolskie tel. +48 95 748 99 66 kom. +48 695 694 040 rezerwacja@wezaj.pl Numer konta: PL 63 1090 1388 [&hellip;]","og_url":"https:\/\/wezaj.pl\/de\/kontakt\/","og_site_name":"O\u015brodek Wypoczynkowy WEZAJ","article_modified_time":"2025-02-26T08:05:30+00:00","twitter_card":"summary_large_image","twitter_misc":{"Gesch\u00e4tzte Lesezeit":"1\u00a0Minute"},"schema":{"@context":"https:\/\/schema.org","@graph":[{"@type":"WebPage","@id":"https:\/\/wezaj.pl\/de\/kontakt\/","url":"https:\/\/wezaj.pl\/de\/kontakt\/","name":"Kontakt - O\u015brodek Wypoczynkowy WEZAJ","isPartOf":{"@id":"https:\/\/wezaj.pl\/#website"},"datePublished":"2020-06-14T18:07:01+00:00","dateModified":"2025-02-26T08:05:30+00:00","breadcrumb":{"@id":"https:\/\/wezaj.pl\/de\/kontakt\/#breadcrumb"},"inLanguage":"de","potentialAction":[{"@type":"ReadAction","target":["https:\/\/wezaj.pl\/de\/kontakt\/"]}]},{"@type":"BreadcrumbList","@id":"https:\/\/wezaj.pl\/de\/kontakt\/#breadcrumb","itemListElement":[{"@type":"ListItem","position":1,"name":"Strona g\u0142\u00f3wna","item":"https:\/\/wezaj.pl\/de\/strona-glowna-de\/"},{"@type":"ListItem","position":2,"name":"Kontakt"}]},{"@type":"WebSite","@id":"https:\/\/wezaj.pl\/#website","url":"https:\/\/wezaj.pl\/","name":"O\u015brodek Wypoczynkowy WEZAJ","description":"","potentialAction":[{"@type":"SearchAction","target":{"@type":"EntryPoint","urlTemplate":"https:\/\/wezaj.pl\/?s={search_term_string}"},"query-input":{"@type":"PropertyValueSpecification","valueRequired":true,"valueName":"search_term_string"}}],"inLanguage":"de"}]}},"_links":{"self":[{"href":"https:\/\/wezaj.pl\/de\/wp-json\/wp\/v2\/pages\/166","targetHints":{"allow":["GET"]}}],"collection":[{"href":"https:\/\/wezaj.pl\/de\/wp-json\/wp\/v2\/pages"}],"about":[{"href":"https:\/\/wezaj.pl\/de\/wp-json\/wp\/v2\/types\/page"}],"author":[{"embeddable":true,"href":"https:\/\/wezaj.pl\/de\/wp-json\/wp\/v2\/users\/1"}],"replies":[{"embeddable":true,"href":"https:\/\/wezaj.pl\/de\/wp-json\/wp\/v2\/comments?post=166"}],"version-history":[{"count":1,"href":"https:\/\/wezaj.pl\/de\/wp-json\/wp\/v2\/pages\/166\/revisions"}],"predecessor-version":[{"id":1569,"href":"https:\/\/wezaj.pl\/de\/wp-json\/wp\/v2\/pages\/166\/revisions\/1569"}],"wp:attachment":[{"href":"https:\/\/wezaj.pl\/de\/wp-json\/wp\/v2\/media?parent=166"}],"curies":[{"name":"wp","href":"https:\/\/api.w.org\/{rel}","templated":true}]}}