{"id":164,"date":"2020-06-14T20:06:06","date_gmt":"2020-06-14T18:06:06","guid":{"rendered":"https:\/\/test.wezaj.pl\/?page_id=164"},"modified":"2020-06-23T16:50:49","modified_gmt":"2020-06-23T14:50:49","slug":"ueber-uns","status":"publish","type":"page","link":"https:\/\/wezaj.pl\/de\/ueber-uns\/","title":{"rendered":"\u00dcber uns"},"content":{"rendered":"<div class=\"wpb-content-wrapper\"><p>[vc_row][vc_column width=&#8220;1\/6&#8243;][\/vc_column][vc_column width=&#8220;2\/3&#8243;][vc_column_text]<\/p>\n<h2 style=\"text-align: center;\"><span class=\"header-page-title\">Gelungene Erholung<br \/>\nim Urwald von Notec<\/span><\/h2>\n<p style=\"text-align: center;\"><img loading=\"lazy\" decoding=\"async\" id=\"videocover-img\" class=\"size-full wp-image-59 aligncenter\" src=\"https:\/\/wezaj.pl\/wp-content\/uploads\/2020\/06\/movie-pl.jpg\" alt=\"\" width=\"714\" height=\"535\" \/><\/p>\n<div class=\"movie\" style=\"text-align: center;\">\n<p><video id=\"moviebox\" controls=\"controls\" width=\"714\" height=\"400\"><source src=\"https:\/\/wezaj.pl\/wp-content\/uploads\/2020\/06\/10000000_1659552834198097_563955769506532341_n.mp4\" type=\"video\/mp4\" \/>&nbsp;<\/video><\/p>\n<\/div>\n<p>[\/vc_column_text][\/vc_column][vc_column width=&#8220;1\/6&#8243;][\/vc_column][\/vc_row][vc_row][vc_column width=&#8220;1\/2&#8243;][vc_column_text]Wir \u00f6ffneten die Ferienanlage WEZAJ im Juli 2011. Von Anfang an wollten wir, damit dieser Ort besonders, ideal f\u00fcr Familienerholung, im Gr\u00fcnen weitab vom Stadtl\u00e4rm war. WEZAJ ist ein Komplex von komfortablen, ganzj\u00e4hrigen Ferienh\u00e4usern, die so\u00a0 gestaltet wurden, damit sie nat\u00fcrlich in die Landschaftumgebung eingepasst wurden. Die Ferienanlage befindet sich in Zatom Nowy \u2013 am Landrand, im malerischen Wartatal, an der Grenze des\u00a0 Naturparks von Sierak\u00f3w, des Landes der 100 Seen und der pilzreichen W\u00e4ldern, im Herz der Urwaldes \u201ePuszcza Notecka\u201c.\u00a0[\/vc_column_text][\/vc_column][vc_column width=&#8220;1\/2&#8243;][vc_column_text el_class=&#8220;box-paddigleft&#8220;]<\/p>\n<h2><span class=\"heading-top-line\">Ideal f\u00fcr Familienerholung<\/span><\/h2>\n<p>[\/vc_column_text][\/vc_column][\/vc_row][vc_row][vc_column][vc_images_carousel images=&#8220;193,698&#8243; img_size=&#8220;full&#8220;][\/vc_column][\/vc_row][vc_row][vc_column][vc_column_text]Die Ferienh\u00e4user haben Apartmentcharakter und platzieren sich in den leer stehenden Geb\u00e4uden, die gesamt die Pl\u00e4tze f\u00fcr 60 Personen haben. Jedes Apartment hat einen separaten Eingang und eine gro\u00dfe Terrasse, und ist identisch m\u00f6bliert.<\/p>\n<p>In jedem Apartment befindet sich ein ger\u00e4umiges Wohnzimmer mit einem Kamine,\u00a0 eine voll ausgestattete Kochecke, ein Bad mit Dusche und zwei Schlafzimmer, die im Dachgeschoss sind. In jedem Apartment k\u00f6nnen wir bequem 5 Personen einquartieren, und besonders sind die Kinder von uns gern gesehen, f\u00fcr denen wir in manchen \u201eH\u00e4uschen\u201c Spielzimmer bauteten.[\/vc_column_text][\/vc_column][\/vc_row][vc_row][vc_column width=&#8220;1\/2&#8243;][vc_single_image image=&#8220;192&#8243; img_size=&#8220;full&#8220;][\/vc_column][vc_column width=&#8220;1\/2&#8243;][vc_column_text]<\/p>\n<h2><span class=\"heading-top-line\">\u201eEin verzauberter Garten\u201c<br \/>\nein einzigartiger Spielplatz<br \/>\nin der Umgebung f\u00fcr die Kinder.<\/span><\/h2>\n<p>Mit R\u00fccksicht auf die j\u00fcngesten G\u00e4sten wurde im Gel\u00e4nde unserer Ferienanlage \u201eein verzauberter Garten\u201c entstanden,\u00a0 ein einzigartiger Spielplatz in der Umgebung f\u00fcr die Kinder . Der ganze \u201everzauberte Garten\u201c ist mit weichem Sand bestreut. Er bergt viele Attraktionen in sich, von Schaukeln durch Rutschen und zwei gro\u00dfen Trampoline. In der Sommersaison f\u00fchren wir spezielle Spiele mit einem Freizeitanimateur durch, der uns zweimal in der Woche besucht. Sowohl die \u00e4lteren Kinder als auch die Erwachsene k\u00f6nnen z.B. einen Volleyballplatz, einen Tischtennis oder ein Freilichtschachspiel nutzen, und am Abend zusammen am Lagerfeuer sitzen.[\/vc_column_text][\/vc_column][\/vc_row][vc_row][vc_column][vc_column_text]In unmittelbarer N\u00e4he von der Ferienanlage befindet sich eine Pferdezucht, wo man z.B.\u00a0 mit einer Britschka fahren kann. Es gibt die M\u00f6glichkeit, um eine Paddeltour und eine Amphibienfahrzeugfahr zu organisieren. Zur Verf\u00fcgung unserer G\u00e4ste ist auch ein Kammerstrand am Barlinsee. Um dorthin anzukommen, braucht man ca 15 Minuten zu Fu\u00df.\u00a0 Dazu sind in der N\u00e4he vieleTouristenpfade und Radpfade, die zu sehr interessanten Orten f\u00fchren, wie z.B. zu 7\u00a0 Landschaftsschutzgebieten, zum Aussichtsturm, zum Gehege von Wasserb\u00fcffel, zu Ruine der Grube und zu vielen anderen.<\/p>\n<p>Alle unsere G\u00e4ste k\u00f6nnen Internet\/WLAN kostenlos nutzen. Das ganze Gel\u00e4nde ist abgeschlossen und \u00fcberwacht. Wir haben auch einen eigenen Parkplatz und eine Rezeption, wo immer zur Verf\u00fcgung unserer G\u00e4ste\u00a0 unser Personal ist, das bei jeder Angelegenheit hilft und das sich darum k\u00fcmmert, damit der Aufenthalt in WEZAJ sehr gelungen ist.<\/p>\n<p>Die ganze Zeit bem\u00fchen wir uns unsere Dienstleistungen zu verbessern und sorgen, damit unsere Kunden sich wohl und ungew\u00f6hnlich f\u00fchlen. Unsere Arbeit und volle Hingabe sch\u00e4tzten Branchenprofi richtig ein. Die erkennen uns ein Zertifikat \u201e Der goldene Standard in der Kundenbetreuung\u201d [Z\u0142oty Standard w obs\u0142udze Klienta] im Rahmen des von Agentur der Regionalentwicklung [Agencja Rozwoju Lokalnego S.A. ] geleiteten\u00a0 Projektes\u00a0 zu. Wir sind auch Preistr\u00e4ger von der gesamtpolnischen Kampagne \u201eDas Hotel, das die Familie freundlich ist\u201c [Hotel Przyjazny Rodzinie\u201c], die die Ferienanlagen auszeichnet, die speziell f\u00fcr Familienaufenthalt vorbereitet sind. Wir freuen uns sehr \u00fcber die Preise, denn die Zufriedenheit unserer G\u00e4ste hat f\u00fcr uns gro\u00dfe Bedetung.[\/vc_column_text][\/vc_column][\/vc_row]<\/p>\n<\/div>","protected":false},"excerpt":{"rendered":"<p>[vc_row][vc_column width=&#8220;1\/6&#8243;][\/vc_column][vc_column width=&#8220;2\/3&#8243;][vc_column_text] Gelungene Erholung im Urwald von Notec &nbsp; [\/vc_column_text][\/vc_column][vc_column width=&#8220;1\/6&#8243;][\/vc_column][\/vc_row][vc_row][vc_column width=&#8220;1\/2&#8243;][vc_column_text]Wir \u00f6ffneten die Ferienanlage WEZAJ im Juli 2011. Von Anfang an wollten wir, damit dieser Ort besonders, ideal f\u00fcr Familienerholung, im Gr\u00fcnen weitab vom Stadtl\u00e4rm war. WEZAJ ist ein Komplex von komfortablen, ganzj\u00e4hrigen Ferienh\u00e4usern, die so\u00a0 gestaltet wurden, damit sie nat\u00fcrlich in die [&hellip;]<\/p>\n","protected":false},"author":1,"featured_media":0,"parent":0,"menu_order":17,"comment_status":"closed","ping_status":"closed","template":"","meta":{"_acf_changed":false,"footnotes":""},"class_list":["post-164","page","type-page","status-publish","hentry"],"acf":[],"yoast_head":"<!-- This site is optimized with the Yoast SEO plugin v27.4 - https:\/\/yoast.com\/product\/yoast-seo-wordpress\/ -->\n<title>\u00dcber uns - O\u015brodek Wypoczynkowy WEZAJ<\/title>\n<meta name=\"robots\" content=\"index, follow, max-snippet:-1, max-image-preview:large, max-video-preview:-1\" \/>\n<link rel=\"canonical\" href=\"https:\/\/wezaj.pl\/de\/ueber-uns\/\" \/>\n<meta property=\"og:locale\" content=\"de_DE\" \/>\n<meta property=\"og:type\" content=\"article\" \/>\n<meta property=\"og:title\" content=\"\u00dcber uns - O\u015brodek Wypoczynkowy WEZAJ\" \/>\n<meta property=\"og:description\" content=\"[vc_row][vc_column width=&#8220;1\/6&#8243;][\/vc_column][vc_column width=&#8220;2\/3&#8243;][vc_column_text] Gelungene Erholung im Urwald von Notec &nbsp; [\/vc_column_text][\/vc_column][vc_column width=&#8220;1\/6&#8243;][\/vc_column][\/vc_row][vc_row][vc_column width=&#8220;1\/2&#8243;][vc_column_text]Wir \u00f6ffneten die Ferienanlage WEZAJ im Juli 2011. Von Anfang an wollten wir, damit dieser Ort besonders, ideal f\u00fcr Familienerholung, im Gr\u00fcnen weitab vom Stadtl\u00e4rm war. WEZAJ ist ein Komplex von komfortablen, ganzj\u00e4hrigen Ferienh\u00e4usern, die so\u00a0 gestaltet wurden, damit sie nat\u00fcrlich in die [&hellip;]\" \/>\n<meta property=\"og:url\" content=\"https:\/\/wezaj.pl\/de\/ueber-uns\/\" \/>\n<meta property=\"og:site_name\" content=\"O\u015brodek Wypoczynkowy WEZAJ\" \/>\n<meta property=\"article:modified_time\" content=\"2020-06-23T14:50:49+00:00\" \/>\n<meta property=\"og:image\" content=\"https:\/\/test.wezaj.pl\/wp-content\/uploads\/2020\/06\/movie-pl.jpg\" \/>\n<meta name=\"twitter:card\" content=\"summary_large_image\" \/>\n<meta name=\"twitter:label1\" content=\"Gesch\u00e4tzte Lesezeit\" \/>\n\t<meta name=\"twitter:data1\" content=\"3\u00a0Minuten\" \/>\n<script type=\"application\/ld+json\" class=\"yoast-schema-graph\">{\"@context\":\"https:\\\/\\\/schema.org\",\"@graph\":[{\"@type\":\"WebPage\",\"@id\":\"https:\\\/\\\/wezaj.pl\\\/de\\\/ueber-uns\\\/\",\"url\":\"https:\\\/\\\/wezaj.pl\\\/de\\\/ueber-uns\\\/\",\"name\":\"\u00dcber uns - O\u015brodek Wypoczynkowy WEZAJ\",\"isPartOf\":{\"@id\":\"https:\\\/\\\/wezaj.pl\\\/#website\"},\"primaryImageOfPage\":{\"@id\":\"https:\\\/\\\/wezaj.pl\\\/de\\\/ueber-uns\\\/#primaryimage\"},\"image\":{\"@id\":\"https:\\\/\\\/wezaj.pl\\\/de\\\/ueber-uns\\\/#primaryimage\"},\"thumbnailUrl\":\"https:\\\/\\\/wezaj.pl\\\/wp-content\\\/uploads\\\/2020\\\/06\\\/movie-pl.jpg\",\"datePublished\":\"2020-06-14T18:06:06+00:00\",\"dateModified\":\"2020-06-23T14:50:49+00:00\",\"breadcrumb\":{\"@id\":\"https:\\\/\\\/wezaj.pl\\\/de\\\/ueber-uns\\\/#breadcrumb\"},\"inLanguage\":\"de\",\"potentialAction\":[{\"@type\":\"ReadAction\",\"target\":[\"https:\\\/\\\/wezaj.pl\\\/de\\\/ueber-uns\\\/\"]}]},{\"@type\":\"ImageObject\",\"inLanguage\":\"de\",\"@id\":\"https:\\\/\\\/wezaj.pl\\\/de\\\/ueber-uns\\\/#primaryimage\",\"url\":\"https:\\\/\\\/wezaj.pl\\\/wp-content\\\/uploads\\\/2020\\\/06\\\/movie-pl.jpg\",\"contentUrl\":\"https:\\\/\\\/wezaj.pl\\\/wp-content\\\/uploads\\\/2020\\\/06\\\/movie-pl.jpg\"},{\"@type\":\"BreadcrumbList\",\"@id\":\"https:\\\/\\\/wezaj.pl\\\/de\\\/ueber-uns\\\/#breadcrumb\",\"itemListElement\":[{\"@type\":\"ListItem\",\"position\":1,\"name\":\"Strona g\u0142\u00f3wna\",\"item\":\"https:\\\/\\\/wezaj.pl\\\/de\\\/strona-glowna-de\\\/\"},{\"@type\":\"ListItem\",\"position\":2,\"name\":\"\u00dcber uns\"}]},{\"@type\":\"WebSite\",\"@id\":\"https:\\\/\\\/wezaj.pl\\\/#website\",\"url\":\"https:\\\/\\\/wezaj.pl\\\/\",\"name\":\"O\u015brodek Wypoczynkowy WEZAJ\",\"description\":\"\",\"potentialAction\":[{\"@type\":\"SearchAction\",\"target\":{\"@type\":\"EntryPoint\",\"urlTemplate\":\"https:\\\/\\\/wezaj.pl\\\/?s={search_term_string}\"},\"query-input\":{\"@type\":\"PropertyValueSpecification\",\"valueRequired\":true,\"valueName\":\"search_term_string\"}}],\"inLanguage\":\"de\"}]}<\/script>\n<!-- \/ Yoast SEO plugin. -->","yoast_head_json":{"title":"\u00dcber uns - O\u015brodek Wypoczynkowy WEZAJ","robots":{"index":"index","follow":"follow","max-snippet":"max-snippet:-1","max-image-preview":"max-image-preview:large","max-video-preview":"max-video-preview:-1"},"canonical":"https:\/\/wezaj.pl\/de\/ueber-uns\/","og_locale":"de_DE","og_type":"article","og_title":"\u00dcber uns - O\u015brodek Wypoczynkowy WEZAJ","og_description":"[vc_row][vc_column width=&#8220;1\/6&#8243;][\/vc_column][vc_column width=&#8220;2\/3&#8243;][vc_column_text] Gelungene Erholung im Urwald von Notec &nbsp; [\/vc_column_text][\/vc_column][vc_column width=&#8220;1\/6&#8243;][\/vc_column][\/vc_row][vc_row][vc_column width=&#8220;1\/2&#8243;][vc_column_text]Wir \u00f6ffneten die Ferienanlage WEZAJ im Juli 2011. Von Anfang an wollten wir, damit dieser Ort besonders, ideal f\u00fcr Familienerholung, im Gr\u00fcnen weitab vom Stadtl\u00e4rm war. WEZAJ ist ein Komplex von komfortablen, ganzj\u00e4hrigen Ferienh\u00e4usern, die so\u00a0 gestaltet wurden, damit sie nat\u00fcrlich in die [&hellip;]","og_url":"https:\/\/wezaj.pl\/de\/ueber-uns\/","og_site_name":"O\u015brodek Wypoczynkowy WEZAJ","article_modified_time":"2020-06-23T14:50:49+00:00","og_image":[{"url":"https:\/\/test.wezaj.pl\/wp-content\/uploads\/2020\/06\/movie-pl.jpg","type":"","width":"","height":""}],"twitter_card":"summary_large_image","twitter_misc":{"Gesch\u00e4tzte Lesezeit":"3\u00a0Minuten"},"schema":{"@context":"https:\/\/schema.org","@graph":[{"@type":"WebPage","@id":"https:\/\/wezaj.pl\/de\/ueber-uns\/","url":"https:\/\/wezaj.pl\/de\/ueber-uns\/","name":"\u00dcber uns - O\u015brodek Wypoczynkowy WEZAJ","isPartOf":{"@id":"https:\/\/wezaj.pl\/#website"},"primaryImageOfPage":{"@id":"https:\/\/wezaj.pl\/de\/ueber-uns\/#primaryimage"},"image":{"@id":"https:\/\/wezaj.pl\/de\/ueber-uns\/#primaryimage"},"thumbnailUrl":"https:\/\/wezaj.pl\/wp-content\/uploads\/2020\/06\/movie-pl.jpg","datePublished":"2020-06-14T18:06:06+00:00","dateModified":"2020-06-23T14:50:49+00:00","breadcrumb":{"@id":"https:\/\/wezaj.pl\/de\/ueber-uns\/#breadcrumb"},"inLanguage":"de","potentialAction":[{"@type":"ReadAction","target":["https:\/\/wezaj.pl\/de\/ueber-uns\/"]}]},{"@type":"ImageObject","inLanguage":"de","@id":"https:\/\/wezaj.pl\/de\/ueber-uns\/#primaryimage","url":"https:\/\/wezaj.pl\/wp-content\/uploads\/2020\/06\/movie-pl.jpg","contentUrl":"https:\/\/wezaj.pl\/wp-content\/uploads\/2020\/06\/movie-pl.jpg"},{"@type":"BreadcrumbList","@id":"https:\/\/wezaj.pl\/de\/ueber-uns\/#breadcrumb","itemListElement":[{"@type":"ListItem","position":1,"name":"Strona g\u0142\u00f3wna","item":"https:\/\/wezaj.pl\/de\/strona-glowna-de\/"},{"@type":"ListItem","position":2,"name":"\u00dcber uns"}]},{"@type":"WebSite","@id":"https:\/\/wezaj.pl\/#website","url":"https:\/\/wezaj.pl\/","name":"O\u015brodek Wypoczynkowy WEZAJ","description":"","potentialAction":[{"@type":"SearchAction","target":{"@type":"EntryPoint","urlTemplate":"https:\/\/wezaj.pl\/?s={search_term_string}"},"query-input":{"@type":"PropertyValueSpecification","valueRequired":true,"valueName":"search_term_string"}}],"inLanguage":"de"}]}},"_links":{"self":[{"href":"https:\/\/wezaj.pl\/de\/wp-json\/wp\/v2\/pages\/164","targetHints":{"allow":["GET"]}}],"collection":[{"href":"https:\/\/wezaj.pl\/de\/wp-json\/wp\/v2\/pages"}],"about":[{"href":"https:\/\/wezaj.pl\/de\/wp-json\/wp\/v2\/types\/page"}],"author":[{"embeddable":true,"href":"https:\/\/wezaj.pl\/de\/wp-json\/wp\/v2\/users\/1"}],"replies":[{"embeddable":true,"href":"https:\/\/wezaj.pl\/de\/wp-json\/wp\/v2\/comments?post=164"}],"version-history":[{"count":0,"href":"https:\/\/wezaj.pl\/de\/wp-json\/wp\/v2\/pages\/164\/revisions"}],"wp:attachment":[{"href":"https:\/\/wezaj.pl\/de\/wp-json\/wp\/v2\/media?parent=164"}],"curies":[{"name":"wp","href":"https:\/\/api.w.org\/{rel}","templated":true}]}}